{"id":2780,"date":"2023-12-04T13:33:46","date_gmt":"2023-12-04T16:33:46","guid":{"rendered":"https:\/\/www.medideal.com.br\/?post_type=product&#038;p=2780"},"modified":"2024-01-18T14:58:54","modified_gmt":"2024-01-18T17:58:54","slug":"sigvaris-972-meia-calca-normal","status":"publish","type":"product","link":"https:\/\/www.medideal.com.br\/en\/sigvaris-972-meia-calca-normal\/","title":{"rendered":"Sigvaris 972 Meia Cal\u00e7a Normal"},"content":{"rendered":"<p>Proteja suas pernas sempre com a Meia Cal\u00e7a Basic 972 AT 20-30 mmHg Sigvaris Bege. Meia cal\u00e7a medicinal e unissex, ela \u00e9 confeccionada com uma avan\u00e7ada tecnologia, que permite uma melhor suavidade no contato com a pele, al\u00e9m de proporcionar conforto para o dia a dia.<\/p>\n<p>Justamente por isso que a Meia Cal\u00e7a Basic Sigvaris \u00e9 extremamente eficaz para o tratamento de doen\u00e7as venosas e linf\u00e1ticas com manifesta\u00e7\u00f5es leves, moderadas e graves.<\/p>\n<p>Outras caracter\u00edsticas importantes que esse produto para cuidados com o corpo possui \u00e9 uma grande facilidade no calce, ponteira aberta, calcanhar anat\u00f4mico e refor\u00e7ado e grau de compress\u00e3o de 20-30 mmHg, sendo o produto perfeito para aplicar em varizes e pernas cansadas.<\/p>\n<p>Como saber o tamanho de sua meia Sigvaris (veja abaixo ou consulte imagem):<br \/>\nPara Tamanho:<br \/>\nMedir a circunfer\u00eancia 2 dedos acima do Mal\u00e9olo (osso do Tornozelo) , medir a circunfer\u00eancia da panturrilha na parte mais larga e medir a circunfer\u00eancia da coxa:<br \/>\n<strong>&#8211; P:<\/strong> Tornozelo 18 a 22 cm, panturrilha 30 a 38 cm e coxa 46 a 60 cm.<br \/>\n<strong>&#8211; M:<\/strong> Tornozelo 22 a 26 cm, panturrilha 34 a 42 cm e coxa 53 a 68 cm.<br \/>\n<strong>&#8211; G:<\/strong> Tornozelo 26 a 30 cm, panturrilha 39 a 47 cm e coxa 60 a 76 cm.<\/p>\n<p>Para Altura:<br \/>\n(medir a altura da Perna do calcanhar, rente ao ch\u00e3o, at\u00e9 altura do in\u00edcio da regi\u00e3o gl\u00fatea, por tr\u00e1s da perna).<br \/>\n<strong>&#8211; Normal:<\/strong> Altura Perna at\u00e9 70 cm.<br \/>\n<strong>&#8211; Longa:<\/strong> Altura Perna acima de 70.<\/p>","protected":false},"excerpt":{"rendered":"<p>Proteja suas pernas sempre com a Meia Cal\u00e7a Basic 972 AT 20-30 mmHg Sigvaris Bege. Meia cal\u00e7a medicinal e unissex, ela \u00e9 confeccionada com uma avan\u00e7ada tecnologia, que permite uma melhor suavidade no contato com a pele, al\u00e9m de proporcionar conforto para o dia a dia.<\/p>","protected":false},"featured_media":2781,"comment_status":"closed","ping_status":"closed","template":"","meta":{"_joinchat":[]},"product_brand":[],"product_cat":[34],"product_tag":[],"class_list":{"0":"post-2780","1":"product","2":"type-product","3":"status-publish","4":"has-post-thumbnail","6":"product_cat-meias-de-compressao","8":"first","9":"instock","10":"shipping-taxable","11":"purchasable","12":"product-type-variable"},"_links":{"self":[{"href":"https:\/\/www.medideal.com.br\/en\/wp-json\/wp\/v2\/product\/2780","targetHints":{"allow":["GET"]}}],"collection":[{"href":"https:\/\/www.medideal.com.br\/en\/wp-json\/wp\/v2\/product"}],"about":[{"href":"https:\/\/www.medideal.com.br\/en\/wp-json\/wp\/v2\/types\/product"}],"replies":[{"embeddable":true,"href":"https:\/\/www.medideal.com.br\/en\/wp-json\/wp\/v2\/comments?post=2780"}],"wp:featuredmedia":[{"embeddable":true,"href":"https:\/\/www.medideal.com.br\/en\/wp-json\/wp\/v2\/media\/2781"}],"wp:attachment":[{"href":"https:\/\/www.medideal.com.br\/en\/wp-json\/wp\/v2\/media?parent=2780"}],"wp:term":[{"taxonomy":"product_brand","embeddable":true,"href":"https:\/\/www.medideal.com.br\/en\/wp-json\/wp\/v2\/product_brand?post=2780"},{"taxonomy":"product_cat","embeddable":true,"href":"https:\/\/www.medideal.com.br\/en\/wp-json\/wp\/v2\/product_cat?post=2780"},{"taxonomy":"product_tag","embeddable":true,"href":"https:\/\/www.medideal.com.br\/en\/wp-json\/wp\/v2\/product_tag?post=2780"}],"curies":[{"name":"wp","href":"https:\/\/api.w.org\/{rel}","templated":true}]}}