{"id":2770,"date":"2023-12-04T13:29:09","date_gmt":"2023-12-04T16:29:09","guid":{"rendered":"https:\/\/www.medideal.com.br\/?post_type=product&#038;p=2770"},"modified":"2024-01-18T14:57:26","modified_gmt":"2024-01-18T17:57:26","slug":"sigvaris-972-meia-coxa-normal-7-8","status":"publish","type":"product","link":"https:\/\/www.medideal.com.br\/en\/sigvaris-972-meia-coxa-normal-7-8\/","title":{"rendered":"Sigvaris 972 Meia Coxa Normal 7\/8"},"content":{"rendered":"<p>Cuide bem das suas pernas com a Meia Coxa Basic AF 972 20-30 MmHg da Sigvaris Bege. Meia medicinal e unissex, esse produto para sa\u00fade \u00e9 confeccionado com tecnologia avan\u00e7ada, que permite uma melhor suavidade no contato com a pele, al\u00e9m de proporcionar conforto no dia a dia. Eficaz, ela permite o tratamento de doen\u00e7as venosas e linf\u00e1ticas com manifesta\u00e7\u00f5es leves, moderadas e graves.<\/p>\n<p>&#8211; Facilidade ao cal\u00e7ar<br \/>\n&#8211; Ponteira aberta<br \/>\n&#8211; Calcanhar anat\u00f4mico e refor\u00e7ado<br \/>\n&#8211; Grau de compress\u00e3o: 20-30 mmHg<br \/>\n&#8211; Aplica\u00e7\u00f5es: Varizes, Pernas Cansadas<\/p>\n<p>Como saber o tamanho de sua meia Sigvaris (veja abaixo ou consulte imagem):<br \/>\nPara Tamanho:<br \/>\nMedir a circunfer\u00eancia 2 dedos acima do Mal\u00e9olo (osso do Tornozelo) , medir a circunfer\u00eancia da panturrilha na parte mais larga e medir a circunfer\u00eancia da coxa:<br \/>\n<strong>&#8211; P:<\/strong> Tornozelo 18 a 22 cm, panturrilha 30 a 38 cm e coxa 46 a 60 cm.<br \/>\n<strong>&#8211; M:<\/strong> Tornozelo 22 a 26 cm, panturrilha 34 a 42 cm e coxa 53 a 68 cm.<br \/>\n<strong>&#8211; G:<\/strong> Tornozelo 26 a 30 cm, panturrilha 39 a 47 cm e coxa 60 a 76 cm.<\/p>\n<p>Para Altura:<br \/>\n(medir a altura da Perna do calcanhar, rente ao ch\u00e3o, at\u00e9 altura do in\u00edcio da regi\u00e3o gl\u00fatea, por tr\u00e1s da perna).<br \/>\n<strong>&#8211; Normal:<\/strong> Altura Perna at\u00e9 70 cm.<br \/>\n<strong>&#8211; Longa:<\/strong> Altura Perna acima de 70.<\/p>","protected":false},"excerpt":{"rendered":"<p>Cuide bem das suas pernas com a Meia Coxa Basic AF 972 20-30 MmHg da Sigvaris Bege. Meia medicinal e unissex, esse produto para sa\u00fade \u00e9 confeccionado com tecnologia avan\u00e7ada, que permite uma melhor suavidade no contato com a pele, al\u00e9m de proporcionar conforto no dia a dia. Eficaz, ela permite o tratamento de doen\u00e7as venosas e linf\u00e1ticas com manifesta\u00e7\u00f5es leves, moderadas e graves.<\/p>","protected":false},"featured_media":2772,"comment_status":"open","ping_status":"closed","template":"","meta":{"_joinchat":[]},"product_brand":[],"product_cat":[34],"product_tag":[],"class_list":{"0":"post-2770","1":"product","2":"type-product","3":"status-publish","4":"has-post-thumbnail","6":"product_cat-meias-de-compressao","8":"first","9":"instock","10":"shipping-taxable","11":"purchasable","12":"product-type-variable"},"_links":{"self":[{"href":"https:\/\/www.medideal.com.br\/en\/wp-json\/wp\/v2\/product\/2770","targetHints":{"allow":["GET"]}}],"collection":[{"href":"https:\/\/www.medideal.com.br\/en\/wp-json\/wp\/v2\/product"}],"about":[{"href":"https:\/\/www.medideal.com.br\/en\/wp-json\/wp\/v2\/types\/product"}],"replies":[{"embeddable":true,"href":"https:\/\/www.medideal.com.br\/en\/wp-json\/wp\/v2\/comments?post=2770"}],"wp:featuredmedia":[{"embeddable":true,"href":"https:\/\/www.medideal.com.br\/en\/wp-json\/wp\/v2\/media\/2772"}],"wp:attachment":[{"href":"https:\/\/www.medideal.com.br\/en\/wp-json\/wp\/v2\/media?parent=2770"}],"wp:term":[{"taxonomy":"product_brand","embeddable":true,"href":"https:\/\/www.medideal.com.br\/en\/wp-json\/wp\/v2\/product_brand?post=2770"},{"taxonomy":"product_cat","embeddable":true,"href":"https:\/\/www.medideal.com.br\/en\/wp-json\/wp\/v2\/product_cat?post=2770"},{"taxonomy":"product_tag","embeddable":true,"href":"https:\/\/www.medideal.com.br\/en\/wp-json\/wp\/v2\/product_tag?post=2770"}],"curies":[{"name":"wp","href":"https:\/\/api.w.org\/{rel}","templated":true}]}}