{"id":2766,"date":"2023-12-04T13:24:02","date_gmt":"2023-12-04T16:24:02","guid":{"rendered":"https:\/\/www.medideal.com.br\/?post_type=product&#038;p=2766"},"modified":"2024-01-18T14:55:54","modified_gmt":"2024-01-18T17:55:54","slug":"sigvaris-972-panturrilha-longa","status":"publish","type":"product","link":"https:\/\/www.medideal.com.br\/en\/sigvaris-972-panturrilha-longa\/","title":{"rendered":"Sigvaris 972 Panturrilha Longa"},"content":{"rendered":"<p>Mantenha suas pernas sempre fortes com a Meia \u00be Panturrilha Basic 20 a 30 mmHg Sigvaris. Unissex, essa meia \u00e9 perfeita para ser utilizada nas tarefas do dia a dia, bem como o trabalho e em diversas situa\u00e7\u00f5es.<\/p>\n<p>Criada em alta tecnologia, a Meia Sigvaris para Panturrilha pode ser utilizada para tratar doen\u00e7as venosas e linf\u00e1ticas de diversos graus, do leve ao grave. O calcanhar desse item para uma vida saud\u00e1vel \u00e9 anat\u00f4mico e com a ponteira aberta, al\u00e9m de exercer uma compress\u00e3o de 20 a 30 mmHg.<\/p>\n<p>Facilidade ao cal\u00e7ar.<br \/>\nPonteira aberta.<br \/>\nCalcanhar anat\u00f4mico e refor\u00e7ado.<\/p>\n<p>Como saber o tamanho de sua meia Sigvaris (veja abaixo ou consulte imagem):<br \/>\nPara Tamanho:<br \/>\nMedir a circunfer\u00eancia 2 dedos acima do Mal\u00e9olo (osso do Tornozelo) e medir a circunfer\u00eancia da panturrilha na parte mais larga:<br \/>\n<strong>&#8211; P<\/strong>: Tornozelo 18 a 22 cm, panturrilha 30 a 38 cm.<br \/>\n<strong>&#8211; M<\/strong>: Tornozelo 22 a 26 cm, panturrilha 34 a 42 cm.<br \/>\n<strong>&#8211; G<\/strong>: Tornozelo 26 a 30 cm, panturrilha 39 a 47 cm.<\/p>\n<p>Para Altura:<br \/>\n(medir a altura da Perna do calcanhar, rente ao ch\u00e3o, at\u00e9 altura do in\u00edcio da dobra do joelho, por tr\u00e1s da perna).<br \/>\n<strong>&#8211; Normal<\/strong>: Altura Perna at\u00e9 39 cm.<br \/>\n<strong>&#8211; Longa<\/strong>: Altura Perna acima de 39 cm.<\/p>","protected":false},"excerpt":{"rendered":"<p>Criada em alta tecnologia, a Meia Sigvaris para Panturrilha pode ser utilizada para tratar doen\u00e7as venosas e linf\u00e1ticas de diversos graus, do leve ao grave. O calcanhar desse item para uma vida saud\u00e1vel \u00e9 anat\u00f4mico e com a ponteira aberta, al\u00e9m de exercer uma compress\u00e3o de 20 a 30 mmHg.<\/p>","protected":false},"featured_media":2765,"comment_status":"open","ping_status":"closed","template":"","meta":{"_joinchat":[]},"product_brand":[],"product_cat":[34],"product_tag":[],"class_list":{"0":"post-2766","1":"product","2":"type-product","3":"status-publish","4":"has-post-thumbnail","6":"product_cat-meias-de-compressao","8":"first","9":"instock","10":"shipping-taxable","11":"purchasable","12":"product-type-variable"},"_links":{"self":[{"href":"https:\/\/www.medideal.com.br\/en\/wp-json\/wp\/v2\/product\/2766","targetHints":{"allow":["GET"]}}],"collection":[{"href":"https:\/\/www.medideal.com.br\/en\/wp-json\/wp\/v2\/product"}],"about":[{"href":"https:\/\/www.medideal.com.br\/en\/wp-json\/wp\/v2\/types\/product"}],"replies":[{"embeddable":true,"href":"https:\/\/www.medideal.com.br\/en\/wp-json\/wp\/v2\/comments?post=2766"}],"wp:featuredmedia":[{"embeddable":true,"href":"https:\/\/www.medideal.com.br\/en\/wp-json\/wp\/v2\/media\/2765"}],"wp:attachment":[{"href":"https:\/\/www.medideal.com.br\/en\/wp-json\/wp\/v2\/media?parent=2766"}],"wp:term":[{"taxonomy":"product_brand","embeddable":true,"href":"https:\/\/www.medideal.com.br\/en\/wp-json\/wp\/v2\/product_brand?post=2766"},{"taxonomy":"product_cat","embeddable":true,"href":"https:\/\/www.medideal.com.br\/en\/wp-json\/wp\/v2\/product_cat?post=2766"},{"taxonomy":"product_tag","embeddable":true,"href":"https:\/\/www.medideal.com.br\/en\/wp-json\/wp\/v2\/product_tag?post=2766"}],"curies":[{"name":"wp","href":"https:\/\/api.w.org\/{rel}","templated":true}]}}