{"id":2748,"date":"2023-12-04T12:54:34","date_gmt":"2023-12-04T15:54:34","guid":{"rendered":"https:\/\/www.medideal.com.br\/?post_type=product&#038;p=2748"},"modified":"2023-12-04T12:54:34","modified_gmt":"2023-12-04T15:54:34","slug":"sigvaris-862-meia-calca-curta","status":"publish","type":"product","link":"https:\/\/www.medideal.com.br\/en\/sigvaris-862-meia-calca-curta\/","title":{"rendered":"Sigvaris 862 Meia Cal\u00e7a Curta"},"content":{"rendered":"<p>A Meia-Cal\u00e7a de Compress\u00e3o Sigvaris Select Comfort Premium AT 862 20-30 mmHg com Ponteira Aberta \u00e9 muito recomendada para auxiliar no tratamento e preven\u00e7\u00e3o de diversos casos cl\u00ednicos nas pernas.<\/p>\n<p>A Meia-Cal\u00e7a Sigvaris possui um punho menos compressivo, para deixar voc\u00ea sempre confort\u00e1vel enquanto a usa. Al\u00e9m disso, ela ainda conta banda de silicone com melhor refor\u00e7o e costura \u00fanica, tornando o seu ajuste ao corpo perfeito, e com um calcanhar mais refor\u00e7ado, anat\u00f4mico e longo. A ponteira aberta torna a meia mais arejada, aumentando o seu conforto e bem-estar. E enquanto usa a meia-cal\u00e7a, a compress\u00e3o graduada de 20-30 mmHg age melhorando a circula\u00e7\u00e3o sangu\u00ednea na regi\u00e3o das pernas.<\/p>\n<p>O material utilizado pela Meia-cal\u00e7a de compress\u00e3o possui alta elasticidade e maciez, ajustando-se com perfei\u00e7\u00e3o \u00e0s suas pernas. As meias cont\u00e9m a\u00e7\u00e3o bacteriost\u00e1tica e ainda s\u00e3o revestidas internamente com uma microfibra especial, que por serem capazes de externar o suor da pele deixam voc\u00ea com uma deliciosa sensa\u00e7\u00e3o enquanto a usa.<\/p>\n<p>Caracter\u00edsticas:<br \/>\n&#8211; Punho menos compressivo.<br \/>\n&#8211; Banda de silicone com melhor refor\u00e7o e com \u00fanica costura.<br \/>\n&#8211; O el\u00e1stico da cintura \u00e9 confeccionado pela pr\u00f3pria m\u00e1quina.<br \/>\n&#8211; Calcanhar anat\u00f4mico, refor\u00e7ado e mais longo.<br \/>\n&#8211; Excelente elasticidade.<br \/>\n&#8211; Cont\u00e9m bacteriost\u00e1tico.<\/p>\n<p>Como saber o tamanho de sua meia Sigvaris (veja abaixo ou consulte imagem):<br \/>\nPara Tamanho:<br \/>\nMedir a circunfer\u00eancia 2 dedos acima do Mal\u00e9olo (osso do Tornozelo) , medir a circunfer\u00eancia da panturrilha na parte mais larga e medir a circunfer\u00eancia da coxa:<br \/>\n<strong>\u00a0&#8211; P:<\/strong> Tornozelo 18 a 21 cm, panturrilha 28 a 35 cm e coxa 46 a 60 cm.<br \/>\n<strong>&#8211; M:<\/strong> Tornozelo 21 a 24 cm, panturrilha 32 a 39 cm e coxa 53 a 68 cm.<br \/>\n<strong>&#8211; G:<\/strong> Tornozelo 24 a 27 cm, panturrilha 36 a 43 cm e coxa 60 a 76 cm.<\/p>\n<p>Para Altura:<br \/>\n(medir a altura da Perna do calcanhar, rente ao ch\u00e3o, at\u00e9 altura do in\u00edcio da regi\u00e3o gl\u00fatea, por tr\u00e1s da perna).<br \/>\n<strong>-Curta:<\/strong> Altura Perna 50 at\u00e9 60 cm.<br \/>\n<strong>&#8211; Normal:<\/strong> Altura Perna 61 at\u00e9 70 cm.<br \/>\n<strong>&#8211; Longa:<\/strong> Altura Perna 71 at\u00e9 80 cm.<\/p>","protected":false},"excerpt":{"rendered":"<p>A Meia-Cal\u00e7a de Compress\u00e3o Sigvaris Select Comfort Premium AT 862 20-30 mmHg com Ponteira Aberta \u00e9 muito recomendada para auxiliar no tratamento e preven\u00e7\u00e3o de diversos casos cl\u00ednicos nas pernas.<\/p>","protected":false},"featured_media":2752,"comment_status":"open","ping_status":"closed","template":"","meta":{"_joinchat":[]},"product_brand":[],"product_cat":[34],"product_tag":[],"class_list":{"0":"post-2748","1":"product","2":"type-product","3":"status-publish","4":"has-post-thumbnail","6":"product_cat-meias-de-compressao","8":"first","9":"outofstock","10":"shipping-taxable","11":"purchasable","12":"product-type-variable"},"_links":{"self":[{"href":"https:\/\/www.medideal.com.br\/en\/wp-json\/wp\/v2\/product\/2748","targetHints":{"allow":["GET"]}}],"collection":[{"href":"https:\/\/www.medideal.com.br\/en\/wp-json\/wp\/v2\/product"}],"about":[{"href":"https:\/\/www.medideal.com.br\/en\/wp-json\/wp\/v2\/types\/product"}],"replies":[{"embeddable":true,"href":"https:\/\/www.medideal.com.br\/en\/wp-json\/wp\/v2\/comments?post=2748"}],"wp:featuredmedia":[{"embeddable":true,"href":"https:\/\/www.medideal.com.br\/en\/wp-json\/wp\/v2\/media\/2752"}],"wp:attachment":[{"href":"https:\/\/www.medideal.com.br\/en\/wp-json\/wp\/v2\/media?parent=2748"}],"wp:term":[{"taxonomy":"product_brand","embeddable":true,"href":"https:\/\/www.medideal.com.br\/en\/wp-json\/wp\/v2\/product_brand?post=2748"},{"taxonomy":"product_cat","embeddable":true,"href":"https:\/\/www.medideal.com.br\/en\/wp-json\/wp\/v2\/product_cat?post=2748"},{"taxonomy":"product_tag","embeddable":true,"href":"https:\/\/www.medideal.com.br\/en\/wp-json\/wp\/v2\/product_tag?post=2748"}],"curies":[{"name":"wp","href":"https:\/\/api.w.org\/{rel}","templated":true}]}}