{"id":2740,"date":"2023-12-04T12:47:05","date_gmt":"2023-12-04T15:47:05","guid":{"rendered":"https:\/\/www.medideal.com.br\/?post_type=product&#038;p=2740"},"modified":"2024-01-18T13:30:28","modified_gmt":"2024-01-18T16:30:28","slug":"sigvaris-862-meia-coxa-7-8-normal","status":"publish","type":"product","link":"https:\/\/www.medideal.com.br\/en\/sigvaris-862-meia-coxa-7-8-normal\/","title":{"rendered":"Sigvaris 862 Meia Coxa 7\/8 Normal"},"content":{"rendered":"<p>Mantenha sua perna sempre linda com a meia 7\/8 AF 862 Select Comfort Premium de m\u00e9dia compress\u00e3o e ponteira aberta Sigvaris. Revestida internamente com uma microfibra especial que transfere a umidade da pele para o meio externo, oferece uma agrad\u00e1vel sensa\u00e7\u00e3o t\u00e9rmica, al\u00e9m de tornar o produto mais sedoso, confort\u00e1vel e f\u00e1cil de cal\u00e7ar.<\/p>\n<p>A meia de compress\u00e3o Sigvaris \u00e9 totalmente indicada para pessoas que sofrem com cansa\u00e7o, sensa\u00e7\u00e3o de peso nas pernas, varizes (inclusive no per\u00edodo da gesta\u00e7\u00e3o) ou escleroterapia \u2013 o tratamento est\u00e9tico para reduzir microvasos aparentes, conhecido tamb\u00e9m como secagem de vasinhos.<\/p>\n<p>&nbsp;<\/p>\n<p>&#8211; Punho menos compressivo<\/p>\n<p>&#8211; Banda de silicone com melhor refor\u00e7o e com \u00fanica costura<\/p>\n<p>&#8211; Calcanhar anat\u00f4mico, refor\u00e7ado e mais longo<\/p>\n<p>&#8211; Excelente elasticidade<\/p>\n<p>&#8211; Cont\u00e9m bacteriost\u00e1tico, que impede a prolifera\u00e7\u00e3o de microorganismos<\/p>\n<p>&nbsp;<\/p>\n<p><strong>Para tamanho:<\/strong><\/p>\n<p>Medir a circunfer\u00eancia 2 dedos acima do Mal\u00e9olo (osso do tornozelo) , medir a circunfer\u00eancia da panturrilha na parte mais larga e medir a circunfer\u00eancia da coxa.<\/p>\n<p><strong>&#8211; P<\/strong>: Tornozelo 18 a 21 cm, panturrilha 28 a 35 cm e coxa 46 a 60 cm.<\/p>\n<p><strong>&#8211; M<\/strong>: Tornozelo 21 a 24 cm, panturrilha 32 a 39 cm e coxa 53 a 68 cm.<\/p>\n<p><strong>&#8211; G<\/strong>: Tornozelo 24 a 27 cm, panturrilha 36 a 43 cm e coxa 60 a 76 cm.<\/p>\n<p>&nbsp;<\/p>\n<p><strong>Para altura:<\/strong><\/p>\n<p>Medir a altura da perna do calcanhar, rente ao ch\u00e3o, at\u00e9 altura do in\u00edcio da regi\u00e3o gl\u00fatea, por tr\u00e1s da perna.<\/p>\n<p><strong>&#8211; Curta<\/strong>: Altura Perna 50 at\u00e9 60 cm.<\/p>\n<p><strong>&#8211; Normal<\/strong>: Altura Perna 61 at\u00e9 70 cm.<\/p>\n<p><strong>&#8211; Longa<\/strong>: Altura Perna 71 at\u00e9 80 cm.<\/p>\n<p>&nbsp;<\/p>\n<p><strong>Especifica\u00e7\u00f5es t\u00e9cnicas:<\/strong><\/p>\n<p>&#8211; Marca: Sigvaris<\/p>\n<p>&#8211; Produto: Meia 7\/8 Medicinal<\/p>\n<p>&#8211; Linha: Select Comfort<\/p>\n<p>&#8211; Modelo: AF 862<\/p>\n<p>&#8211; Compress\u00e3o: 20-30 mmHg<\/p>\n<p>&#8211; Composi\u00e7\u00e3o: 73% Poliamida e 27% Elastano<\/p>\n<p>&#8211; Ponteira Aberta<\/p>\n<p>&#8211; Cont\u00e9m: Um par<\/p>\n<p>&nbsp;<\/p>","protected":false},"excerpt":{"rendered":"<p>A meia de compress\u00e3o Sigvaris \u00e9 totalmente indicada para pessoas que sofrem com cansa\u00e7o, sensa\u00e7\u00e3o de peso nas pernas, varizes (inclusive no per\u00edodo da gesta\u00e7\u00e3o) ou escleroterapia \u2013 o tratamento est\u00e9tico para reduzir microvasos aparentes, conhecido tamb\u00e9m como secagem de vasinhos.<\/p>","protected":false},"featured_media":2732,"comment_status":"open","ping_status":"closed","template":"","meta":{"_joinchat":[]},"product_brand":[],"product_cat":[34],"product_tag":[],"class_list":{"0":"post-2740","1":"product","2":"type-product","3":"status-publish","4":"has-post-thumbnail","6":"product_cat-meias-de-compressao","8":"first","9":"instock","10":"shipping-taxable","11":"purchasable","12":"product-type-variable"},"_links":{"self":[{"href":"https:\/\/www.medideal.com.br\/en\/wp-json\/wp\/v2\/product\/2740","targetHints":{"allow":["GET"]}}],"collection":[{"href":"https:\/\/www.medideal.com.br\/en\/wp-json\/wp\/v2\/product"}],"about":[{"href":"https:\/\/www.medideal.com.br\/en\/wp-json\/wp\/v2\/types\/product"}],"replies":[{"embeddable":true,"href":"https:\/\/www.medideal.com.br\/en\/wp-json\/wp\/v2\/comments?post=2740"}],"wp:featuredmedia":[{"embeddable":true,"href":"https:\/\/www.medideal.com.br\/en\/wp-json\/wp\/v2\/media\/2732"}],"wp:attachment":[{"href":"https:\/\/www.medideal.com.br\/en\/wp-json\/wp\/v2\/media?parent=2740"}],"wp:term":[{"taxonomy":"product_brand","embeddable":true,"href":"https:\/\/www.medideal.com.br\/en\/wp-json\/wp\/v2\/product_brand?post=2740"},{"taxonomy":"product_cat","embeddable":true,"href":"https:\/\/www.medideal.com.br\/en\/wp-json\/wp\/v2\/product_cat?post=2740"},{"taxonomy":"product_tag","embeddable":true,"href":"https:\/\/www.medideal.com.br\/en\/wp-json\/wp\/v2\/product_tag?post=2740"}],"curies":[{"name":"wp","href":"https:\/\/api.w.org\/{rel}","templated":true}]}}