{"id":2711,"date":"2023-12-04T11:10:19","date_gmt":"2023-12-04T14:10:19","guid":{"rendered":"https:\/\/www.medideal.com.br\/?post_type=product&#038;p=2711"},"modified":"2023-12-04T11:16:23","modified_gmt":"2023-12-04T14:16:23","slug":"sigvaris-863-panturrilha-curta","status":"publish","type":"product","link":"https:\/\/www.medideal.com.br\/en\/sigvaris-863-panturrilha-curta\/","title":{"rendered":"Sigvaris 863 Panturrilha Curta"},"content":{"rendered":"<h3 class=\"heading-2\">DESCRI\u00c7\u00c3O<\/h3>\n<div class=\"h1 h2 h3 h4 h5 h5 p table ul dl\">\n<div class=\"productDescription\">\n<p>Mantenha sua perna sempre bem cuidada com a Meia \u00be Panturrilha Premium 30 a 40 mmHg Ponteira Aberta da Sigvaris. Encontrada com ponteira aberta, essa meia de compress\u00e3o \u00e9 o produto perfeito para o dia a dia, por conta do visual elegante e discreto que possui.<\/p>\n<p>Para isso, essa meia de compress\u00e3o \u00be \u00a0est\u00e1 dispon\u00edvel na compress\u00e3o 30 a 40 mmHg e \u00e9 confeccionada em uma moderna fibra, que deixa os p\u00e9s e pernas com uma agrad\u00e1vel sensa\u00e7\u00e3o de frescor.<\/p>\n<p>S\u00f3 quem passa muito tempo sentado ou em p\u00e9 sabe o quanto esse h\u00e1bito pode trazer problemas para a circula\u00e7\u00e3o das pernas. Como forma de facilitar o transporte do sangue de volta para o cora\u00e7\u00e3o, a Sigvaris criou essa meia compressora.<\/p>\n<p>Dispon\u00edvel em diversos tamanhos, essa meia de compress\u00e3o \u00e9 a escolha perfeita para manter o visual elegante e discreto em qualquer ocasi\u00e3o. Sua compress\u00e3o 30 a 40 mmHg facilita a transpira\u00e7\u00e3o das pernas, mantendo-as frescas mesmo nos dias mais quentes.<\/p>\n<p>Portanto, trate agora do seu cansa\u00e7o e da sensa\u00e7\u00e3o de pernas pesadas com essa meia de compress\u00e3o para varizes, que ainda conta outras grandes vantagens, como:<\/p>\n<p>&nbsp;<\/p>\n<p>&#8211; Punho menos compressivo<\/p>\n<p>&#8211; Banda de silicone com melhor refor\u00e7o e com \u00fanica costura<\/p>\n<p>&#8211; O el\u00e1stico da cintura \u00e9 confeccionado pela pr\u00f3pria m\u00e1quina<\/p>\n<p>&#8211; Calcanhar anat\u00f4mico, refor\u00e7ado e mais longo<\/p>\n<p>&#8211; Excelente elasticidade<\/p>\n<p>&#8211; Cont\u00e9m bacteriost\u00e1tico<\/p>\n<\/div>\n<\/div>\n<p>&nbsp;<\/p>\n<h3><strong>Tabela de medidas:<\/strong><\/h3>\n<p>Como saber o tamanho de sua meia Sigvaris (veja abaixo ou consulte imagem):<\/p>\n<p>Para Tamanho: Medir a circunfer\u00eancia 2 dedos acima do Mal\u00e9olo (osso do Tornozelo) e medir a circunfer\u00eancia da panturrilha na parte mais larga:<\/p>\n<p>&nbsp;<\/p>\n<p><strong>\u00a0&#8211; P<\/strong>: Tornozelo 18 a 21 cm e panturrilha 28 a 35 cm.<\/p>\n<p><strong>&#8211; M<\/strong>: Tornozelo 21 a 24 cm e panturrilha 32 a 39 cm.<\/p>\n<p><strong>&#8211; G<\/strong>: Tornozelo 24 a 27 cm e panturrilha 36 a 43 cm.<\/p>\n<p>&nbsp;<\/p>\n<p><strong>Para Altura:<\/strong>\u00a0medir a altura da Perna do calcanhar, rente ao ch\u00e3o, at\u00e9 02 dedos antes da dobra do joelho, por tr\u00e1s da perna.<\/p>\n<p><strong>&#8211; Curta:<\/strong>\u00a0Altura 29 at\u00e9 34 cm.<\/p>\n<p><strong>&#8211; Normal:<\/strong>\u00a0Altura 35 at\u00e9 40 cm.<\/p>\n<p><strong>&#8211; Longa:<\/strong>\u00a0Altura 41 at\u00e9 46 cm.<\/p>","protected":false},"excerpt":{"rendered":"<p>Mantenha sua perna sempre bem cuidada com a Meia \u00be Panturrilha Premium 30 a 40 mmHg Ponteira Aberta da Sigvaris. Encontrada com ponteira aberta, essa meia de compress\u00e3o \u00e9 o produto perfeito para o dia a dia, por conta do visual elegante e discreto que possui.<\/p>","protected":false},"featured_media":2709,"comment_status":"open","ping_status":"closed","template":"","meta":{"_joinchat":[]},"product_brand":[],"product_cat":[34],"product_tag":[],"class_list":{"0":"post-2711","1":"product","2":"type-product","3":"status-publish","4":"has-post-thumbnail","6":"product_cat-meias-de-compressao","8":"first","9":"outofstock","10":"shipping-taxable","11":"purchasable","12":"product-type-variable"},"_links":{"self":[{"href":"https:\/\/www.medideal.com.br\/en\/wp-json\/wp\/v2\/product\/2711","targetHints":{"allow":["GET"]}}],"collection":[{"href":"https:\/\/www.medideal.com.br\/en\/wp-json\/wp\/v2\/product"}],"about":[{"href":"https:\/\/www.medideal.com.br\/en\/wp-json\/wp\/v2\/types\/product"}],"replies":[{"embeddable":true,"href":"https:\/\/www.medideal.com.br\/en\/wp-json\/wp\/v2\/comments?post=2711"}],"wp:featuredmedia":[{"embeddable":true,"href":"https:\/\/www.medideal.com.br\/en\/wp-json\/wp\/v2\/media\/2709"}],"wp:attachment":[{"href":"https:\/\/www.medideal.com.br\/en\/wp-json\/wp\/v2\/media?parent=2711"}],"wp:term":[{"taxonomy":"product_brand","embeddable":true,"href":"https:\/\/www.medideal.com.br\/en\/wp-json\/wp\/v2\/product_brand?post=2711"},{"taxonomy":"product_cat","embeddable":true,"href":"https:\/\/www.medideal.com.br\/en\/wp-json\/wp\/v2\/product_cat?post=2711"},{"taxonomy":"product_tag","embeddable":true,"href":"https:\/\/www.medideal.com.br\/en\/wp-json\/wp\/v2\/product_tag?post=2711"}],"curies":[{"name":"wp","href":"https:\/\/api.w.org\/{rel}","templated":true}]}}