{"id":2699,"date":"2023-12-01T16:47:46","date_gmt":"2023-12-01T19:47:46","guid":{"rendered":"https:\/\/www.medideal.com.br\/?post_type=product&#038;p=2699"},"modified":"2024-01-18T13:13:58","modified_gmt":"2024-01-18T16:13:58","slug":"sigvaris-401e-meia-coxa","status":"publish","type":"product","link":"https:\/\/www.medideal.com.br\/en\/sigvaris-401e-meia-coxa\/","title":{"rendered":"Sigvaris 401E Meia Coxa"},"content":{"rendered":"<table id=\"productattributes\" class=\"table table-striped productattributes\">\n<tbody>\n<tr>\n<th>Indica\u00e7\u00f5es<\/th>\n<td>Indicada na preven\u00e7\u00e3o de trombose pr\u00e9, intra e p\u00f3s-operat\u00f3rio e condi\u00e7\u00f5es m\u00e9dicas que requerem repouso prolongado.<\/td>\n<\/tr>\n<tr>\n<th>Composi\u00e7\u00e3o<\/th>\n<td>77%: poliamida e 23%: elastano.<\/td>\n<\/tr>\n<tr>\n<th>Diferenciais e benef\u00edcios<\/th>\n<td>&#8211; Esterelizada em \u00d3xido de Etileno (pode ser utilizada em ato cir\u00fargico como produto est\u00e9ril);<\/p>\n<p>&#8211; Ponteira aberta;<\/p>\n<p>&#8211; Adequada aos pacientes submetidos a qualquer procedimento cir\u00fargico acima de 2 horas;<\/p>\n<p>&#8211; Possui compress\u00e3o ideal conforme a GIC (Grupo Internacional de la Compresi\u00f3n-AR), diminui a estase sangu\u00ednea e melhora o retorno venoso;<\/p>\n<p>&#8211; Uso durante a cirurgia;<\/p>\n<p>&#8211; Uso por pessoas acamadas;<\/p>\n<p>&#8211; Compress\u00e3o de 18-23mmHg;<\/p>\n<p>&#8211; Modelo 3\/4 panturrilha;<\/p>\n<p>&#8211; Calcanhar refor\u00e7ado;<\/p>\n<p>&#8211; Preven\u00e7\u00e3o da Trombose Venosa Profunda (TVP) Pr\u00e9, Intra e P\u00f3s-operat\u00f3rio;<\/p>\n<p>&#8211; Preven\u00e7\u00e3o de Tromboembolismo Pulmonar (TEP) \/ Embolia Pulmonar;<\/p>\n<p>&#8211; Condi\u00e7\u00f5es m\u00e9dicas que requerem repouso prolongado.<\/td>\n<\/tr>\n<tr>\n<th>Modo de Usar<\/th>\n<td>\n<ol>\n<li><strong><em>Modo de cal\u00e7ar<\/em><\/strong>Use luvas de borracha (luvas comuns de uso dom\u00e9stico) ao cal\u00e7ar as meias.1. Vire a meia do avesso at\u00e9 o calcanhar. Com exce\u00e7\u00e3o do p\u00e9, a meia toda deve ficar do avesso;\n<p>2. Segure o p\u00e9 da meia com os polegares, um de cada lado, e calce em seu p\u00e9 at\u00e9 o calcanhar;<\/p>\n<p>3. Desvirando aos poucos com um leve movimento para frente e para tr\u00e1s, calce a meia na perna;<\/p>\n<p>4. Instru\u00e7\u00f5es de posicionamento:<br \/>\nAD &#8211; Abaixo do joelho: Posicione a faixa aproximadamente 4 cm abaixo da dobra do joelho (N\u00c3O enrole a faixa para baixo);<br \/>\nAGH &#8211; Meia coxa de comprimento: Posicione a faixa na metade da coxa;<br \/>\nAGG &#8211; Coxa interna: Posicione a faixa aproximadamente 4 cm abaixo da virilha;<br \/>\nAT &#8211; Meia cal\u00e7a: Posicione a faixa da cal\u00e7a na cintura;<\/p>\n<p>5. As meias devem ser colocadas de forma uniforme sobre a perna. Alise o tecido em dire\u00e7\u00e3o ao seu tornozelo at\u00e9 que todas as rugas desapare\u00e7am;<\/p>\n<p>6. Distribua a meia sobre a perna de maneira uniforme.<\/p>\n<p><strong><em>Remo\u00e7\u00e3o da meia:<\/em><\/strong><\/p>\n<p>1. Segure a parte superior da meia com cuidado e des\u00e7a at\u00e9 o tornozelo, cuidando para que a meia n\u00e3o fique enrolada no tornozelo;<\/p>\n<p>2. Insira os polegares entre ela e a perna e remova-a do tornozelo;<\/p>\n<p>3. Retire a meia do p\u00e9 lentamente.<\/li>\n<\/ol>\n<\/td>\n<\/tr>\n<\/tbody>\n<\/table>","protected":false},"excerpt":{"rendered":"<p>Indicada na preven\u00e7\u00e3o de trombose pr\u00e9, intra e p\u00f3s-operat\u00f3rio e condi\u00e7\u00f5es m\u00e9dicas que requerem repouso prolongado.<\/p>","protected":false},"featured_media":2703,"comment_status":"open","ping_status":"closed","template":"","meta":{"_joinchat":[]},"product_brand":[],"product_cat":[34],"product_tag":[],"class_list":{"0":"post-2699","1":"product","2":"type-product","3":"status-publish","4":"has-post-thumbnail","6":"product_cat-meias-de-compressao","8":"first","9":"instock","10":"shipping-taxable","11":"purchasable","12":"product-type-variable"},"_links":{"self":[{"href":"https:\/\/www.medideal.com.br\/en\/wp-json\/wp\/v2\/product\/2699","targetHints":{"allow":["GET"]}}],"collection":[{"href":"https:\/\/www.medideal.com.br\/en\/wp-json\/wp\/v2\/product"}],"about":[{"href":"https:\/\/www.medideal.com.br\/en\/wp-json\/wp\/v2\/types\/product"}],"replies":[{"embeddable":true,"href":"https:\/\/www.medideal.com.br\/en\/wp-json\/wp\/v2\/comments?post=2699"}],"wp:featuredmedia":[{"embeddable":true,"href":"https:\/\/www.medideal.com.br\/en\/wp-json\/wp\/v2\/media\/2703"}],"wp:attachment":[{"href":"https:\/\/www.medideal.com.br\/en\/wp-json\/wp\/v2\/media?parent=2699"}],"wp:term":[{"taxonomy":"product_brand","embeddable":true,"href":"https:\/\/www.medideal.com.br\/en\/wp-json\/wp\/v2\/product_brand?post=2699"},{"taxonomy":"product_cat","embeddable":true,"href":"https:\/\/www.medideal.com.br\/en\/wp-json\/wp\/v2\/product_cat?post=2699"},{"taxonomy":"product_tag","embeddable":true,"href":"https:\/\/www.medideal.com.br\/en\/wp-json\/wp\/v2\/product_tag?post=2699"}],"curies":[{"name":"wp","href":"https:\/\/api.w.org\/{rel}","templated":true}]}}