{"id":2680,"date":"2023-12-01T15:03:37","date_gmt":"2023-12-01T18:03:37","guid":{"rendered":"https:\/\/www.medideal.com.br\/?post_type=product&#038;p=2680"},"modified":"2024-01-18T13:12:05","modified_gmt":"2024-01-18T16:12:05","slug":"sigvaris-120b-audace-panturrilha","status":"publish","type":"product","link":"https:\/\/www.medideal.com.br\/en\/sigvaris-120b-audace-panturrilha\/","title":{"rendered":"Sigvaris 120B Audace Panturrilha"},"content":{"rendered":"<p>Meia 3\/4 Sigvaris Audace 120A 15-20MMHG Suave Compress\u00e3o Aberta<\/p>\n<p>As meias Style prevenc\u00e7\u00e3o AUDACE foram desenvolvidas exclusivamente para proporcionar mais sa\u00fade e beleza \u00e0s pernas do p\u00fablico feminino.<\/p>\n<p>\u00c9 ideal para uso di\u00e1rio na preven\u00e7\u00e3o de varizes e dores, incha\u00e7os, sensa\u00e7\u00e3o de peso nas pernas e TVP (Trombose Venosa Profunda).<\/p>\n<p>Fina Transpar\u00eancia p\/ as pernas Femininas<br \/>\nIdeais para uso di\u00e1rio<br \/>\nMaterial bacteriost\u00e1tico<br \/>\nFeminina<br \/>\n68% Poliamida \/ 32% Elastano<br \/>\nANVISA 10103570007<br \/>\nCont\u00e9m 1 Unidade<br \/>\nDurabilidade m\u00e9dia de 4 meses (varia de acordo com a freq\u00fc\u00eancia do uso)<\/p>\n<p>Suave Compress\u00e3o<br \/>\nSensa\u00e7\u00e3o de peso e fadiga nas pernas<br \/>\nRedu\u00e7\u00e3o de dores musculares<br \/>\nAuxilia na redu\u00e7\u00e3o de \u00e1cido l\u00e1tico<br \/>\nViagens de longa dist\u00e2ncia (S\u00edndrome da Classe Econ\u00f4mica)<br \/>\nProlongados per\u00edodos sentados ou em p\u00e9<br \/>\nPernas doloridas e inchadas<\/p>","protected":false},"excerpt":{"rendered":"<p>\u00c9 ideal para uso di\u00e1rio na preven\u00e7\u00e3o de varizes e dores, incha\u00e7os, sensa\u00e7\u00e3o de peso nas pernas e TVP (Trombose Venosa Profunda).<\/p>","protected":false},"featured_media":2684,"comment_status":"open","ping_status":"closed","template":"","meta":{"_joinchat":[]},"product_brand":[],"product_cat":[34],"product_tag":[],"class_list":{"0":"post-2680","1":"product","2":"type-product","3":"status-publish","4":"has-post-thumbnail","6":"product_cat-meias-de-compressao","8":"first","9":"instock","10":"shipping-taxable","11":"purchasable","12":"product-type-variable"},"_links":{"self":[{"href":"https:\/\/www.medideal.com.br\/en\/wp-json\/wp\/v2\/product\/2680","targetHints":{"allow":["GET"]}}],"collection":[{"href":"https:\/\/www.medideal.com.br\/en\/wp-json\/wp\/v2\/product"}],"about":[{"href":"https:\/\/www.medideal.com.br\/en\/wp-json\/wp\/v2\/types\/product"}],"replies":[{"embeddable":true,"href":"https:\/\/www.medideal.com.br\/en\/wp-json\/wp\/v2\/comments?post=2680"}],"wp:featuredmedia":[{"embeddable":true,"href":"https:\/\/www.medideal.com.br\/en\/wp-json\/wp\/v2\/media\/2684"}],"wp:attachment":[{"href":"https:\/\/www.medideal.com.br\/en\/wp-json\/wp\/v2\/media?parent=2680"}],"wp:term":[{"taxonomy":"product_brand","embeddable":true,"href":"https:\/\/www.medideal.com.br\/en\/wp-json\/wp\/v2\/product_brand?post=2680"},{"taxonomy":"product_cat","embeddable":true,"href":"https:\/\/www.medideal.com.br\/en\/wp-json\/wp\/v2\/product_cat?post=2680"},{"taxonomy":"product_tag","embeddable":true,"href":"https:\/\/www.medideal.com.br\/en\/wp-json\/wp\/v2\/product_tag?post=2680"}],"curies":[{"name":"wp","href":"https:\/\/api.w.org\/{rel}","templated":true}]}}