{"id":2635,"date":"2023-11-30T15:14:44","date_gmt":"2023-11-30T18:14:44","guid":{"rendered":"https:\/\/www.medideal.com.br\/?post_type=product&#038;p=2635"},"modified":"2024-01-18T12:46:33","modified_gmt":"2024-01-18T15:46:33","slug":"fio-de-sutura-nylon-45cm-com-agulha-3-8-15mm-caixa-c-24-unidades","status":"publish","type":"product","link":"https:\/\/www.medideal.com.br\/en\/fio-de-sutura-nylon-45cm-com-agulha-3-8-15mm-caixa-c-24-unidades\/","title":{"rendered":"Fio De Sutura Nylon 45cm Com Agulha 3\/8 15mm &#8211; Caixa C\/24 Unidades"},"content":{"rendered":"<p><strong>Selecione a Numera\u00e7\u00e3o:<\/strong><\/p>\n<p>0 -1 &#8211; 2 &#8211; 3 &#8211; 4 &#8211; 5 &#8211; 6<\/p>\n<p><strong>Apresenta\u00e7\u00e3o<\/strong><\/p>\n<p>O Fio de Sutura Agulhado de Nylon (Monofilamento de Poliamida), \u00e9 indicado para utiliza\u00e7\u00e3o na aproxima\u00e7\u00e3o e\/ou laquea\u00e7\u00e3o de tecidos lisos e moles para oclus\u00e3o da pele.<\/p>\n<p>Atende aos tipos de procedimentos cir\u00fargicos e ambulatoriais para suturas d\u00e9rmicas, cirurgias pl\u00e1sticas, odontol\u00f3gicas, oft\u00e1lmicas e micro cirurgia.<\/p>\n<p><strong>Benef\u00edcios<\/strong><\/p>\n<ul>\n<li>Conta com gabarito na embalagem individual;<\/li>\n<li>Embalados unitariamente em envelope de alum\u00ednio;<\/li>\n<li>Performance superior de penetra\u00e7\u00e3o.<\/li>\n<\/ul>\n<p><strong>Modo de Uso<\/strong><\/p>\n<ol>\n<li>Selecionar o modelo e o tamanho apropriado. Sempre lembrando que o procedimento deve ser feito de maneira est\u00e9ril;<\/li>\n<li>O Fio de Sutura Agulhado deve ser aberto de forma est\u00e9ril;<\/li>\n<li>Inspecionar a integridade e validade na embalagem e assim poder remov\u00ea-la assepticamente;<\/li>\n<li>Retirar a embalagem externa;<\/li>\n<li>Depois de aberto, colocar o Fio a ser utilizado sob uma superf\u00edcie est\u00e9ril;<\/li>\n<li>Em seguida, o fio de sutura agulhado deve ser posicionado em um porta agulhas;<\/li>\n<li>Cuidadosamente, selecionar e fazer assepsia do local a ser realizado o procedimento;<\/li>\n<li>Com aux\u00edlio de uma pin\u00e7a o cirurgi\u00e3o deve proceder a sutura com o fio de agulhado de acordo com a t\u00e9cnica cir\u00fargica adequada. &#8211; Utilizar a quantidade de sutura necess\u00e1ria, de acordo com a extens\u00e3o da ferida cir\u00fargica. Para uma seguran\u00e7a do n\u00f3 cir\u00fargico \u00e9 necess\u00e1ria uma t\u00e9cnica \u201cstandard\u201d, feita com um n\u00f3 \u201cchato\u201d, n\u00f3s \u201cquadrados\u201d e se necess\u00e1rio, la\u00e7adas suplementares, de acordo com a circunst\u00e2ncia cir\u00fargica;<\/li>\n<li>Todo este procedimento deve ser executado de forma est\u00e9ril;<\/li>\n<li>Descartar o produto ap\u00f3s utiliza\u00e7\u00e3o \u00fanica no lixo hospitalar conforme as normas da autoridade sanit\u00e1ria vigentes.<\/li>\n<\/ol>","protected":false},"excerpt":{"rendered":"<p>O Fio de Sutura Agulhado de Nylon (Monofilamento de Poliamida), \u00e9 indicado para utiliza\u00e7\u00e3o na aproxima\u00e7\u00e3o e\/ou laquea\u00e7\u00e3o de tecidos lisos e moles para oclus\u00e3o da pele.<\/p>","protected":false},"featured_media":2636,"comment_status":"open","ping_status":"closed","template":"","meta":{"_joinchat":[]},"product_brand":[],"product_cat":[29],"product_tag":[],"class_list":{"0":"post-2635","1":"product","2":"type-product","3":"status-publish","4":"has-post-thumbnail","6":"product_cat-materiais-de-consumo","8":"first","9":"instock","10":"shipping-taxable","11":"purchasable","12":"product-type-variable"},"_links":{"self":[{"href":"https:\/\/www.medideal.com.br\/en\/wp-json\/wp\/v2\/product\/2635","targetHints":{"allow":["GET"]}}],"collection":[{"href":"https:\/\/www.medideal.com.br\/en\/wp-json\/wp\/v2\/product"}],"about":[{"href":"https:\/\/www.medideal.com.br\/en\/wp-json\/wp\/v2\/types\/product"}],"replies":[{"embeddable":true,"href":"https:\/\/www.medideal.com.br\/en\/wp-json\/wp\/v2\/comments?post=2635"}],"wp:featuredmedia":[{"embeddable":true,"href":"https:\/\/www.medideal.com.br\/en\/wp-json\/wp\/v2\/media\/2636"}],"wp:attachment":[{"href":"https:\/\/www.medideal.com.br\/en\/wp-json\/wp\/v2\/media?parent=2635"}],"wp:term":[{"taxonomy":"product_brand","embeddable":true,"href":"https:\/\/www.medideal.com.br\/en\/wp-json\/wp\/v2\/product_brand?post=2635"},{"taxonomy":"product_cat","embeddable":true,"href":"https:\/\/www.medideal.com.br\/en\/wp-json\/wp\/v2\/product_cat?post=2635"},{"taxonomy":"product_tag","embeddable":true,"href":"https:\/\/www.medideal.com.br\/en\/wp-json\/wp\/v2\/product_tag?post=2635"}],"curies":[{"name":"wp","href":"https:\/\/api.w.org\/{rel}","templated":true}]}}