{"id":2633,"date":"2023-11-30T14:23:02","date_gmt":"2023-11-30T17:23:02","guid":{"rendered":"https:\/\/www.medideal.com.br\/?post_type=product&#038;p=2633"},"modified":"2024-01-18T12:43:27","modified_gmt":"2024-01-18T15:43:27","slug":"seringa-sem-agulha-20ml-rosca-sr-caixa-c-50-unidades","status":"publish","type":"product","link":"https:\/\/www.medideal.com.br\/en\/seringa-sem-agulha-20ml-rosca-sr-caixa-c-50-unidades\/","title":{"rendered":"Seringa Sem Agulha 20ml C\/ Rosca &#8211; SR"},"content":{"rendered":"<p>A seringa descart\u00e1vel sem agulha Luer Lock \u00e9 est\u00e9ril, transparente, at\u00f3xica, com bico que garante conex\u00f5es seguras e sem vazamentos. Utilizada para inserir subst\u00e2ncias l\u00edquidas por via intra-venosa, intra-muscular, intra-card\u00edaca, subcut\u00e2nea, intra-d\u00e9rmica, intra-articular, retirar sangue ou ainda, realizar uma pun\u00e7\u00e3o aspirativa em um paciente. Oferece melhor leitura na dosagem atrav\u00e9s de stopper reto e mais fino.<\/p>\n<p><strong>Caracter\u00edsticas do produto<\/strong><\/p>\n<p>Capacidade: 20ml;<\/p>\n<p>\u2022 Sem agulha;<\/p>\n<p>\u2022 Est\u00e9ril, uso \u00fanico, transparente, at\u00f3xica, com bico que garanta conex\u00f5es seguras e sem vazamentos.<\/p>\n<p>\u2022 Corpo lubrificado, com escala externa gravada, precisa e vis\u00edvel.<\/p>\n<p>\u2022 Flange com formato anat\u00f4mico, para apoio dos dedos e que confira estabilidade \u00e0 seringa quando em superf\u00edcie plana.<\/p>","protected":false},"excerpt":{"rendered":"<p>A seringa descart\u00e1vel sem agulha Luer Lock \u00e9 est\u00e9ril, transparente, at\u00f3xica, com bico que garante conex\u00f5es seguras e sem vazamentos.<\/p>","protected":false},"featured_media":2634,"comment_status":"open","ping_status":"closed","template":"","meta":{"_joinchat":[]},"product_brand":[],"product_cat":[29],"product_tag":[],"class_list":{"0":"post-2633","1":"product","2":"type-product","3":"status-publish","4":"has-post-thumbnail","6":"product_cat-materiais-de-consumo","8":"first","9":"instock","10":"shipping-taxable","11":"purchasable","12":"product-type-simple"},"_links":{"self":[{"href":"https:\/\/www.medideal.com.br\/en\/wp-json\/wp\/v2\/product\/2633","targetHints":{"allow":["GET"]}}],"collection":[{"href":"https:\/\/www.medideal.com.br\/en\/wp-json\/wp\/v2\/product"}],"about":[{"href":"https:\/\/www.medideal.com.br\/en\/wp-json\/wp\/v2\/types\/product"}],"replies":[{"embeddable":true,"href":"https:\/\/www.medideal.com.br\/en\/wp-json\/wp\/v2\/comments?post=2633"}],"wp:featuredmedia":[{"embeddable":true,"href":"https:\/\/www.medideal.com.br\/en\/wp-json\/wp\/v2\/media\/2634"}],"wp:attachment":[{"href":"https:\/\/www.medideal.com.br\/en\/wp-json\/wp\/v2\/media?parent=2633"}],"wp:term":[{"taxonomy":"product_brand","embeddable":true,"href":"https:\/\/www.medideal.com.br\/en\/wp-json\/wp\/v2\/product_brand?post=2633"},{"taxonomy":"product_cat","embeddable":true,"href":"https:\/\/www.medideal.com.br\/en\/wp-json\/wp\/v2\/product_cat?post=2633"},{"taxonomy":"product_tag","embeddable":true,"href":"https:\/\/www.medideal.com.br\/en\/wp-json\/wp\/v2\/product_tag?post=2633"}],"curies":[{"name":"wp","href":"https:\/\/api.w.org\/{rel}","templated":true}]}}