{"id":2631,"date":"2023-11-30T13:05:44","date_gmt":"2023-11-30T16:05:44","guid":{"rendered":"https:\/\/www.medideal.com.br\/?post_type=product&#038;p=2631"},"modified":"2024-01-18T12:33:16","modified_gmt":"2024-01-18T15:33:16","slug":"riohex-05-100ml-rioquimica","status":"publish","type":"product","link":"https:\/\/www.medideal.com.br\/en\/riohex-05-100ml-rioquimica\/","title":{"rendered":"Riohex 0,5% 100ml &#8211; Rioqu\u00edmica"},"content":{"rendered":"<table id=\"productattributes\" class=\"table table-striped productattributes\">\n<tbody>\n<tr>\n<th>Indica\u00e7\u00f5es<\/th>\n<td>O que \u00e9, para que serve e quais as vantagens do digliconato de clorexidina 0,5% solu\u00e7\u00e3o alco\u00f3lica RIOQU\u00cdMICA?<br \/>\nO digliconato de clorexidina 0,5% RIOQU\u00cdMICA \u00e9 um antiss\u00e9ptico t\u00f3pico. Tem como indica\u00e7\u00e3o processos de antissepsia de pele antes de procedimentos invasivos (como inser\u00e7\u00e3o de cateteres) e antissepsia do campo operat\u00f3rio ap\u00f3s degerma\u00e7\u00e3o, e para realiza\u00e7\u00e3o de curativo de local de inser\u00e7\u00e3o de cateteres vasculares.<\/td>\n<\/tr>\n<tr>\n<th>Composi\u00e7\u00e3o<\/th>\n<td>Cada 100 mL cont\u00e9m:<br \/>\ndigliconato de clorexidina&#8230;&#8230;&#8230;&#8230;&#8230;&#8230;&#8230;&#8230;&#8230;&#8230;&#8230;&#8230;&#8230;&#8230;&#8230;&#8230;&#8230;&#8230;&#8230;&#8230;.0,5 g<br \/>\nExcipientes: \u00e1lcool et\u00edlico, ess\u00eancia floral, glicerina e \u00e1gua purificada.<\/td>\n<\/tr>\n<tr>\n<th>Diferenciais e benef\u00edcios<\/th>\n<td>Quais os benef\u00edcios do digliconato de clorexidina 0,5% solu\u00e7\u00e3o alco\u00f3lica RIOQU\u00cdMICA?<\/p>\n<p>&#8211; Antiss\u00e9ptico t\u00f3pico;<br \/>\n&#8211; Solu\u00e7\u00e3o alco\u00f3lica;<br \/>\n&#8211; Digliconato de clorexidina a 0,5%;<br \/>\n&#8211; Ideal para antissepsia de pele antes de procedimentos invasivos;<br \/>\n&#8211; Ideal para antissepsia do campo operat\u00f3rio ap\u00f3s degerma\u00e7\u00e3o;<br \/>\n&#8211; Utilizado para realiza\u00e7\u00e3o de curativo de local de inser\u00e7\u00e3o de cateteres vasculares;<br \/>\n&#8211; Embalagem com 1000 ml.<\/td>\n<\/tr>\n<tr>\n<th>Modo de Usar<\/th>\n<td>\n<ol>\n<li>Aplicar o produto em quantidade suficiente para umedecer toda a \u00e1rea a ser tratada, esfregando com gaze est\u00e9ril;<\/li>\n<li>Deixar secar completamente e, se necess\u00e1rio, repetir o procedimento.<\/li>\n<li>Aguarde o produto secar completamente antes de qualquer pun\u00e7\u00e3o ou inser\u00e7\u00e3o na pele;<\/li>\n<li>Para antissepsia da pele em procedimentos cir\u00fargicos, realizar antes a degerma\u00e7\u00e3o da pele com solu\u00e7\u00e3o de clorexidina com tensoativo.<\/li>\n<\/ol>\n<\/td>\n<\/tr>\n<\/tbody>\n<\/table>","protected":false},"excerpt":{"rendered":"<p>O digliconato de clorexidina 0,5% RIOQU\u00cdMICA \u00e9 um antiss\u00e9ptico t\u00f3pico. Tem como indica\u00e7\u00e3o processos de antissepsia de pele antes de procedimentos invasivos (como inser\u00e7\u00e3o de cateteres) e antissepsia do campo operat\u00f3rio ap\u00f3s degerma\u00e7\u00e3o, e para realiza\u00e7\u00e3o de curativo de local de inser\u00e7\u00e3o de cateteres vasculares.<\/p>","protected":false},"featured_media":2632,"comment_status":"open","ping_status":"closed","template":"","meta":{"_joinchat":[]},"product_brand":[],"product_cat":[26],"product_tag":[],"class_list":{"0":"post-2631","1":"product","2":"type-product","3":"status-publish","4":"has-post-thumbnail","6":"product_cat-curativos","8":"first","9":"instock","10":"shipping-taxable","11":"purchasable","12":"product-type-simple"},"_links":{"self":[{"href":"https:\/\/www.medideal.com.br\/en\/wp-json\/wp\/v2\/product\/2631","targetHints":{"allow":["GET"]}}],"collection":[{"href":"https:\/\/www.medideal.com.br\/en\/wp-json\/wp\/v2\/product"}],"about":[{"href":"https:\/\/www.medideal.com.br\/en\/wp-json\/wp\/v2\/types\/product"}],"replies":[{"embeddable":true,"href":"https:\/\/www.medideal.com.br\/en\/wp-json\/wp\/v2\/comments?post=2631"}],"wp:featuredmedia":[{"embeddable":true,"href":"https:\/\/www.medideal.com.br\/en\/wp-json\/wp\/v2\/media\/2632"}],"wp:attachment":[{"href":"https:\/\/www.medideal.com.br\/en\/wp-json\/wp\/v2\/media?parent=2631"}],"wp:term":[{"taxonomy":"product_brand","embeddable":true,"href":"https:\/\/www.medideal.com.br\/en\/wp-json\/wp\/v2\/product_brand?post=2631"},{"taxonomy":"product_cat","embeddable":true,"href":"https:\/\/www.medideal.com.br\/en\/wp-json\/wp\/v2\/product_cat?post=2631"},{"taxonomy":"product_tag","embeddable":true,"href":"https:\/\/www.medideal.com.br\/en\/wp-json\/wp\/v2\/product_tag?post=2631"}],"curies":[{"name":"wp","href":"https:\/\/api.w.org\/{rel}","templated":true}]}}