{"id":263,"date":"2023-09-08T15:26:14","date_gmt":"2023-09-08T18:26:14","guid":{"rendered":"https:\/\/www.medideal.com.br\/?post_type=product&#038;p=263"},"modified":"2024-01-10T11:27:52","modified_gmt":"2024-01-10T14:27:52","slug":"aparelho-de-pressao-durashock-ds44-br-welch-allyn","status":"publish","type":"product","link":"https:\/\/www.medideal.com.br\/en\/aparelho-de-pressao-durashock-ds44-br-welch-allyn\/","title":{"rendered":"Aparelho de Press\u00e3o Durashock DS44-BR Welch Allyn"},"content":{"rendered":"<h4>Aparelho de Press\u00e3o Adulto Welch Allyn Durashock DS44-BR<\/h4>\n<p>Novo DS44-BR com design exclusivo com integra\u00e7\u00e3o de m\u00faltiplas bra\u00e7adeiras. O primeiro aneroide sem engrenagens e resistentes a quedas continua! O primeiro esfigmoman\u00f4metro aneroide projetado para o modo como m\u00e9dicos e enfermeiros trabalham. Com um exclusivo design sem engrenagens e resistente a impactos, os aparelhos com a tecnologia DuraShock se manter\u00e3o calibrados por muito mais tempo, garantindo leituras precisas a um custo menor por toda a vida \u00fatil do aparelho, garantindo total tranquilidade e satisfa\u00e7\u00e3o. Com a tecnologia DuraShock, a Welch Allyn revolucionou o design dos aparelhos de press\u00e3o ao criar uma tecnologia sem engrenagens.<\/p>\n<h4>Caracter\u00edsticas de produtos:<\/h4>\n<p>\u2022 Anel de borracha para prote\u00e7\u00e3o (cinza); \u2022 Man\u00f4metro gira 360\u00b0 para f\u00e1cil visualiza\u00e7\u00e3o; \u2022 Com menos partes m\u00f3veis dentro do aparelho; \u2022 Atende as normas da AAMI de resist\u00eancia a impactos; \u2022 Pode ter uma queda de at\u00e9 76 cm, n\u00e3o quebra e n\u00e3o perde a calibra\u00e7\u00e3o; \u2022 Design ergon\u00f4mico que permite trabalhar com m\u00e3o direita ou esquerda; \u2022 Obteve reconhecimento internacional pela inova\u00e7\u00e3o tecnol\u00f3gica e design; \u2022 Permite que aparelhos de press\u00e3o com tecnologia DuraShock resistam a quedas e mantenham-se calibrados; \u2022 \u00c9 capaz de atender \u00e0 alta demanda de atendimento, oferecendo resultados mais precisos por muito mais tempo; \u2022 Acompanha Bra\u00e7adeira FlexiPort adulto (25 a 34cm &#8211; di\u00e2metro do bra\u00e7o) em nylon com fechamento em velcro super resistente. <b>Tecnologia Premiada<\/b> Com a alta demanda di\u00e1ria de atendimento, os aparelhos de press\u00e3o podem ser afetados por quedas acidentais e pequenos choques, o que muitas vezes causa perda da calibra\u00e7\u00e3o, colocando em risco a sua precis\u00e3o. A aferi\u00e7\u00e3o precisa da press\u00e3o arterial \u00e9 a \u00fanica maneira de diagnosticar a hipertens\u00e3o. Um equipamento bem calibrado \u00e9 fundamental para a obten\u00e7\u00e3o de leituras precisas e ajudar os m\u00e9dicos a realizarem diagn\u00f3sticos com base em dados mais corretos. O aparelho Durashock DS44 obedece aos padr\u00f5es da AAMI (America Association of Medical Instrumentation) de resist\u00eancia a impactos, o que o torna mais preparado para uso di\u00e1rio e constante. Mant\u00eam leituras mais precisas ao longo do tempo, enquanto elimina a necessidade de calibragem e substitui\u00e7\u00e3o constantes. <b>Bra\u00e7adeira FlexiPort<\/b> A conex\u00e3o por FlexiPort permite a troca da bra\u00e7adeira de maneira f\u00e1cil. Com 8 tamanhos dispon\u00edveis (somente adulto incluso) que s\u00e3o identificados pelas cores. As bordas sem dobras diminuem os riscos de cortes e arranh\u00f5es, dando mais conforto ao paciente (adaptador para o man\u00f4metro antigo vendido separadamente).<\/p>","protected":false},"excerpt":{"rendered":"<p>Novo DS44-BR com design exclusivo com integra\u00e7\u00e3o de m\u00faltiplas bra\u00e7adeiras.<\/p>","protected":false},"featured_media":264,"comment_status":"open","ping_status":"closed","template":"","meta":{"_joinchat":[]},"product_brand":[],"product_cat":[19],"product_tag":[],"class_list":{"0":"post-263","1":"product","2":"type-product","3":"status-publish","4":"has-post-thumbnail","6":"product_cat-aparelho-de-pressao","8":"first","9":"outofstock","10":"shipping-taxable","11":"purchasable","12":"product-type-simple"},"_links":{"self":[{"href":"https:\/\/www.medideal.com.br\/en\/wp-json\/wp\/v2\/product\/263","targetHints":{"allow":["GET"]}}],"collection":[{"href":"https:\/\/www.medideal.com.br\/en\/wp-json\/wp\/v2\/product"}],"about":[{"href":"https:\/\/www.medideal.com.br\/en\/wp-json\/wp\/v2\/types\/product"}],"replies":[{"embeddable":true,"href":"https:\/\/www.medideal.com.br\/en\/wp-json\/wp\/v2\/comments?post=263"}],"wp:featuredmedia":[{"embeddable":true,"href":"https:\/\/www.medideal.com.br\/en\/wp-json\/wp\/v2\/media\/264"}],"wp:attachment":[{"href":"https:\/\/www.medideal.com.br\/en\/wp-json\/wp\/v2\/media?parent=263"}],"wp:term":[{"taxonomy":"product_brand","embeddable":true,"href":"https:\/\/www.medideal.com.br\/en\/wp-json\/wp\/v2\/product_brand?post=263"},{"taxonomy":"product_cat","embeddable":true,"href":"https:\/\/www.medideal.com.br\/en\/wp-json\/wp\/v2\/product_cat?post=263"},{"taxonomy":"product_tag","embeddable":true,"href":"https:\/\/www.medideal.com.br\/en\/wp-json\/wp\/v2\/product_tag?post=263"}],"curies":[{"name":"wp","href":"https:\/\/api.w.org\/{rel}","templated":true}]}}