{"id":2627,"date":"2023-11-30T12:56:51","date_gmt":"2023-11-30T15:56:51","guid":{"rendered":"https:\/\/www.medideal.com.br\/?post_type=product&#038;p=2627"},"modified":"2024-01-18T12:36:43","modified_gmt":"2024-01-18T15:36:43","slug":"riohex-02-1000ml-rioquimica","status":"publish","type":"product","link":"https:\/\/www.medideal.com.br\/en\/riohex-02-1000ml-rioquimica\/","title":{"rendered":"Riohex 0,2% Dermosuave 1000ml &#8211; Rioqu\u00edmica"},"content":{"rendered":"<table id=\"productattributes\" class=\"table table-striped productattributes\">\n<tbody>\n<tr>\n<th>Indica\u00e7\u00f5es<\/th>\n<td>O que \u00e9 a clorexidina aquosa 0,2% riohex dermo suave RIOQU\u00cdMICA?<br \/>\nA clorexidina aquosa 0,2% riohex dermo suave \u00e9 uma solu\u00e7\u00e3o antiss\u00e9ptica t\u00f3pica de higieniza\u00e7\u00e3o di\u00e1ria da pele \u00edntegra. Cont\u00e9m ingredientes atuantes nas situa\u00e7\u00f5es que exigem complementa\u00e7\u00e3o da higiene corporal, confere sensa\u00e7\u00e3o suave na pele em sua aplica\u00e7\u00e3o di\u00e1ria. O digliconato de clorexidina \u00e9 um antiss\u00e9ptico qu\u00edmico, antif\u00fangico e um bactericida capaz de eliminar tanto bact\u00e9rias gram-positivas quanto bact\u00e9rias gram-negativas. Tamb\u00e9m \u00e9 um bacteriost\u00e1tico, impedindo a prolifera\u00e7\u00e3o de bact\u00e9rias.Para que serve a clorexidina aquosa 0,2% RIOQU\u00cdMICA?<br \/>\nA clorexidina aquosa 0,2% RIOQU\u00cdMICA deve ser usada sobre a pele com ferida, espalhando uma quantidade suficiente na \u00e1rea afetada, de 3 a 4 vezes por dia. Pode-se cobrir a \u00e1rea afetada com gaze ou outros curativos, conforme orientado pelo m\u00e9dico. Tamb\u00e9m utilizada para prepara\u00e7\u00e3o de dilui\u00e7\u00f5es para a limpeza de pele, lavagem vaginal materna em obstetr\u00edcia, lavagem oral na doen\u00e7a periodontal e na desinfec\u00e7\u00e3o da boca para prevenir a pneumonia associada \u00e0 ventila\u00e7\u00e3o mec\u00e2nica, limpeza em geral das m\u00e3os, desinfec\u00e7\u00e3o pr\u00e9-sondagens (cateter vesical de demora), limpeza local em s\u00edtios de pun\u00e7\u00e3o venosa, coleta de sangue ou aplica\u00e7\u00e3o de medica\u00e7\u00f5es.<\/td>\n<\/tr>\n<\/tbody>\n<\/table>","protected":false},"excerpt":{"rendered":"<p>A clorexidina aquosa 0,2% RIOQU\u00cdMICA deve ser usada sobre a pele com ferida, espalhando uma quantidade suficiente na \u00e1rea afetada, de 3 a 4 vezes por dia.<\/p>","protected":false},"featured_media":2628,"comment_status":"open","ping_status":"closed","template":"","meta":{"_joinchat":[]},"product_brand":[],"product_cat":[26],"product_tag":[],"class_list":{"0":"post-2627","1":"product","2":"type-product","3":"status-publish","4":"has-post-thumbnail","6":"product_cat-curativos","8":"first","9":"instock","10":"shipping-taxable","11":"purchasable","12":"product-type-simple"},"_links":{"self":[{"href":"https:\/\/www.medideal.com.br\/en\/wp-json\/wp\/v2\/product\/2627","targetHints":{"allow":["GET"]}}],"collection":[{"href":"https:\/\/www.medideal.com.br\/en\/wp-json\/wp\/v2\/product"}],"about":[{"href":"https:\/\/www.medideal.com.br\/en\/wp-json\/wp\/v2\/types\/product"}],"replies":[{"embeddable":true,"href":"https:\/\/www.medideal.com.br\/en\/wp-json\/wp\/v2\/comments?post=2627"}],"wp:featuredmedia":[{"embeddable":true,"href":"https:\/\/www.medideal.com.br\/en\/wp-json\/wp\/v2\/media\/2628"}],"wp:attachment":[{"href":"https:\/\/www.medideal.com.br\/en\/wp-json\/wp\/v2\/media?parent=2627"}],"wp:term":[{"taxonomy":"product_brand","embeddable":true,"href":"https:\/\/www.medideal.com.br\/en\/wp-json\/wp\/v2\/product_brand?post=2627"},{"taxonomy":"product_cat","embeddable":true,"href":"https:\/\/www.medideal.com.br\/en\/wp-json\/wp\/v2\/product_cat?post=2627"},{"taxonomy":"product_tag","embeddable":true,"href":"https:\/\/www.medideal.com.br\/en\/wp-json\/wp\/v2\/product_tag?post=2627"}],"curies":[{"name":"wp","href":"https:\/\/api.w.org\/{rel}","templated":true}]}}