{"id":2623,"date":"2023-11-30T12:52:59","date_gmt":"2023-11-30T15:52:59","guid":{"rendered":"https:\/\/www.medideal.com.br\/?post_type=product&#038;p=2623"},"modified":"2024-01-18T12:28:39","modified_gmt":"2024-01-18T15:28:39","slug":"riodeine-topico-100ml-rioquimica","status":"publish","type":"product","link":"https:\/\/www.medideal.com.br\/en\/riodeine-topico-100ml-rioquimica\/","title":{"rendered":"Riodeine T\u00f3pico 100ml &#8211; Rioqu\u00edmica"},"content":{"rendered":"<p><strong>Riodeine<\/strong>\u00a0\u00e9 um produto t\u00f3pico indicado para promover a\u00e7\u00e3o antiss\u00e9ptica em machucados, protegendo a pele da a\u00e7\u00e3o infecciosa de bact\u00e9rias, fungos e v\u00edrus.<\/p>\n<p>Essa vers\u00e3o dermo suave \u00e9 formulada com 1% de iodo ativo e cont\u00e9m 100mL.<\/p>\n<h2><b>COMO USAR RIODEINE?<\/b><\/h2>\n<p>Espalhe o produto diretamente na pele e massageie por dois minutos. Ap\u00f3s o processo, enx\u00e1gue com \u00e1gua corrente e repita a aplica\u00e7\u00e3o secando com aux\u00edlio de gaze.<\/p>\n<h2><b>ADVERT\u00caNCIAS DO USO DE RIODEINE<\/b><\/h2>\n<p>&nbsp;<\/p>\n<ul>\n<li>&#8211; Caso apresente hipersensibilidade \u00e0 f\u00f3rmula, n\u00e3o aplique;<\/li>\n<li>&#8211; Mantenha fora do alcance de crian\u00e7as;<\/li>\n<li>&#8211; Conserve sob temperatura ambiente.<\/li>\n<\/ul>","protected":false},"excerpt":{"rendered":"<p><strong>Riodeine<\/strong>\u00a0\u00e9 um produto t\u00f3pico indicado para promover a\u00e7\u00e3o antiss\u00e9ptica em machucados, protegendo a pele da a\u00e7\u00e3o infecciosa de bact\u00e9rias, fungos e v\u00edrus.<\/p>","protected":false},"featured_media":2624,"comment_status":"open","ping_status":"closed","template":"","meta":{"_joinchat":[]},"product_brand":[],"product_cat":[26],"product_tag":[],"class_list":{"0":"post-2623","1":"product","2":"type-product","3":"status-publish","4":"has-post-thumbnail","6":"product_cat-curativos","8":"first","9":"instock","10":"shipping-taxable","11":"purchasable","12":"product-type-simple"},"_links":{"self":[{"href":"https:\/\/www.medideal.com.br\/en\/wp-json\/wp\/v2\/product\/2623","targetHints":{"allow":["GET"]}}],"collection":[{"href":"https:\/\/www.medideal.com.br\/en\/wp-json\/wp\/v2\/product"}],"about":[{"href":"https:\/\/www.medideal.com.br\/en\/wp-json\/wp\/v2\/types\/product"}],"replies":[{"embeddable":true,"href":"https:\/\/www.medideal.com.br\/en\/wp-json\/wp\/v2\/comments?post=2623"}],"wp:featuredmedia":[{"embeddable":true,"href":"https:\/\/www.medideal.com.br\/en\/wp-json\/wp\/v2\/media\/2624"}],"wp:attachment":[{"href":"https:\/\/www.medideal.com.br\/en\/wp-json\/wp\/v2\/media?parent=2623"}],"wp:term":[{"taxonomy":"product_brand","embeddable":true,"href":"https:\/\/www.medideal.com.br\/en\/wp-json\/wp\/v2\/product_brand?post=2623"},{"taxonomy":"product_cat","embeddable":true,"href":"https:\/\/www.medideal.com.br\/en\/wp-json\/wp\/v2\/product_cat?post=2623"},{"taxonomy":"product_tag","embeddable":true,"href":"https:\/\/www.medideal.com.br\/en\/wp-json\/wp\/v2\/product_tag?post=2623"}],"curies":[{"name":"wp","href":"https:\/\/api.w.org\/{rel}","templated":true}]}}