{"id":2620,"date":"2023-11-30T12:48:04","date_gmt":"2023-11-30T15:48:04","guid":{"rendered":"https:\/\/www.medideal.com.br\/?post_type=product&#038;p=2620"},"modified":"2024-01-26T19:11:39","modified_gmt":"2024-01-26T22:11:39","slug":"prope-descartavel-anadona-pacote-c-100-unidades","status":"publish","type":"product","link":"https:\/\/www.medideal.com.br\/en\/prope-descartavel-anadona-pacote-c-100-unidades\/","title":{"rendered":"Prop\u00e9 Descart\u00e1vel AnaDona &#8211; Pacote C\/ 100 Unidades"},"content":{"rendered":"<p><strong>O que \u00e9 e para que serve o Prop\u00e9 Sapatilha Descart\u00e1vel ANADONA?<\/strong><\/p>\n<p>O prop\u00e9 sapatilha \u00e9 uma vestimenta de prote\u00e7\u00e3o descart\u00e1vel, caracterizada-se como um produto at\u00f3xico, hipoalerg\u00eanico e de tamanho \u00fanico, al\u00e9m disso, conta com composi\u00e7\u00e3o n\u00e3o est\u00e9ril, n\u00e3o inflam\u00e1vel e isenta de fibra de vidro, padronizado em TNT de cor branca com el\u00e1sticos em sua volta inteira.<\/p>\n<p><strong>Quais as vantagens do Prop\u00e9 Sapatilha Descart\u00e1vel ANADONA?<\/strong><\/p>\n<p>Seu maior benef\u00edcio \u00e9 sua utilidade para cobertura de cal\u00e7ados, para promover a prote\u00e7\u00e3o de ambientes restritos ou especiais, evitando a contamina\u00e7\u00e3o desses espa\u00e7os pelo desprendimento de part\u00edculas ou por subst\u00e2ncias impregnadas nos cal\u00e7ados.\u00a0O prop\u00e9 sapatilha pode ser usado em:<\/p>\n<ul>\n<li><strong>Sa\u00fade:<\/strong>\u00a0hospitais, laborat\u00f3rios, cl\u00ednicas, pacientes m\u00e9dicos e odontol\u00f3gicos;<\/li>\n<li><strong>Est\u00e9tica:<\/strong>\u00a0institutos de beleza, cl\u00ednicas de est\u00e9tica e dermatol\u00f3gicas;<\/li>\n<li><strong>Industrial:<\/strong>\u00a0qu\u00edmica, cosm\u00e9tica, aliment\u00edcia e farmac\u00eautica.<\/li>\n<\/ul>","protected":false},"excerpt":{"rendered":"<p>O prop\u00e9 sapatilha \u00e9 uma vestimenta de prote\u00e7\u00e3o descart\u00e1vel, caracterizada-se como um produto at\u00f3xico, hipoalerg\u00eanico e de tamanho \u00fanico, al\u00e9m disso, conta com composi\u00e7\u00e3o n\u00e3o est\u00e9ril, n\u00e3o inflam\u00e1vel e isenta de fibra de vidro, padronizado em TNT de cor branca com el\u00e1sticos em sua volta inteira.<\/p>","protected":false},"featured_media":2621,"comment_status":"open","ping_status":"closed","template":"","meta":{"_joinchat":[]},"product_brand":[],"product_cat":[29,118],"product_tag":[],"class_list":{"0":"post-2620","1":"product","2":"type-product","3":"status-publish","4":"has-post-thumbnail","6":"product_cat-materiais-de-consumo","7":"product_cat-ofertas","9":"first","10":"instock","11":"shipping-taxable","12":"purchasable","13":"product-type-simple"},"_links":{"self":[{"href":"https:\/\/www.medideal.com.br\/en\/wp-json\/wp\/v2\/product\/2620","targetHints":{"allow":["GET"]}}],"collection":[{"href":"https:\/\/www.medideal.com.br\/en\/wp-json\/wp\/v2\/product"}],"about":[{"href":"https:\/\/www.medideal.com.br\/en\/wp-json\/wp\/v2\/types\/product"}],"replies":[{"embeddable":true,"href":"https:\/\/www.medideal.com.br\/en\/wp-json\/wp\/v2\/comments?post=2620"}],"wp:featuredmedia":[{"embeddable":true,"href":"https:\/\/www.medideal.com.br\/en\/wp-json\/wp\/v2\/media\/2621"}],"wp:attachment":[{"href":"https:\/\/www.medideal.com.br\/en\/wp-json\/wp\/v2\/media?parent=2620"}],"wp:term":[{"taxonomy":"product_brand","embeddable":true,"href":"https:\/\/www.medideal.com.br\/en\/wp-json\/wp\/v2\/product_brand?post=2620"},{"taxonomy":"product_cat","embeddable":true,"href":"https:\/\/www.medideal.com.br\/en\/wp-json\/wp\/v2\/product_cat?post=2620"},{"taxonomy":"product_tag","embeddable":true,"href":"https:\/\/www.medideal.com.br\/en\/wp-json\/wp\/v2\/product_tag?post=2620"}],"curies":[{"name":"wp","href":"https:\/\/api.w.org\/{rel}","templated":true}]}}