{"id":2618,"date":"2023-11-30T12:43:07","date_gmt":"2023-11-30T15:43:07","guid":{"rendered":"https:\/\/www.medideal.com.br\/?post_type=product&#038;p=2618"},"modified":"2023-11-30T12:43:07","modified_gmt":"2023-11-30T15:43:07","slug":"lencol-com-elastico-em-tnt-pacote-c-10-unidades","status":"publish","type":"product","link":"https:\/\/www.medideal.com.br\/en\/lencol-com-elastico-em-tnt-pacote-c-10-unidades\/","title":{"rendered":"Len\u00e7ol Com El\u00e1stico em TNT &#8211; Pacote C\/ 10 Unidades"},"content":{"rendered":"<p>O Len\u00e7ol Descart\u00e1vel com El\u00e1stico em TNT foi desenvolvido para a prote\u00e7\u00e3o de macas e camas hospitalares, oferecendo conforto e seguran\u00e7a para os procedimentos est\u00e9ticos e para diversas \u00e1reas da sa\u00fade.<\/p>\n<p>&nbsp;<\/p>\n<p>&nbsp;<\/p>\n<p><strong>CARACTER\u00cdSTICAS<\/strong><\/p>\n<p>&nbsp;<\/p>\n<p>&#8211; Confeccionado em Tecido N\u00e3o Tecido (TNT);<\/p>\n<p>&nbsp;<\/p>\n<p>&#8211; N\u00e3o est\u00e9ril;<\/p>\n<p>&nbsp;<\/p>\n<p>&#8211; Produto de uso \u00fanico;<\/p>\n<p>&nbsp;<\/p>\n<p>&#8211; El\u00e1stico revestido para melhor veda\u00e7\u00e3o;<\/p>\n<p>&nbsp;<\/p>\n<p>&#8211; Embalagem com 10 unidades;<\/p>\n<p>&nbsp;<\/p>","protected":false},"excerpt":{"rendered":"<p>O Len\u00e7ol Descart\u00e1vel com El\u00e1stico em TNT foi desenvolvido para a prote\u00e7\u00e3o de macas e camas hospitalares, oferecendo conforto e seguran\u00e7a para os procedimentos est\u00e9ticos e para diversas \u00e1reas da sa\u00fade.<\/p>","protected":false},"featured_media":2619,"comment_status":"open","ping_status":"closed","template":"","meta":{"_joinchat":[]},"product_brand":[],"product_cat":[29],"product_tag":[],"class_list":{"0":"post-2618","1":"product","2":"type-product","3":"status-publish","4":"has-post-thumbnail","6":"product_cat-materiais-de-consumo","8":"first","9":"outofstock","10":"shipping-taxable","11":"purchasable","12":"product-type-simple"},"_links":{"self":[{"href":"https:\/\/www.medideal.com.br\/en\/wp-json\/wp\/v2\/product\/2618","targetHints":{"allow":["GET"]}}],"collection":[{"href":"https:\/\/www.medideal.com.br\/en\/wp-json\/wp\/v2\/product"}],"about":[{"href":"https:\/\/www.medideal.com.br\/en\/wp-json\/wp\/v2\/types\/product"}],"replies":[{"embeddable":true,"href":"https:\/\/www.medideal.com.br\/en\/wp-json\/wp\/v2\/comments?post=2618"}],"wp:featuredmedia":[{"embeddable":true,"href":"https:\/\/www.medideal.com.br\/en\/wp-json\/wp\/v2\/media\/2619"}],"wp:attachment":[{"href":"https:\/\/www.medideal.com.br\/en\/wp-json\/wp\/v2\/media?parent=2618"}],"wp:term":[{"taxonomy":"product_brand","embeddable":true,"href":"https:\/\/www.medideal.com.br\/en\/wp-json\/wp\/v2\/product_brand?post=2618"},{"taxonomy":"product_cat","embeddable":true,"href":"https:\/\/www.medideal.com.br\/en\/wp-json\/wp\/v2\/product_cat?post=2618"},{"taxonomy":"product_tag","embeddable":true,"href":"https:\/\/www.medideal.com.br\/en\/wp-json\/wp\/v2\/product_tag?post=2618"}],"curies":[{"name":"wp","href":"https:\/\/api.w.org\/{rel}","templated":true}]}}