{"id":2611,"date":"2023-11-30T12:32:41","date_gmt":"2023-11-30T15:32:41","guid":{"rendered":"https:\/\/www.medideal.com.br\/?post_type=product&#038;p=2611"},"modified":"2024-01-17T16:41:48","modified_gmt":"2024-01-17T19:41:48","slug":"lencol-papel-branco-50x50cm-fortclean","status":"publish","type":"product","link":"https:\/\/www.medideal.com.br\/en\/lencol-papel-branco-50x50cm-fortclean\/","title":{"rendered":"Len\u00e7ol Papel Branco 50cmX50m- FortClean"},"content":{"rendered":"<p>O len\u00e7ol de papel FORTCLEAN \u00e9 produzido com papel 100% celulose branco. \u00c9 um produto macio e absorvente, indicado para prote\u00e7\u00e3o de macas, camas e diferentes superf\u00edcies. Ideal para hospitais, consult\u00f3rios, cl\u00ednicas, ambulat\u00f3rios, atendimento em sa\u00fade, beleza e est\u00e9tica. Indicados para cobrir macas, camas e superf\u00edcies, promovendo uma prote\u00e7\u00e3o contra contato direto de pessoas com locais de uso comum.<\/p>\n<p>O uso de len\u00e7\u00f3is descart\u00e1veis oferece maior seguran\u00e7a para os pacientes, em locais que necessitam de cuidados com limpeza e higiene nas \u00e1reas cobertas pelo papel len\u00e7ol. Ideal para \u00e1rea m\u00e9dica, est\u00e9tica, hospitalar, odontol\u00f3gica, entre outras.<\/p>\n<p>R\u00e1pido, pr\u00e1tico e f\u00e1cil de fazer sua troca entre um paciente e outro.<\/p>","protected":false},"excerpt":{"rendered":"<p>O len\u00e7ol de papel FORTCLEAN \u00e9 produzido com papel 100% celulose branco. \u00c9 um produto macio e absorvente, indicado para prote\u00e7\u00e3o de macas, camas e diferentes superf\u00edcies.<\/p>","protected":false},"featured_media":2612,"comment_status":"open","ping_status":"closed","template":"","meta":{"_joinchat":[]},"product_brand":[],"product_cat":[29],"product_tag":[],"class_list":{"0":"post-2611","1":"product","2":"type-product","3":"status-publish","4":"has-post-thumbnail","6":"product_cat-materiais-de-consumo","8":"first","9":"instock","10":"shipping-taxable","11":"purchasable","12":"product-type-simple"},"_links":{"self":[{"href":"https:\/\/www.medideal.com.br\/en\/wp-json\/wp\/v2\/product\/2611","targetHints":{"allow":["GET"]}}],"collection":[{"href":"https:\/\/www.medideal.com.br\/en\/wp-json\/wp\/v2\/product"}],"about":[{"href":"https:\/\/www.medideal.com.br\/en\/wp-json\/wp\/v2\/types\/product"}],"replies":[{"embeddable":true,"href":"https:\/\/www.medideal.com.br\/en\/wp-json\/wp\/v2\/comments?post=2611"}],"wp:featuredmedia":[{"embeddable":true,"href":"https:\/\/www.medideal.com.br\/en\/wp-json\/wp\/v2\/media\/2612"}],"wp:attachment":[{"href":"https:\/\/www.medideal.com.br\/en\/wp-json\/wp\/v2\/media?parent=2611"}],"wp:term":[{"taxonomy":"product_brand","embeddable":true,"href":"https:\/\/www.medideal.com.br\/en\/wp-json\/wp\/v2\/product_brand?post=2611"},{"taxonomy":"product_cat","embeddable":true,"href":"https:\/\/www.medideal.com.br\/en\/wp-json\/wp\/v2\/product_cat?post=2611"},{"taxonomy":"product_tag","embeddable":true,"href":"https:\/\/www.medideal.com.br\/en\/wp-json\/wp\/v2\/product_tag?post=2611"}],"curies":[{"name":"wp","href":"https:\/\/api.w.org\/{rel}","templated":true}]}}