{"id":2609,"date":"2023-11-30T12:21:56","date_gmt":"2023-11-30T15:21:56","guid":{"rendered":"https:\/\/www.medideal.com.br\/?post_type=product&#038;p=2609"},"modified":"2024-01-17T16:33:58","modified_gmt":"2024-01-17T19:33:58","slug":"lanceta-de-seguranca-automatica-g-tech","status":"publish","type":"product","link":"https:\/\/www.medideal.com.br\/en\/lanceta-de-seguranca-automatica-g-tech\/","title":{"rendered":"Lanceta De Seguran\u00e7a Autom\u00e1tica  &#8211; G-Tech"},"content":{"rendered":"<p>\u00c9 um dispositivo est\u00e9ril, epirog\u00eanico e n\u00e3o t\u00f3xico de uso \u00fanico, indicado para obter amostras de sangue capilar para testes sangu\u00edneos obtido atrav\u00e9s do dedo ou de \u00e1reas alternativas &#8211; As lancetas s\u00e3o ideais para uso dom\u00e9stico e hospitalar.<\/p>\n<p>Caracter\u00edsticas:<br \/>\nAtende a NR 32<br \/>\nAutom\u00e1tica<br \/>\nAcionamento por contato<br \/>\nEspessura ultrafina (indolor)<br \/>\nPenetra\u00e7\u00e3o consistente<br \/>\nN\u00e3o permite reutiliza\u00e7\u00e3o<br \/>\nDescarte seguro<br \/>\nUso \u00fanico<\/p>\n<p>MODO DE USAR:<br \/>\n1. Lavar e secar as m\u00e3os. Passar \u00e1lcool 70% para assepsia da \u00e1rea utilizada.<br \/>\n2. Pressione a ponta de um dos dedos para perfurar com a lanceta.<br \/>\n3. Remova a tampa de prote\u00e7\u00e3o da Auto Lanceta.<br \/>\n4. Posicione e pressione a Auto Lanceta com firmeza sob a \u00e1rea a ser lancetada<br \/>\nEm seguida a amostra de sangue j\u00e1 est\u00e1 pronta para ser utilizada em seu teste. Ap\u00f3s o teste, a ponta da Lanceta n\u00e3o mais aparecer\u00e1 impedindo o reuso da mesma. Descarte-a em local apropriado (descarte de materiais perfurocortantes).<\/p>\n<p>Registro ANVISA: 80495510095<\/p>","protected":false},"excerpt":{"rendered":"<p>\u00c9 um dispositivo est\u00e9ril, epirog\u00eanico e n\u00e3o t\u00f3xico de uso \u00fanico, indicado para obter amostras de sangue capilar para testes sangu\u00edneos obtido atrav\u00e9s do dedo ou de \u00e1reas alternativas &#8211; As lancetas s\u00e3o ideais para uso dom\u00e9stico e hospitalar.<\/p>","protected":false},"featured_media":2610,"comment_status":"open","ping_status":"closed","template":"","meta":{"_joinchat":[]},"product_brand":[],"product_cat":[29],"product_tag":[],"class_list":{"0":"post-2609","1":"product","2":"type-product","3":"status-publish","4":"has-post-thumbnail","6":"product_cat-materiais-de-consumo","8":"first","9":"outofstock","10":"shipping-taxable","11":"purchasable","12":"product-type-simple"},"_links":{"self":[{"href":"https:\/\/www.medideal.com.br\/en\/wp-json\/wp\/v2\/product\/2609","targetHints":{"allow":["GET"]}}],"collection":[{"href":"https:\/\/www.medideal.com.br\/en\/wp-json\/wp\/v2\/product"}],"about":[{"href":"https:\/\/www.medideal.com.br\/en\/wp-json\/wp\/v2\/types\/product"}],"replies":[{"embeddable":true,"href":"https:\/\/www.medideal.com.br\/en\/wp-json\/wp\/v2\/comments?post=2609"}],"wp:featuredmedia":[{"embeddable":true,"href":"https:\/\/www.medideal.com.br\/en\/wp-json\/wp\/v2\/media\/2610"}],"wp:attachment":[{"href":"https:\/\/www.medideal.com.br\/en\/wp-json\/wp\/v2\/media?parent=2609"}],"wp:term":[{"taxonomy":"product_brand","embeddable":true,"href":"https:\/\/www.medideal.com.br\/en\/wp-json\/wp\/v2\/product_brand?post=2609"},{"taxonomy":"product_cat","embeddable":true,"href":"https:\/\/www.medideal.com.br\/en\/wp-json\/wp\/v2\/product_cat?post=2609"},{"taxonomy":"product_tag","embeddable":true,"href":"https:\/\/www.medideal.com.br\/en\/wp-json\/wp\/v2\/product_tag?post=2609"}],"curies":[{"name":"wp","href":"https:\/\/api.w.org\/{rel}","templated":true}]}}