{"id":2607,"date":"2023-11-30T11:55:41","date_gmt":"2023-11-30T14:55:41","guid":{"rendered":"https:\/\/www.medideal.com.br\/?post_type=product&#038;p=2607"},"modified":"2023-11-30T11:55:41","modified_gmt":"2023-11-30T14:55:41","slug":"kinesio-5cmx5m-bege-sportape","status":"publish","type":"product","link":"https:\/\/www.medideal.com.br\/en\/kinesio-5cmx5m-bege-sportape\/","title":{"rendered":"Kinesio 5cmX5m Bege &#8211; Sportape"},"content":{"rendered":"<p>A bandagem r\u00edgida KinesioSport n\u00e3o possui elasticidade e foi desenvolvida para garantir suporte e compress\u00e3o. Por ser uma bandagem de alta ades\u00e3o e resistente \u00e0 tra\u00e7\u00e3o, ela auxilia a adaptar, reposicionar e realinhar a musculatura e articula\u00e7\u00f5es, restringir movimento de ligamentos e tend\u00f5es, al\u00e9m de auxiliar na preven\u00e7\u00e3o de les\u00f5es durante a pr\u00e1tica de atividades f\u00edsicas. \u00c9 ideal para t\u00e9cnicas de preven\u00e7\u00e3o e reabilita\u00e7\u00e3o de les\u00f5es em modalidades como futebol, t\u00eanis, v\u00f4lei, corridas e basquete, aumentando a prote\u00e7\u00e3o de articula\u00e7\u00f5es como tornozelos, cotovelos, dedos e punhos.<\/p>\n<ul class=\"a-unordered-list a-vertical a-spacing-mini\">\n<li class=\"a-spacing-mini\"><span class=\"a-list-item\">Previne les\u00f5es<\/span><\/li>\n<li class=\"a-spacing-mini\"><span class=\"a-list-item\">Imobiliza e reduz amplitude do movimento de articula\u00e7\u00f5es<\/span><\/li>\n<li class=\"a-spacing-mini\"><span class=\"a-list-item\">Estabiliza e corrige o posicionamento articular<\/span><\/li>\n<li class=\"a-spacing-mini\"><span class=\"a-list-item\">Hipoalerg\u00eanica, feita de 100% algod\u00e3o, sem l\u00e1tex<\/span><\/li>\n<li class=\"a-spacing-mini\"><span class=\"a-list-item\">N\u00e3o possui medicamento em sua composi\u00e7\u00e3o<\/span><\/li>\n<li class=\"a-spacing-mini\"><span class=\"a-list-item\">Pode ser aplicada em qualquer m\u00fasculo ou articula\u00e7\u00e3o do corpo<\/span><\/li>\n<\/ul>","protected":false},"excerpt":{"rendered":"<p>A bandagem r\u00edgida KinesioSport n\u00e3o possui elasticidade e foi desenvolvida para garantir suporte e compress\u00e3o. Por ser uma bandagem de alta ades\u00e3o e resistente \u00e0 tra\u00e7\u00e3o, ela auxilia a adaptar, reposicionar e realinhar a musculatura e articula\u00e7\u00f5es, restringir movimento de ligamentos e tend\u00f5es, al\u00e9m de auxiliar na preven\u00e7\u00e3o de les\u00f5es durante a pr\u00e1tica de atividades [&hellip;]<\/p>","protected":false},"featured_media":2608,"comment_status":"open","ping_status":"closed","template":"","meta":{"_joinchat":[]},"product_brand":[],"product_cat":[26],"product_tag":[],"class_list":{"0":"post-2607","1":"product","2":"type-product","3":"status-publish","4":"has-post-thumbnail","6":"product_cat-curativos","8":"first","9":"outofstock","10":"shipping-taxable","11":"purchasable","12":"product-type-simple"},"_links":{"self":[{"href":"https:\/\/www.medideal.com.br\/en\/wp-json\/wp\/v2\/product\/2607","targetHints":{"allow":["GET"]}}],"collection":[{"href":"https:\/\/www.medideal.com.br\/en\/wp-json\/wp\/v2\/product"}],"about":[{"href":"https:\/\/www.medideal.com.br\/en\/wp-json\/wp\/v2\/types\/product"}],"replies":[{"embeddable":true,"href":"https:\/\/www.medideal.com.br\/en\/wp-json\/wp\/v2\/comments?post=2607"}],"wp:featuredmedia":[{"embeddable":true,"href":"https:\/\/www.medideal.com.br\/en\/wp-json\/wp\/v2\/media\/2608"}],"wp:attachment":[{"href":"https:\/\/www.medideal.com.br\/en\/wp-json\/wp\/v2\/media?parent=2607"}],"wp:term":[{"taxonomy":"product_brand","embeddable":true,"href":"https:\/\/www.medideal.com.br\/en\/wp-json\/wp\/v2\/product_brand?post=2607"},{"taxonomy":"product_cat","embeddable":true,"href":"https:\/\/www.medideal.com.br\/en\/wp-json\/wp\/v2\/product_cat?post=2607"},{"taxonomy":"product_tag","embeddable":true,"href":"https:\/\/www.medideal.com.br\/en\/wp-json\/wp\/v2\/product_tag?post=2607"}],"curies":[{"name":"wp","href":"https:\/\/api.w.org\/{rel}","templated":true}]}}