{"id":2604,"date":"2023-11-30T11:40:20","date_gmt":"2023-11-30T14:40:20","guid":{"rendered":"https:\/\/www.medideal.com.br\/?post_type=product&#038;p=2604"},"modified":"2023-11-30T11:42:51","modified_gmt":"2023-11-30T14:42:51","slug":"gel-de-ultrassom-500g-multigel","status":"publish","type":"product","link":"https:\/\/www.medideal.com.br\/en\/gel-de-ultrassom-500g-multigel\/","title":{"rendered":"Gel De Ultrassom 2kg &#8211; Multigel"},"content":{"rendered":"<p>O Gel para Ultrassom\u00a0Frasco 250g\u00a0\u00e9 recomendado para uso como meio de contato para transmiss\u00e3o ultrass\u00f4nica, em aparelhos de ultrassonografia, dopplers e similares. N\u00e3o ataca o transdutor, \u00e9 inodoro, incolor, n\u00e3o escorre, n\u00e3o \u00e9 gorduroso e principalmente n\u00e3o irrita a pele. O\u00a0Gel\u00a0da\u00a0Multigel, \u00e9 um produto especialmente elaborado por m\u00e9dicos ultrassonografistas, com mat\u00e9rias primas importadas, de alt\u00edssima qualidade.<br \/>\nO Gel Condutor Incolor Multigel, foi desenvolvido para a realiza\u00e7\u00e3o do contato entre o meio condutor e a pele. Ele auxilia a acoplar adequadamente eletrodos e cabe\u00e7otes e ainda realizar a condu\u00e7\u00e3o da energia aplicada a qualquer aparelho que necessite de um meio de contato. Pode ser utilizado em ultrassonografias, eletrodos, desfibriladores, fisioterapias, est\u00e9tica, TENS, FEZ, LIP, laser, e qualquer aparelho de eletroterapia e\/ou procedimentos externo que requer gel como meio de contato. Possui consist\u00eancia fir Isento de \u00e1lcool e sal, n\u00e3o ressecando e danificando o transdutor e assim, aumentando a vida \u00fatil do equipamento. A embalagem bag \u00e9 de alta resist\u00eancia e proporciona maior controle da quantidade \u00e0 ser utilizada, evitando desperd\u00edcios. \u00c9 at\u00f3xico, inodoro, hidrossol\u00favel e facilmente remov\u00edvel, tudo isso para que voc\u00ea tenha seguran\u00e7a e confiabilidade no uso. me, n\u00e3o escorre, n\u00e3o gruda, n\u00e3o deixa res\u00edduos na pele, livre de parabenos, alta condutividade e poder deslizante.<\/p>\n<p>Este tipo de gel n\u00e3o possui ativos para ser permeado durante a aplica\u00e7\u00e3o do aparelho, ele \u00e9 espec\u00edfico para contato e difus\u00e3o das energias emitidas pelos equipamentos.<\/p>\n<p><strong>Diferenciais<\/strong><\/p>\n<ul>\n<li>Seguro:\u00a0hipoalerg\u00eanico, at\u00f3xico e inodoro, conferindo maior conforto e seguran\u00e7a ao paciente;<\/li>\n<li>Confi\u00e1vel:\u00a0isento de \u00e1lcool e sal, n\u00e3o ressecando e danificando o equipamento;<\/li>\n<li>Eficiente:\u00a0possui consist\u00eancia firme, n\u00e3o escorre, n\u00e3o gruda, n\u00e3o deixa res\u00edduos na pele, livre de parabenos, alta condutividade e poder deslizante;<\/li>\n<li>Pr\u00e1tico:\u00a0embalado em bag de alta resist\u00eancia, com maior controle da quantidade \u00e0 ser utilizada e ainda promove menor risco de contamina\u00e7\u00e3o.<\/li>\n<\/ul>\n<p><strong>Indica\u00e7\u00f5es<\/strong><\/p>\n<p>Utilizado como meio de contato para tratamentos fisioterap\u00eauticos, est\u00e9ticos e procedimentos m\u00e9dicos em geral.<\/p>","protected":false},"excerpt":{"rendered":"<p>Utilizado como meio de contato para tratamentos fisioterap\u00eauticos, est\u00e9ticos e procedimentos m\u00e9dicos em geral.<\/p>","protected":false},"featured_media":2605,"comment_status":"open","ping_status":"closed","template":"","meta":{"_joinchat":[]},"product_brand":[],"product_cat":[29],"product_tag":[],"class_list":{"0":"post-2604","1":"product","2":"type-product","3":"status-publish","4":"has-post-thumbnail","6":"product_cat-materiais-de-consumo","8":"first","9":"outofstock","10":"shipping-taxable","11":"purchasable","12":"product-type-simple"},"_links":{"self":[{"href":"https:\/\/www.medideal.com.br\/en\/wp-json\/wp\/v2\/product\/2604","targetHints":{"allow":["GET"]}}],"collection":[{"href":"https:\/\/www.medideal.com.br\/en\/wp-json\/wp\/v2\/product"}],"about":[{"href":"https:\/\/www.medideal.com.br\/en\/wp-json\/wp\/v2\/types\/product"}],"replies":[{"embeddable":true,"href":"https:\/\/www.medideal.com.br\/en\/wp-json\/wp\/v2\/comments?post=2604"}],"wp:featuredmedia":[{"embeddable":true,"href":"https:\/\/www.medideal.com.br\/en\/wp-json\/wp\/v2\/media\/2605"}],"wp:attachment":[{"href":"https:\/\/www.medideal.com.br\/en\/wp-json\/wp\/v2\/media?parent=2604"}],"wp:term":[{"taxonomy":"product_brand","embeddable":true,"href":"https:\/\/www.medideal.com.br\/en\/wp-json\/wp\/v2\/product_brand?post=2604"},{"taxonomy":"product_cat","embeddable":true,"href":"https:\/\/www.medideal.com.br\/en\/wp-json\/wp\/v2\/product_cat?post=2604"},{"taxonomy":"product_tag","embeddable":true,"href":"https:\/\/www.medideal.com.br\/en\/wp-json\/wp\/v2\/product_tag?post=2604"}],"curies":[{"name":"wp","href":"https:\/\/api.w.org\/{rel}","templated":true}]}}