{"id":2600,"date":"2023-11-30T11:37:16","date_gmt":"2023-11-30T14:37:16","guid":{"rendered":"https:\/\/www.medideal.com.br\/?post_type=product&#038;p=2600"},"modified":"2024-01-17T16:26:48","modified_gmt":"2024-01-17T19:26:48","slug":"gel-condutor-5kg-multigel","status":"publish","type":"product","link":"https:\/\/www.medideal.com.br\/en\/gel-condutor-5kg-multigel\/","title":{"rendered":"Gel Condutor 5kg &#8211; Multigel"},"content":{"rendered":"<table id=\"productattributes\" class=\"table table-striped productattributes\">\n<tbody>\n<tr>\n<th>Indica\u00e7\u00f5es<\/th>\n<td>Uso em Ultra-sonografia Diagn\u00f3stica, Ec\u00f3grafos, Dopplers e similares.<\/td>\n<\/tr>\n<tr>\n<th>Composi\u00e7\u00e3o<\/th>\n<td>Carb\u00f4mero, \u00e1gua deionizada, conservante, umectante, alcalinizante e sequestrante.<\/td>\n<\/tr>\n<tr>\n<th>Diferenciais e benef\u00edcios<\/th>\n<td>\u00c9 sol\u00favel em \u00e1gua, facilmente remov\u00edvel, n\u00e3o gorduroso, n\u00e3o escorre, n\u00e3o mancha, n\u00e3o irrita a pele;<\/p>\n<p>Sua f\u00f3rmula exclusiva resulta em uma pel\u00edcula com grande poder deslizador, maior rendimento e excelente condutividade s\u00f4nica;<\/p>\n<p>Auxilia na conserva\u00e7\u00e3o dos transdutores.<\/td>\n<\/tr>\n<tr>\n<th>Modo de Usar<\/th>\n<td>Aplique Ultra-Gel sobre a \u00e1rea a ser examinada ou diretamente no transdutor.<\/td>\n<\/tr>\n<\/tbody>\n<\/table>","protected":false},"excerpt":{"rendered":"<p>Uso em Ultra-sonografia Diagn\u00f3stica, Ec\u00f3grafos, Dopplers e similares.<\/p>","protected":false},"featured_media":2601,"comment_status":"open","ping_status":"closed","template":"","meta":{"_joinchat":[]},"product_brand":[],"product_cat":[29],"product_tag":[],"class_list":{"0":"post-2600","1":"product","2":"type-product","3":"status-publish","4":"has-post-thumbnail","6":"product_cat-materiais-de-consumo","8":"first","9":"instock","10":"shipping-taxable","11":"purchasable","12":"product-type-simple"},"_links":{"self":[{"href":"https:\/\/www.medideal.com.br\/en\/wp-json\/wp\/v2\/product\/2600","targetHints":{"allow":["GET"]}}],"collection":[{"href":"https:\/\/www.medideal.com.br\/en\/wp-json\/wp\/v2\/product"}],"about":[{"href":"https:\/\/www.medideal.com.br\/en\/wp-json\/wp\/v2\/types\/product"}],"replies":[{"embeddable":true,"href":"https:\/\/www.medideal.com.br\/en\/wp-json\/wp\/v2\/comments?post=2600"}],"wp:featuredmedia":[{"embeddable":true,"href":"https:\/\/www.medideal.com.br\/en\/wp-json\/wp\/v2\/media\/2601"}],"wp:attachment":[{"href":"https:\/\/www.medideal.com.br\/en\/wp-json\/wp\/v2\/media?parent=2600"}],"wp:term":[{"taxonomy":"product_brand","embeddable":true,"href":"https:\/\/www.medideal.com.br\/en\/wp-json\/wp\/v2\/product_brand?post=2600"},{"taxonomy":"product_cat","embeddable":true,"href":"https:\/\/www.medideal.com.br\/en\/wp-json\/wp\/v2\/product_cat?post=2600"},{"taxonomy":"product_tag","embeddable":true,"href":"https:\/\/www.medideal.com.br\/en\/wp-json\/wp\/v2\/product_tag?post=2600"}],"curies":[{"name":"wp","href":"https:\/\/api.w.org\/{rel}","templated":true}]}}