{"id":2598,"date":"2023-11-30T11:33:32","date_gmt":"2023-11-30T14:33:32","guid":{"rendered":"https:\/\/www.medideal.com.br\/?post_type=product&#038;p=2598"},"modified":"2024-01-23T14:19:20","modified_gmt":"2024-01-23T17:19:20","slug":"gaze-esteril-13-fios-nobre-pacote-c-10-unidades","status":"publish","type":"product","link":"https:\/\/www.medideal.com.br\/en\/gaze-esteril-13-fios-nobre-pacote-c-10-unidades\/","title":{"rendered":"Gaze Est\u00e9ril 13 Fios Nobre &#8211; Pacote C\/ 10 Unidades"},"content":{"rendered":"<p><strong><span class=\"sc-kpDqfm qhIEo\" data-testid=\"product-detail-title\">gaze est\u00e9ril 13 fios embalagem 10un nobre 01un<\/span><\/strong><\/p>\n<div class=\"sc-fqkvVR heuZyN sc-dnvZjJ dtJjfe\" data-testid=\"product-detail-description\">\n<div class=\"sc-fqkvVR hlqElk sc-jcdlHQ cxsdMT\" data-testid=\"rich-content-container\">Compressa de Gaze Est\u00e9ril 13 fios Nobre Pacotinho com 10un.* \u00c9 elaborada a partir de tecido hidr\u00f3filo 100% algod\u00e3o, isento de impurezas, alvejante \u00f3ptico e res\u00edduo de amido.* Seu tecido \u00e9 neutro, macio, altamente absorvente e inodoro.* Esterilizado por \u00d3xido de Etileno (e. T. O).* 5 Dobras;* 8 camadas;* 1 envelope com 10 unidades;* Descartar ap\u00f3s o uso.<\/div>\n<\/div>","protected":false},"excerpt":{"rendered":"<p>Compressa de Gaze Est\u00e9ril 13 fios Nobre Pacotinho com 10un.<\/p>","protected":false},"featured_media":2599,"comment_status":"closed","ping_status":"closed","template":"","meta":{"_joinchat":[]},"product_brand":[],"product_cat":[26],"product_tag":[],"class_list":{"0":"post-2598","1":"product","2":"type-product","3":"status-publish","4":"has-post-thumbnail","6":"product_cat-curativos","8":"first","9":"outofstock","10":"shipping-taxable","11":"product-type-simple"},"_links":{"self":[{"href":"https:\/\/www.medideal.com.br\/en\/wp-json\/wp\/v2\/product\/2598","targetHints":{"allow":["GET"]}}],"collection":[{"href":"https:\/\/www.medideal.com.br\/en\/wp-json\/wp\/v2\/product"}],"about":[{"href":"https:\/\/www.medideal.com.br\/en\/wp-json\/wp\/v2\/types\/product"}],"replies":[{"embeddable":true,"href":"https:\/\/www.medideal.com.br\/en\/wp-json\/wp\/v2\/comments?post=2598"}],"wp:featuredmedia":[{"embeddable":true,"href":"https:\/\/www.medideal.com.br\/en\/wp-json\/wp\/v2\/media\/2599"}],"wp:attachment":[{"href":"https:\/\/www.medideal.com.br\/en\/wp-json\/wp\/v2\/media?parent=2598"}],"wp:term":[{"taxonomy":"product_brand","embeddable":true,"href":"https:\/\/www.medideal.com.br\/en\/wp-json\/wp\/v2\/product_brand?post=2598"},{"taxonomy":"product_cat","embeddable":true,"href":"https:\/\/www.medideal.com.br\/en\/wp-json\/wp\/v2\/product_cat?post=2598"},{"taxonomy":"product_tag","embeddable":true,"href":"https:\/\/www.medideal.com.br\/en\/wp-json\/wp\/v2\/product_tag?post=2598"}],"curies":[{"name":"wp","href":"https:\/\/api.w.org\/{rel}","templated":true}]}}