{"id":2595,"date":"2023-11-30T11:27:26","date_gmt":"2023-11-30T14:27:26","guid":{"rendered":"https:\/\/www.medideal.com.br\/?post_type=product&#038;p=2595"},"modified":"2024-01-17T16:22:52","modified_gmt":"2024-01-17T19:22:52","slug":"pacote-de-gaze-11-fios-clean","status":"publish","type":"product","link":"https:\/\/www.medideal.com.br\/en\/pacote-de-gaze-11-fios-clean\/","title":{"rendered":"Pacote de Gaze 11 Fios &#8211; Clean"},"content":{"rendered":"<p><b>Especifica\u00e7\u00f5es:<\/b><br \/>\n*Gaze n\u00e3o est\u00e9ril.<br \/>\n*11 fios.<br \/>\n*100% algod\u00e3o.<br \/>\n*5 dobras e 8 camadas.<br \/>\n*Tamanho 7,5cm x 7,5cm.<br \/>\n*Peso total 190g.<\/p>\n<p><b>Indica\u00e7\u00f5es:<\/b><br \/>\n*Utilizada dentro da \u00e1rea m\u00e9dico-hospitalar, sendo indicada para limpeza e prote\u00e7\u00e3o da pele lesada.<br \/>\n*Esse produto \u00e9 utilizado tamb\u00e9m na \u00e1rea de est\u00e9tica para a limpeza de pele, remo\u00e7\u00e3o de maquiagens e tamb\u00e9m \u00e9 utilizado na limpeza de instrumentais cir\u00fargicos.<\/p>\n<p><b>Recomenda\u00e7\u00f5es:<\/b><br \/>\n*Ap\u00f3s o uso descartar em local apropriado para materiais potencialmente contaminados.<br \/>\n*O produto \u00e9 destinado aos profissionais da \u00e1rea m\u00e9dico-hospitalar, devidamente especializados e familiarizados com as t\u00e9cnicas e procedimentos que envolvem seu uso.<\/p>","protected":false},"excerpt":{"rendered":"<p>Utilizada dentro da \u00e1rea m\u00e9dico-hospitalar, sendo indicada para limpeza e prote\u00e7\u00e3o da pele lesada.<\/p>","protected":false},"featured_media":2594,"comment_status":"open","ping_status":"closed","template":"","meta":{"_joinchat":[]},"product_brand":[],"product_cat":[26],"product_tag":[],"class_list":{"0":"post-2595","1":"product","2":"type-product","3":"status-publish","4":"has-post-thumbnail","6":"product_cat-curativos","8":"first","9":"instock","10":"shipping-taxable","11":"purchasable","12":"product-type-simple"},"_links":{"self":[{"href":"https:\/\/www.medideal.com.br\/en\/wp-json\/wp\/v2\/product\/2595","targetHints":{"allow":["GET"]}}],"collection":[{"href":"https:\/\/www.medideal.com.br\/en\/wp-json\/wp\/v2\/product"}],"about":[{"href":"https:\/\/www.medideal.com.br\/en\/wp-json\/wp\/v2\/types\/product"}],"replies":[{"embeddable":true,"href":"https:\/\/www.medideal.com.br\/en\/wp-json\/wp\/v2\/comments?post=2595"}],"wp:featuredmedia":[{"embeddable":true,"href":"https:\/\/www.medideal.com.br\/en\/wp-json\/wp\/v2\/media\/2594"}],"wp:attachment":[{"href":"https:\/\/www.medideal.com.br\/en\/wp-json\/wp\/v2\/media?parent=2595"}],"wp:term":[{"taxonomy":"product_brand","embeddable":true,"href":"https:\/\/www.medideal.com.br\/en\/wp-json\/wp\/v2\/product_brand?post=2595"},{"taxonomy":"product_cat","embeddable":true,"href":"https:\/\/www.medideal.com.br\/en\/wp-json\/wp\/v2\/product_cat?post=2595"},{"taxonomy":"product_tag","embeddable":true,"href":"https:\/\/www.medideal.com.br\/en\/wp-json\/wp\/v2\/product_tag?post=2595"}],"curies":[{"name":"wp","href":"https:\/\/api.w.org\/{rel}","templated":true}]}}