{"id":259,"date":"2023-09-08T15:14:53","date_gmt":"2023-09-08T18:14:53","guid":{"rendered":"https:\/\/www.medideal.com.br\/?post_type=product&#038;p=259"},"modified":"2024-01-10T11:28:10","modified_gmt":"2024-01-10T14:28:10","slug":"estetoscopio-spirit-cardiology-master-azul-marinho","status":"publish","type":"product","link":"https:\/\/www.medideal.com.br\/en\/estetoscopio-spirit-cardiology-master-azul-marinho\/","title":{"rendered":"Estetosc\u00f3pio Spirit Cardiology Master Azul Marinho"},"content":{"rendered":"<h4>Estetosc\u00f3pio Spirit\u00ae Cardiology Master Azul Marinho<\/h4>\n<p>O Estetosc\u00f3pio Spirit\u00ae Master PRO MD \u00e9 destinado para o diagn\u00f3stico m\u00e9dico adulto, sendo utilizado para a amplifica\u00e7\u00e3o de sons card\u00edacos, pulmonares ou de quaisquer outros sons corporais, como a ausculta\u00e7\u00e3o normal e filtragem seletiva da frequ\u00eancia. Possui auscultador (camp\u00e2nula) oval, que permite f\u00e1cil acesso aos locais de ausculta\u00e7\u00e3o delicada. Com seu diafragma (membrana) de tecnologia multi-frequ\u00eancia avan\u00e7ada, \u00e9 de f\u00e1cil uso e excelente ac\u00fastica, de 20Hz a 500Hz para ausculta\u00e7\u00e3o dos sons gerais. Seu auscultador \u00e9 produzito em a\u00e7o inox 304, com design arrojado, que combina com os modos tradicionais de dispositivos tor\u00e1cios, auscultador (camp\u00e2nula) e diafragma (membrana) em um s\u00f3 lado. Para alcan\u00e7ar excelentes resultados das multi-frequ\u00eancias, \u00e9 apenas necess\u00e1rio alternar a press\u00e3o sobre a pele do paciente, n\u00e3o necessitando mudar o lado do auscultador. Molas internas refor\u00e7adas com camada dupla de metal, para maior resist\u00eancia e melhor ajuste da tens\u00e3o. Hastes binaurais ADVANCED SOFT\u2122, s\u00e3o leves, mais resistentes e ajustadas a um \u00e2ngulo de 15\u00b0, o que proporciona um retorno ac\u00fastico confort\u00e1vel e adequado. Caso deseje reduzir a tens\u00e3o nas hastes, segure firmemente com as m\u00e3os no centro do &#8220;Y&#8221; e com os polegares aplique for\u00e7a gradualmente para fora at\u00e9 obter a tens\u00e3o desejada. Para aumentar a tens\u00e3o realize o mesmo procedimento aplicando for\u00e7a para dentro. Melhor resposta das frequ\u00eancias, com graves e agudos bem definidos. Possui auscultador (camp\u00e2nula) com tecnologia multifrequ\u00eancia avan\u00e7ada, que permite que o diafragma (membrana) sintoniz\u00e1vel capte uma ampla gama de frequ\u00eancias, baixas e altas, somente intercalando a press\u00e3o sobre o dispositivo durante o exame, sem a necessidade de alternar o lado do auscultador (camp\u00e2nula). Vale ressaltar que \u00e9 necess\u00e1rio o anel de fixa\u00e7\u00e3o para vedar o diafragma (membrana) sintoniz\u00e1vel. Olivas macias ADVANCED SOFT\u2122, com tecnologia de Nano silicone, ajustam-se anatomicamente ao canal auditivo, permitindo maior conforto. Seu encaixe sem rosca cria uma excelente veda\u00e7\u00e3o ac\u00fastica, n\u00e3o absorvem sujeiras e s\u00e3o de f\u00e1cil limpeza. Utiliza sistema de anel n\u00e3o frio (anti-frio) para maior conforto t\u00e9rmico do paciente. Tubo com L\u00famen \u00fanico em PVC, um caminho de som dentro de um tubo interno. N\u00e3o cont\u00e9m l\u00e1tex e DEHP (Ftalatos).<\/p>\n<p><b>Caracter\u00edsticas do produto:<\/b><\/p>\n<p>\u2022 O Spirit\u00ae Cardiology Master \u00e9 destinado ao diagn\u00f3stico m\u00e9dico adulto, amplifica os sons card\u00edacos, pulmonares ou quaisquer outros sons corporais;<br \/>\n\u2022 Revestimento n\u00e3o frio (anti-frio), criando maior conforto ao paciente;<br \/>\n\u2022 Auscultador (camp\u00e2nula) Multi-Frequ\u00eancia;<br \/>\n\u2022 Auscultador (camp\u00e2nula) com diafragma (membrana) adulto sintoniz\u00e1vel, permite auscultar sons de baixas e altas frequ\u00eancias, sem a necessidade de mudar o lado do auscultador. N\u00e3o interrompe o contato com o corpo do paciente. Vale ressaltar que \u00e9 necess\u00e1rio o anel de fixa\u00e7\u00e3o para vedar o diafragma (membrana) sintoniz\u00e1vel<br \/>\n\u2022 Auscultador (camp\u00e2nula) fabricado em a\u00e7o inox, melhor resposta das frequ\u00eancias, com graves e agudos bem definidos.<br \/>\n\u2022 Hastes binaurais ADVANCED SOFT\u2122, s\u00e3o leves, mais resistentes, e ajustadas a um \u00e2ngulo de 15\u00b0, o que proporciona melhor ergonomia e conforto;<br \/>\n\u2022 Olivas macias ADVANCED SOFT\u2122, com tecnologia de nano silicone, ajustam-se anatomicamente ao canal auditivo, permitindo maior conforto;<br \/>\n\u2022 Olivas com encaixe sem rosca, criam uma excelente veda\u00e7\u00e3o ac\u00fastica, n\u00e3o absorvem sujeiras e s\u00e3o de f\u00e1cil limpeza;<br \/>\n\u2022 Molas internas refor\u00e7adas com camada dupla de metal, para maior resist\u00eancia e melhor ajuste da tens\u00e3o;<br \/>\n\u2022 N\u00e3o cont\u00e9m l\u00e1tex e DEHP (Ftalatos);<br \/>\n\u2022 Garantia de 10 anos contra defeitos de fabrica\u00e7\u00e3o.<\/p>\n<p><b>Instru\u00e7\u00e3o de Uso:<\/b><\/p>\n<p>\u2022 Segure o auscultador com o polegar e o dedo indicador. Deslize o cabo entre o dedo indicador e m\u00e9dio. O produto possui sistema n\u00e3o fio (anti-frio), por isso n\u00e3o torna-se necess\u00e1rio aquec\u00ea-lo antes de entrar em contato com o paciente. Baixa frequ\u00eancia: Para ouvir os sons de baixas frequ\u00eancias (modo sino tradicional), deve-se fazer uma leve pres\u00e3o sobre a pele. Alta Frequ\u00eancia: Para ouvir sons de altas frequ\u00eancias (modo de diafragma tradicional) deve-se pressionar firmemente o auscultador;<br \/>\n\u2022 Para ouvir os sons de baixa e alta frequ\u00eancia alterne entre uma leve ou forte press\u00e3o sobre auscultador.<\/p>\n<p><b>Pe\u00e7as de Reposi\u00e7\u00e3o e Acess\u00f3rios:<\/b><\/p>\n<p>\u2022 02 pares de Olivas Macias ADVANCED SOFT\u2122;<br \/>\n\u2022 01 identificador de nome.<\/p>\n<p><b>Cuidados e Precau\u00e7\u00f5es:<\/b><\/p>\n<p>\u2022 N\u00e3o \u00e9 recomendado expor o estetosc\u00f3pio a temperaturas extremas;<br \/>\n\u2022 O uso regular do estetosc\u00f3pio pendurado no pesco\u00e7o, em contato com a oleosidade natural da pele humana, pode resultar no endurecimento do seu tubo de PVC;<br \/>\n\u2022 Quando usado ao redor do pesco\u00e7o, recomenda-se que o tubo seja colocado em cima da gola;<br \/>\n\u2022 Realizar manuten\u00e7\u00e3o peri\u00f3dica no tubo, passando um protetor de vinil ou \u00f3leo mineral, para manter o tubo flex\u00edvel e male\u00e1vel;<br \/>\n\u2022 N\u00e3o submerja seu estetosc\u00f3pio em nenhum l\u00edquido, nem o submeta a esteriliza\u00e7\u00e3o \u00e0 vapor.<\/p>\n<p><b>Limpeza e Desinfec\u00e7\u00e3o:<\/b><\/p>\n<p>\u2022 Todos os componentes do estetosc\u00f3pio, exceto o tubo de PVC, podem ser limpos usando um pano macio umedecido com \u00e1gua e sab\u00e3o neutro ou \u00e1lcool 70% isoprop\u00edlico;<br \/>\n\u2022 O tubo de PVC deve ser limpo somente com \u00e1gua e sab\u00e3o neutro. O uso do \u00e1lcool pode causar manchas e descolora\u00e7\u00e3o do tubo;<br \/>\n\u2022 Em condi\u00e7\u00f5es normais n\u00e3o \u00e9 necess\u00e1ria a remo\u00e7\u00e3o do anel de borracha e diafragma para limpeza;<br \/>\n\u2022 As olivas podem ser separadas dos tubos auriculares para efetuar uma limpeza completa (Certifique-se que as olivas est\u00e3o firmemente encaixadas antes de us\u00e1-lo);<br \/>\n\u2022 Entre os exames de pacientes, o diafragma e o auscultador podem ser limpos com \u00e1lcool, assim como as olivas, especialmente quando houver mais de um usu\u00e1rio utilizando o estetosc\u00f3pio;<br \/>\n\u2022 Seque bem todas as pe\u00e7as do estetosc\u00f3pio ap\u00f3s a limpeza.<\/p>\n<p><b>Armazenagem e Conserva\u00e7\u00e3o:<\/b><\/p>\n<p>\u2022 Deve ser armazenado em local limpo e seco;<br \/>\n\u2022 Deve-se evitar o contato com \u00f3leos e solventes.<\/p>\n<p><b>Certifica\u00e7\u00e3o e Qualidade:<\/b><\/p>\n<p>\u2022 ANVISA: 80070210076;<br \/>\n\u2022 GMP \u2013 Good Manufacturing Practice (Boas Pr\u00e1ticas de Fabrica\u00e7\u00e3o);<br \/>\n\u2022 FDA U.S. \u2013 Food and Drug Administration;<br \/>\n\u2022 CE 0434; \u2022 ISO13485.<\/p>\n<p><b>Assist\u00eancia T\u00e9cnica:<\/b><\/p>\n<p>\u2022 Consulte a Assist\u00eancia T\u00e9cnica sobre quaisquer d\u00favidas sobre o funcionamento ou opera\u00e7\u00e3o do instrumento, bem como reparos ou manuten\u00e7\u00e3o corretiva que venham a ser necess\u00e1rios.<\/p>\n<p>Assist\u00eancia T\u00e9cnica Autorizada: Com\u00e9rcio de Materiais M\u00e9dicos Hospitalares Macrosul Ltda. Rua: J\u00falio Bartolomeu Taborda Luiz, 270 &#8211; Bairro: Atuba. CEP 82600-070 &#8211; Curitiba &#8211; Paran\u00e1. Tel\/Fax: (41) 2102-8344. Email: suporte@macrosul.com.<\/p>\n<p><b>Garantia:<\/b><\/p>\n<p>\u2022 Para utiliza\u00e7\u00e3o da garantia, \u00e9 necess\u00e1rio apresenta\u00e7\u00e3o da Nota Fiscal de compra e a caixa original do produto;<br \/>\n\u2022 10 anos de garantia contra defeitos de fabrica\u00e7\u00e3o.<\/p>","protected":false},"excerpt":{"rendered":"<p>O Estetosc\u00f3pio Spirit\u00ae Master PRO MD \u00e9 destinado para o diagn\u00f3stico m\u00e9dico adulto, sendo utilizado para a amplifica\u00e7\u00e3o de sons card\u00edacos, pulmonares ou de quaisquer outros sons corporais, como a ausculta\u00e7\u00e3o normal e filtragem seletiva da frequ\u00eancia.<\/p>","protected":false},"featured_media":260,"comment_status":"open","ping_status":"closed","template":"","meta":{"_joinchat":[]},"product_brand":[],"product_cat":[15],"product_tag":[],"class_list":{"0":"post-259","1":"product","2":"type-product","3":"status-publish","4":"has-post-thumbnail","6":"product_cat-estetoscopio","8":"first","9":"outofstock","10":"shipping-taxable","11":"purchasable","12":"product-type-simple"},"_links":{"self":[{"href":"https:\/\/www.medideal.com.br\/en\/wp-json\/wp\/v2\/product\/259","targetHints":{"allow":["GET"]}}],"collection":[{"href":"https:\/\/www.medideal.com.br\/en\/wp-json\/wp\/v2\/product"}],"about":[{"href":"https:\/\/www.medideal.com.br\/en\/wp-json\/wp\/v2\/types\/product"}],"replies":[{"embeddable":true,"href":"https:\/\/www.medideal.com.br\/en\/wp-json\/wp\/v2\/comments?post=259"}],"wp:featuredmedia":[{"embeddable":true,"href":"https:\/\/www.medideal.com.br\/en\/wp-json\/wp\/v2\/media\/260"}],"wp:attachment":[{"href":"https:\/\/www.medideal.com.br\/en\/wp-json\/wp\/v2\/media?parent=259"}],"wp:term":[{"taxonomy":"product_brand","embeddable":true,"href":"https:\/\/www.medideal.com.br\/en\/wp-json\/wp\/v2\/product_brand?post=259"},{"taxonomy":"product_cat","embeddable":true,"href":"https:\/\/www.medideal.com.br\/en\/wp-json\/wp\/v2\/product_cat?post=259"},{"taxonomy":"product_tag","embeddable":true,"href":"https:\/\/www.medideal.com.br\/en\/wp-json\/wp\/v2\/product_tag?post=259"}],"curies":[{"name":"wp","href":"https:\/\/api.w.org\/{rel}","templated":true}]}}