{"id":2589,"date":"2023-11-30T11:08:14","date_gmt":"2023-11-30T14:08:14","guid":{"rendered":"https:\/\/www.medideal.com.br\/?post_type=product&#038;p=2589"},"modified":"2024-02-21T11:54:28","modified_gmt":"2024-02-21T14:54:28","slug":"fita-micropore-100mmx10m-ciex","status":"publish","type":"product","link":"https:\/\/www.medideal.com.br\/en\/fita-micropore-100mmx10m-ciex\/","title":{"rendered":"Fita Micropore 100mmX10m &#8211; Ciex"},"content":{"rendered":"<table id=\"productattributes\" class=\"table table-striped productattributes\">\n<tbody>\n<tr>\n<th>Indica\u00e7\u00f5es<\/th>\n<td>Indicada para fixa\u00e7\u00e3o de curativos e bandagens, prote\u00e7\u00e3o de cortes, etc.<\/p>\n<p>Destruir ap\u00f3s o uso;produto n\u00e3o-est\u00e9ril (Esteriliz\u00e1vel).<\/td>\n<\/tr>\n<tr>\n<th>Composi\u00e7\u00e3o<\/th>\n<td>Tecido-n\u00e3o-tecido \u00e0 base de poli\u00e9ster e celulose, com uma das faces tratadas e a outra recoberta com adesivo acr\u00edlico hipoalerg\u00eanico.<\/td>\n<\/tr>\n<tr>\n<th>Diferenciais e benef\u00edcios<\/th>\n<td>&#8211; Permite a transpira\u00e7\u00e3o da pele, \u00e9 hipoalerg\u00eanico, podendo se utilizado em peles sens\u00edveis e n\u00e3o deixa res\u00edduos na pele;<\/p>\n<p>&#8211; Ideal para pele sens\u00edveis.<\/td>\n<\/tr>\n<tr>\n<th>Modo de Usar<\/th>\n<td>&#8211; Limpar o local da aplica\u00e7\u00e3o com \u00e1gua e sabonete neutro, secar bem;<\/p>\n<p>&#8211; A oleosidade na pele, uso de cremes e\/ ou pomadas podem prejudicar a\u00a0 fixa\u00e7\u00e3o da fita na pele;<\/p>\n<p>&#8211; Para o correto uso, exercer moderado press\u00e3o sobre a fita no momento da aplica\u00e7\u00e3o.<\/td>\n<\/tr>\n<tr>\n<th>Itens inclusos<\/th>\n<td>01 Fita Micropore cor Branca a unidade tamanho 100mm X 10M CIEX.<\/td>\n<\/tr>\n<\/tbody>\n<\/table>","protected":false},"excerpt":{"rendered":"<p>Indicada para fixa\u00e7\u00e3o de curativos e bandagens, prote\u00e7\u00e3o de cortes, etc.<\/p>","protected":false},"featured_media":2590,"comment_status":"open","ping_status":"closed","template":"","meta":{"_joinchat":[]},"product_brand":[],"product_cat":[26],"product_tag":[],"class_list":{"0":"post-2589","1":"product","2":"type-product","3":"status-publish","4":"has-post-thumbnail","6":"product_cat-curativos","8":"first","9":"instock","10":"shipping-taxable","11":"purchasable","12":"product-type-simple"},"_links":{"self":[{"href":"https:\/\/www.medideal.com.br\/en\/wp-json\/wp\/v2\/product\/2589","targetHints":{"allow":["GET"]}}],"collection":[{"href":"https:\/\/www.medideal.com.br\/en\/wp-json\/wp\/v2\/product"}],"about":[{"href":"https:\/\/www.medideal.com.br\/en\/wp-json\/wp\/v2\/types\/product"}],"replies":[{"embeddable":true,"href":"https:\/\/www.medideal.com.br\/en\/wp-json\/wp\/v2\/comments?post=2589"}],"wp:featuredmedia":[{"embeddable":true,"href":"https:\/\/www.medideal.com.br\/en\/wp-json\/wp\/v2\/media\/2590"}],"wp:attachment":[{"href":"https:\/\/www.medideal.com.br\/en\/wp-json\/wp\/v2\/media?parent=2589"}],"wp:term":[{"taxonomy":"product_brand","embeddable":true,"href":"https:\/\/www.medideal.com.br\/en\/wp-json\/wp\/v2\/product_brand?post=2589"},{"taxonomy":"product_cat","embeddable":true,"href":"https:\/\/www.medideal.com.br\/en\/wp-json\/wp\/v2\/product_cat?post=2589"},{"taxonomy":"product_tag","embeddable":true,"href":"https:\/\/www.medideal.com.br\/en\/wp-json\/wp\/v2\/product_tag?post=2589"}],"curies":[{"name":"wp","href":"https:\/\/api.w.org\/{rel}","templated":true}]}}