{"id":2581,"date":"2023-11-29T16:52:33","date_gmt":"2023-11-29T19:52:33","guid":{"rendered":"https:\/\/www.medideal.com.br\/?post_type=product&#038;p=2581"},"modified":"2024-01-17T15:22:55","modified_gmt":"2024-01-17T18:22:55","slug":"coletor-universal-esteril-80ml-jlab","status":"publish","type":"product","link":"https:\/\/www.medideal.com.br\/en\/coletor-universal-esteril-80ml-jlab\/","title":{"rendered":"Coletor Universal Est\u00e9ril 80ml &#8211; JLab"},"content":{"rendered":"<p>O Coletor Universal Est\u00e9ril JProlab, \u00e9 utilizado para realizar exames laboratoriais ou hospitalar. Coletor transparente com tampa<\/p>","protected":false},"excerpt":{"rendered":"<p>O Coletor Universal Est\u00e9ril JProlab, \u00e9 utilizado para realizar exames laboratoriais ou hospitalar. Coletor transparente com tampa<\/p>","protected":false},"featured_media":2582,"comment_status":"open","ping_status":"closed","template":"","meta":{"_joinchat":[]},"product_brand":[],"product_cat":[29],"product_tag":[],"class_list":{"0":"post-2581","1":"product","2":"type-product","3":"status-publish","4":"has-post-thumbnail","6":"product_cat-materiais-de-consumo","8":"first","9":"instock","10":"shipping-taxable","11":"purchasable","12":"product-type-simple"},"_links":{"self":[{"href":"https:\/\/www.medideal.com.br\/en\/wp-json\/wp\/v2\/product\/2581","targetHints":{"allow":["GET"]}}],"collection":[{"href":"https:\/\/www.medideal.com.br\/en\/wp-json\/wp\/v2\/product"}],"about":[{"href":"https:\/\/www.medideal.com.br\/en\/wp-json\/wp\/v2\/types\/product"}],"replies":[{"embeddable":true,"href":"https:\/\/www.medideal.com.br\/en\/wp-json\/wp\/v2\/comments?post=2581"}],"wp:featuredmedia":[{"embeddable":true,"href":"https:\/\/www.medideal.com.br\/en\/wp-json\/wp\/v2\/media\/2582"}],"wp:attachment":[{"href":"https:\/\/www.medideal.com.br\/en\/wp-json\/wp\/v2\/media?parent=2581"}],"wp:term":[{"taxonomy":"product_brand","embeddable":true,"href":"https:\/\/www.medideal.com.br\/en\/wp-json\/wp\/v2\/product_brand?post=2581"},{"taxonomy":"product_cat","embeddable":true,"href":"https:\/\/www.medideal.com.br\/en\/wp-json\/wp\/v2\/product_cat?post=2581"},{"taxonomy":"product_tag","embeddable":true,"href":"https:\/\/www.medideal.com.br\/en\/wp-json\/wp\/v2\/product_tag?post=2581"}],"curies":[{"name":"wp","href":"https:\/\/api.w.org\/{rel}","templated":true}]}}