{"id":2579,"date":"2023-11-29T16:49:08","date_gmt":"2023-11-29T19:49:08","guid":{"rendered":"https:\/\/www.medideal.com.br\/?post_type=product&#038;p=2579"},"modified":"2024-01-17T15:21:44","modified_gmt":"2024-01-17T18:21:44","slug":"coletor-urina-infantil-cpl","status":"publish","type":"product","link":"https:\/\/www.medideal.com.br\/en\/coletor-urina-infantil-cpl\/","title":{"rendered":"Coletor Urina Infantil &#8211; CPL"},"content":{"rendered":"<p>O coletor de urina infantil \u00e9 utilizado na coleta de amostras de urina de pacientes pedi\u00e1tricos, para posterior diagn\u00f3stico cl\u00ednico.<\/p>\n<p>\u2013 Volume de 100 ml<br \/>\n\u2013 Produto Est\u00e9ril<br \/>\n\u2013 Composi\u00e7\u00e3o de polietileno e poliacrilato<br \/>\n\u2013 Caixa com 100 Unidades<br \/>\n\u2013 Produto Unissex<\/p>","protected":false},"excerpt":{"rendered":"<p>O coletor de urina infantil \u00e9 utilizado na coleta de amostras de urina de pacientes pedi\u00e1tricos, para posterior diagn\u00f3stico cl\u00ednico.<\/p>","protected":false},"featured_media":2580,"comment_status":"open","ping_status":"closed","template":"","meta":{"_joinchat":[]},"product_brand":[],"product_cat":[29],"product_tag":[],"class_list":{"0":"post-2579","1":"product","2":"type-product","3":"status-publish","4":"has-post-thumbnail","6":"product_cat-materiais-de-consumo","8":"first","9":"instock","10":"shipping-taxable","11":"purchasable","12":"product-type-simple"},"_links":{"self":[{"href":"https:\/\/www.medideal.com.br\/en\/wp-json\/wp\/v2\/product\/2579","targetHints":{"allow":["GET"]}}],"collection":[{"href":"https:\/\/www.medideal.com.br\/en\/wp-json\/wp\/v2\/product"}],"about":[{"href":"https:\/\/www.medideal.com.br\/en\/wp-json\/wp\/v2\/types\/product"}],"replies":[{"embeddable":true,"href":"https:\/\/www.medideal.com.br\/en\/wp-json\/wp\/v2\/comments?post=2579"}],"wp:featuredmedia":[{"embeddable":true,"href":"https:\/\/www.medideal.com.br\/en\/wp-json\/wp\/v2\/media\/2580"}],"wp:attachment":[{"href":"https:\/\/www.medideal.com.br\/en\/wp-json\/wp\/v2\/media?parent=2579"}],"wp:term":[{"taxonomy":"product_brand","embeddable":true,"href":"https:\/\/www.medideal.com.br\/en\/wp-json\/wp\/v2\/product_brand?post=2579"},{"taxonomy":"product_cat","embeddable":true,"href":"https:\/\/www.medideal.com.br\/en\/wp-json\/wp\/v2\/product_cat?post=2579"},{"taxonomy":"product_tag","embeddable":true,"href":"https:\/\/www.medideal.com.br\/en\/wp-json\/wp\/v2\/product_tag?post=2579"}],"curies":[{"name":"wp","href":"https:\/\/api.w.org\/{rel}","templated":true}]}}