{"id":2577,"date":"2023-11-29T16:40:17","date_gmt":"2023-11-29T19:40:17","guid":{"rendered":"https:\/\/www.medideal.com.br\/?post_type=product&#038;p=2577"},"modified":"2024-01-17T15:20:51","modified_gmt":"2024-01-17T18:20:51","slug":"atadura-rayon-75cm-x-5m-polarfix","status":"publish","type":"product","link":"https:\/\/www.medideal.com.br\/en\/atadura-rayon-75cm-x-5m-polarfix\/","title":{"rendered":"Atadura Rayon 7,5cm X 5m &#8211; Polarfix"},"content":{"rendered":"<p>Indicado para curativos decorrentes de queimaduras ou onde necessite de alta absor\u00e7\u00e3o e baixa ader\u00eancia tecidual.<\/p>\n<p>Confeccionada em fibras sint\u00e9ticas 100% rayon Livre de impurezas, rasgos, fios soltas e manchasat\u00f3xica e apirog\u00eanico, est\u00e9ril e n\u00e3o est\u00e9ril; .Embalagem que assegura sua integridade , garantindo sua prote\u00e7\u00e3o quanto a a\u00e7\u00e3o de agentes externos, produto de uso \u00fanico, pode ser esterilizado por Vapor Saturado , \u00d3xido de Etileno ou Raio Gama.<\/p>","protected":false},"excerpt":{"rendered":"<p>Indicado para curativos decorrentes de queimaduras ou onde necessite de alta absor\u00e7\u00e3o e baixa ader\u00eancia tecidual.<\/p>","protected":false},"featured_media":2578,"comment_status":"open","ping_status":"closed","template":"","meta":{"_joinchat":[]},"product_brand":[],"product_cat":[26],"product_tag":[],"class_list":{"0":"post-2577","1":"product","2":"type-product","3":"status-publish","4":"has-post-thumbnail","6":"product_cat-curativos","8":"first","9":"instock","10":"shipping-taxable","11":"purchasable","12":"product-type-simple"},"_links":{"self":[{"href":"https:\/\/www.medideal.com.br\/en\/wp-json\/wp\/v2\/product\/2577","targetHints":{"allow":["GET"]}}],"collection":[{"href":"https:\/\/www.medideal.com.br\/en\/wp-json\/wp\/v2\/product"}],"about":[{"href":"https:\/\/www.medideal.com.br\/en\/wp-json\/wp\/v2\/types\/product"}],"replies":[{"embeddable":true,"href":"https:\/\/www.medideal.com.br\/en\/wp-json\/wp\/v2\/comments?post=2577"}],"wp:featuredmedia":[{"embeddable":true,"href":"https:\/\/www.medideal.com.br\/en\/wp-json\/wp\/v2\/media\/2578"}],"wp:attachment":[{"href":"https:\/\/www.medideal.com.br\/en\/wp-json\/wp\/v2\/media?parent=2577"}],"wp:term":[{"taxonomy":"product_brand","embeddable":true,"href":"https:\/\/www.medideal.com.br\/en\/wp-json\/wp\/v2\/product_brand?post=2577"},{"taxonomy":"product_cat","embeddable":true,"href":"https:\/\/www.medideal.com.br\/en\/wp-json\/wp\/v2\/product_cat?post=2577"},{"taxonomy":"product_tag","embeddable":true,"href":"https:\/\/www.medideal.com.br\/en\/wp-json\/wp\/v2\/product_tag?post=2577"}],"curies":[{"name":"wp","href":"https:\/\/api.w.org\/{rel}","templated":true}]}}