{"id":2576,"date":"2023-11-29T16:36:14","date_gmt":"2023-11-29T19:36:14","guid":{"rendered":"https:\/\/www.medideal.com.br\/?post_type=product&#038;p=2576"},"modified":"2024-02-20T16:13:55","modified_gmt":"2024-02-20T19:13:55","slug":"atadura-crepom-25x18-clean-pacote-c-12-unidades-copia-copia","status":"publish","type":"product","link":"https:\/\/www.medideal.com.br\/en\/atadura-crepom-25x18-clean-pacote-c-12-unidades-copia-copia\/","title":{"rendered":"Atadura Crepom 25X1,8 Clean &#8211; Pacote C\/12 Unidades"},"content":{"rendered":"<p>Utiliza\u00e7\u00e3o em terapia compressiva. Aplica\u00e7\u00f5es ortop\u00e9dicas como imobiliza\u00e7\u00f5es e enfaixamentos. Fixa\u00e7\u00e3o de curativos. Preven\u00e7\u00e3o de contus\u00f5es em atividades esportivas. As ataduras de crepom Neve s\u00e3o confeccionadas em tecido de alta qualidade, conferindo ao produto grande elasticidade no sentido longitudinal. Caracter\u00edsticas do produto: &#8211; Sem desfiamento lateral; &#8211; Compress\u00e3o uniforme; &#8211; Enfaixamento perfeito;<\/p>","protected":false},"excerpt":{"rendered":"<p>Utiliza\u00e7\u00e3o em terapia compressiva. Aplica\u00e7\u00f5es ortop\u00e9dicas como imobiliza\u00e7\u00f5es e enfaixamentos.<\/p>","protected":false},"featured_media":2570,"comment_status":"open","ping_status":"closed","template":"","meta":{"_joinchat":[]},"product_brand":[],"product_cat":[26],"product_tag":[],"class_list":{"0":"post-2576","1":"product","2":"type-product","3":"status-publish","4":"has-post-thumbnail","6":"product_cat-curativos","8":"first","9":"instock","10":"shipping-taxable","11":"purchasable","12":"product-type-simple"},"_links":{"self":[{"href":"https:\/\/www.medideal.com.br\/en\/wp-json\/wp\/v2\/product\/2576","targetHints":{"allow":["GET"]}}],"collection":[{"href":"https:\/\/www.medideal.com.br\/en\/wp-json\/wp\/v2\/product"}],"about":[{"href":"https:\/\/www.medideal.com.br\/en\/wp-json\/wp\/v2\/types\/product"}],"replies":[{"embeddable":true,"href":"https:\/\/www.medideal.com.br\/en\/wp-json\/wp\/v2\/comments?post=2576"}],"wp:featuredmedia":[{"embeddable":true,"href":"https:\/\/www.medideal.com.br\/en\/wp-json\/wp\/v2\/media\/2570"}],"wp:attachment":[{"href":"https:\/\/www.medideal.com.br\/en\/wp-json\/wp\/v2\/media?parent=2576"}],"wp:term":[{"taxonomy":"product_brand","embeddable":true,"href":"https:\/\/www.medideal.com.br\/en\/wp-json\/wp\/v2\/product_brand?post=2576"},{"taxonomy":"product_cat","embeddable":true,"href":"https:\/\/www.medideal.com.br\/en\/wp-json\/wp\/v2\/product_cat?post=2576"},{"taxonomy":"product_tag","embeddable":true,"href":"https:\/\/www.medideal.com.br\/en\/wp-json\/wp\/v2\/product_tag?post=2576"}],"curies":[{"name":"wp","href":"https:\/\/api.w.org\/{rel}","templated":true}]}}