{"id":2567,"date":"2023-11-29T16:26:31","date_gmt":"2023-11-29T19:26:31","guid":{"rendered":"https:\/\/www.medideal.com.br\/?post_type=product&#038;p=2567"},"modified":"2024-01-17T15:00:32","modified_gmt":"2024-01-17T18:00:32","slug":"amassador-de-comprimidos-3-em-1-supermedy","status":"publish","type":"product","link":"https:\/\/www.medideal.com.br\/en\/amassador-de-comprimidos-3-em-1-supermedy\/","title":{"rendered":"Amassador De Comprimidos 3 Em 1 &#8211; Supermedy"},"content":{"rendered":"<p>Amassador, Cortador e Porta-Comprimidos 3 em 1 ficou mais f\u00e1cil, cortar ou moer comprimidos em suas extremidades al\u00e9m de contar com 3 compartimentos internos para acondicionar seus comprimidos;<\/p>\n<p>O importado e pr\u00e1tico macerador, como tamb\u00e9m \u00e9 conhecido, \u00e9 um produto com 3 utilidades em uma s\u00f3 pe\u00e7a!<\/p>\n<p>Detalhes do Produto:<\/p>\n<p>-Descri\u00e7\u00e3o: Amassador de comprimidos 3 em 1 com fun\u00e7\u00e3o corta e porta<br \/>\n-Tamanho: 42 \u00d8 x 60 mm<br \/>\n-Peso: 45 g<\/p>\n<p>Itens Inclusos:<\/p>\n<p>CONT\u00c9M 01 AMASSADOR DE COMPRIMIDOS 3 EM 1 SUPERMEDY BRANCO<\/p>","protected":false},"excerpt":{"rendered":"<p>Amassador, Cortador e Porta-Comprimidos 3 em 1 ficou mais f\u00e1cil, cortar ou moer comprimidos em suas extremidades al\u00e9m de contar com 3 compartimentos internos para acondicionar seus comprimidos;<\/p>","protected":false},"featured_media":2568,"comment_status":"open","ping_status":"closed","template":"","meta":{"_joinchat":[]},"product_brand":[],"product_cat":[29],"product_tag":[],"class_list":{"0":"post-2567","1":"product","2":"type-product","3":"status-publish","4":"has-post-thumbnail","6":"product_cat-materiais-de-consumo","8":"first","9":"instock","10":"shipping-taxable","11":"purchasable","12":"product-type-simple"},"_links":{"self":[{"href":"https:\/\/www.medideal.com.br\/en\/wp-json\/wp\/v2\/product\/2567","targetHints":{"allow":["GET"]}}],"collection":[{"href":"https:\/\/www.medideal.com.br\/en\/wp-json\/wp\/v2\/product"}],"about":[{"href":"https:\/\/www.medideal.com.br\/en\/wp-json\/wp\/v2\/types\/product"}],"replies":[{"embeddable":true,"href":"https:\/\/www.medideal.com.br\/en\/wp-json\/wp\/v2\/comments?post=2567"}],"wp:featuredmedia":[{"embeddable":true,"href":"https:\/\/www.medideal.com.br\/en\/wp-json\/wp\/v2\/media\/2568"}],"wp:attachment":[{"href":"https:\/\/www.medideal.com.br\/en\/wp-json\/wp\/v2\/media?parent=2567"}],"wp:term":[{"taxonomy":"product_brand","embeddable":true,"href":"https:\/\/www.medideal.com.br\/en\/wp-json\/wp\/v2\/product_brand?post=2567"},{"taxonomy":"product_cat","embeddable":true,"href":"https:\/\/www.medideal.com.br\/en\/wp-json\/wp\/v2\/product_cat?post=2567"},{"taxonomy":"product_tag","embeddable":true,"href":"https:\/\/www.medideal.com.br\/en\/wp-json\/wp\/v2\/product_tag?post=2567"}],"curies":[{"name":"wp","href":"https:\/\/api.w.org\/{rel}","templated":true}]}}