{"id":2557,"date":"2023-11-29T16:14:02","date_gmt":"2023-11-29T19:14:02","guid":{"rendered":"https:\/\/www.medideal.com.br\/?post_type=product&#038;p=2557"},"modified":"2024-01-17T12:54:28","modified_gmt":"2024-01-17T15:54:28","slug":"almotolia-125ml","status":"publish","type":"product","link":"https:\/\/www.medideal.com.br\/en\/almotolia-125ml\/","title":{"rendered":"Almotolia 125ml"},"content":{"rendered":"<p>A almotolia pl\u00e1stica ambulatorial natural bico reto 500 ml JProlab facilita o dia a dia durante os procedimentos. Serve para armazena todos os l\u00edquidos utilizados para limpeza como \u00e1lcool, clean, \u00e1gua destilada etc. bico possui uma pequena cavidade sendo necess\u00e1rio apenas apertar o meio do frasco para que o l\u00edquido saia. Esta funcionalidade diminui as chances de desperd\u00edcio de produto, evitando poss\u00edveis vazamentos ao virar sua almotolia.<\/p>\n<p>&#8211; Pr\u00e1tica e leve<br \/>\n&#8211; N\u00e3o est\u00e9ril<br \/>\n&#8211; At\u00f3xica<br \/>\n&#8211; Tampa com rosca<\/p>","protected":false},"excerpt":{"rendered":"<p>A almotolia pl\u00e1stica ambulatorial natural bico reto 500 ml JProlab facilita o dia a dia durante os procedimentos.<\/p>","protected":false},"featured_media":2558,"comment_status":"open","ping_status":"closed","template":"","meta":{"_joinchat":[]},"product_brand":[],"product_cat":[29],"product_tag":[],"class_list":{"0":"post-2557","1":"product","2":"type-product","3":"status-publish","4":"has-post-thumbnail","6":"product_cat-materiais-de-consumo","8":"first","9":"instock","10":"shipping-taxable","11":"purchasable","12":"product-type-simple"},"_links":{"self":[{"href":"https:\/\/www.medideal.com.br\/en\/wp-json\/wp\/v2\/product\/2557","targetHints":{"allow":["GET"]}}],"collection":[{"href":"https:\/\/www.medideal.com.br\/en\/wp-json\/wp\/v2\/product"}],"about":[{"href":"https:\/\/www.medideal.com.br\/en\/wp-json\/wp\/v2\/types\/product"}],"replies":[{"embeddable":true,"href":"https:\/\/www.medideal.com.br\/en\/wp-json\/wp\/v2\/comments?post=2557"}],"wp:featuredmedia":[{"embeddable":true,"href":"https:\/\/www.medideal.com.br\/en\/wp-json\/wp\/v2\/media\/2558"}],"wp:attachment":[{"href":"https:\/\/www.medideal.com.br\/en\/wp-json\/wp\/v2\/media?parent=2557"}],"wp:term":[{"taxonomy":"product_brand","embeddable":true,"href":"https:\/\/www.medideal.com.br\/en\/wp-json\/wp\/v2\/product_brand?post=2557"},{"taxonomy":"product_cat","embeddable":true,"href":"https:\/\/www.medideal.com.br\/en\/wp-json\/wp\/v2\/product_cat?post=2557"},{"taxonomy":"product_tag","embeddable":true,"href":"https:\/\/www.medideal.com.br\/en\/wp-json\/wp\/v2\/product_tag?post=2557"}],"curies":[{"name":"wp","href":"https:\/\/api.w.org\/{rel}","templated":true}]}}