{"id":2551,"date":"2023-11-29T15:51:12","date_gmt":"2023-11-29T18:51:12","guid":{"rendered":"https:\/\/www.medideal.com.br\/?post_type=product&#038;p=2551"},"modified":"2024-03-19T12:56:50","modified_gmt":"2024-03-19T15:56:50","slug":"algodao-bola-100g-nathy","status":"publish","type":"product","link":"https:\/\/www.medideal.com.br\/en\/algodao-bola-100g-nathy\/","title":{"rendered":"Algod\u00e3o Bola 100g &#8211; Nathy"},"content":{"rendered":"<p>Indicado para ser usado em v\u00e1rios procedimentos dom\u00e9sticos e em tratamentos de pele, higieniza\u00e7\u00e3o de ferimentos, higiene pessoal e outros, \u00e9 macio e super absorvente. A\u00c7\u00c3O\/ATIVOS: \u00c9 isento de procedimentos qu\u00edmicos. Indicado para uso hospitalar, na higieniza\u00e7\u00e3o da pele, em curativos, na absor\u00e7\u00e3o de l\u00edquidos, limpeza de beb\u00eas, em assepsia, e em procedimentos m\u00e9dicos e dent\u00e1rios. MODO DE USAR: Mais informa\u00e7\u00f5es no verso da embalagem. ESTE KIT CONT\u00c9M: 01 UNIDADE DE Nathy Algod\u00e3o Bolinhas 100g<\/p>","protected":false},"excerpt":{"rendered":"<p>Indicado para ser usado em v\u00e1rios procedimentos dom\u00e9sticos e em tratamentos de pele, higieniza\u00e7\u00e3o de ferimentos, higiene pessoal e outros, \u00e9 macio e super absorvente.<\/p>","protected":false},"featured_media":2552,"comment_status":"open","ping_status":"closed","template":"","meta":{"_joinchat":[]},"product_brand":[],"product_cat":[29],"product_tag":[],"class_list":{"0":"post-2551","1":"product","2":"type-product","3":"status-publish","4":"has-post-thumbnail","6":"product_cat-materiais-de-consumo","8":"first","9":"instock","10":"shipping-taxable","11":"purchasable","12":"product-type-simple"},"_links":{"self":[{"href":"https:\/\/www.medideal.com.br\/en\/wp-json\/wp\/v2\/product\/2551","targetHints":{"allow":["GET"]}}],"collection":[{"href":"https:\/\/www.medideal.com.br\/en\/wp-json\/wp\/v2\/product"}],"about":[{"href":"https:\/\/www.medideal.com.br\/en\/wp-json\/wp\/v2\/types\/product"}],"replies":[{"embeddable":true,"href":"https:\/\/www.medideal.com.br\/en\/wp-json\/wp\/v2\/comments?post=2551"}],"wp:featuredmedia":[{"embeddable":true,"href":"https:\/\/www.medideal.com.br\/en\/wp-json\/wp\/v2\/media\/2552"}],"wp:attachment":[{"href":"https:\/\/www.medideal.com.br\/en\/wp-json\/wp\/v2\/media?parent=2551"}],"wp:term":[{"taxonomy":"product_brand","embeddable":true,"href":"https:\/\/www.medideal.com.br\/en\/wp-json\/wp\/v2\/product_brand?post=2551"},{"taxonomy":"product_cat","embeddable":true,"href":"https:\/\/www.medideal.com.br\/en\/wp-json\/wp\/v2\/product_cat?post=2551"},{"taxonomy":"product_tag","embeddable":true,"href":"https:\/\/www.medideal.com.br\/en\/wp-json\/wp\/v2\/product_tag?post=2551"}],"curies":[{"name":"wp","href":"https:\/\/api.w.org\/{rel}","templated":true}]}}