{"id":2549,"date":"2023-11-29T15:43:24","date_gmt":"2023-11-29T18:43:24","guid":{"rendered":"https:\/\/www.medideal.com.br\/?post_type=product&#038;p=2549"},"modified":"2024-01-17T12:51:50","modified_gmt":"2024-01-17T15:51:50","slug":"cateter-nasal-para-oxigenio-tipo-oculos-cpl","status":"publish","type":"product","link":"https:\/\/www.medideal.com.br\/en\/cateter-nasal-para-oxigenio-tipo-oculos-cpl\/","title":{"rendered":"Cateter Nasal Para Oxig\u00eanio Tipo \u00d3culos &#8211; CPL"},"content":{"rendered":"<h2><strong>Cateter Nasal CPL para Oxig\u00eanio<br \/>\nTipo \u00d3culos<\/strong><\/h2>\n<p>O Cateter Nasal CPL para Oxig\u00eanio tipo \u00d3culos \u00e9 utilizado na instila\u00e7\u00e3o de oxig\u00eanio ou ar em pacientes elevar a satura\u00e7\u00e3o do corpo.<\/p>\n<p>As narinas do cateter s\u00e3o macias e feitas de PVC at\u00f3xico e sua conex\u00e3o \u00e9 universal.<\/p>\n<p>O Cateter para Oxig\u00eanio Tipo \u00d3culos possui hastes tipo \u00f3culos que se moldam em qualquer paciente facilitando o uso com Conector universal de f\u00e1cil adapta\u00e7\u00e3o.<\/p>\n<p>Narina macia em PVC (cloreto de polivinila) at\u00f3xico;<\/p>\n<p>Tubo fabricado em Cloreto de Polivinila (PVC) at\u00f3xico, flex\u00edvel na cor verde.<\/p>\n<p>Permite o uso em qualquer tipo de paciente.<\/p>\n<p>Conector universal.<\/p>\n<p>Produto est\u00e9ril.<\/p>\n<p>Descart\u00e1vel.<\/p>\n<p>Produtos embalados individualmente em embalagem pl\u00e1stica (Mercosul) com esteriliza\u00e7\u00e3o a raio gama.<\/p>\n<p><strong>ANVISA:<\/strong>\u00a010014169011.<\/p>\n<p><strong>Aten\u00e7\u00e3o! Este item \u00e9 vendido por unidade.<\/strong><\/p>\n<p>&nbsp;<\/p>","protected":false},"excerpt":{"rendered":"<p>O Cateter Nasal CPL para Oxig\u00eanio tipo \u00d3culos \u00e9 utilizado na instila\u00e7\u00e3o de oxig\u00eanio ou ar em pacientes elevar a satura\u00e7\u00e3o do corpo.<\/p>","protected":false},"featured_media":2550,"comment_status":"open","ping_status":"closed","template":"","meta":{"_joinchat":[]},"product_brand":[],"product_cat":[29],"product_tag":[],"class_list":{"0":"post-2549","1":"product","2":"type-product","3":"status-publish","4":"has-post-thumbnail","6":"product_cat-materiais-de-consumo","8":"first","9":"instock","10":"shipping-taxable","11":"purchasable","12":"product-type-simple"},"_links":{"self":[{"href":"https:\/\/www.medideal.com.br\/en\/wp-json\/wp\/v2\/product\/2549","targetHints":{"allow":["GET"]}}],"collection":[{"href":"https:\/\/www.medideal.com.br\/en\/wp-json\/wp\/v2\/product"}],"about":[{"href":"https:\/\/www.medideal.com.br\/en\/wp-json\/wp\/v2\/types\/product"}],"replies":[{"embeddable":true,"href":"https:\/\/www.medideal.com.br\/en\/wp-json\/wp\/v2\/comments?post=2549"}],"wp:featuredmedia":[{"embeddable":true,"href":"https:\/\/www.medideal.com.br\/en\/wp-json\/wp\/v2\/media\/2550"}],"wp:attachment":[{"href":"https:\/\/www.medideal.com.br\/en\/wp-json\/wp\/v2\/media?parent=2549"}],"wp:term":[{"taxonomy":"product_brand","embeddable":true,"href":"https:\/\/www.medideal.com.br\/en\/wp-json\/wp\/v2\/product_brand?post=2549"},{"taxonomy":"product_cat","embeddable":true,"href":"https:\/\/www.medideal.com.br\/en\/wp-json\/wp\/v2\/product_cat?post=2549"},{"taxonomy":"product_tag","embeddable":true,"href":"https:\/\/www.medideal.com.br\/en\/wp-json\/wp\/v2\/product_tag?post=2549"}],"curies":[{"name":"wp","href":"https:\/\/api.w.org\/{rel}","templated":true}]}}