{"id":2547,"date":"2023-11-29T15:31:19","date_gmt":"2023-11-29T18:31:19","guid":{"rendered":"https:\/\/www.medideal.com.br\/?post_type=product&#038;p=2547"},"modified":"2024-01-17T12:49:07","modified_gmt":"2024-01-17T15:49:07","slug":"copo-umidificador-250ml-rwr","status":"publish","type":"product","link":"https:\/\/www.medideal.com.br\/en\/copo-umidificador-250ml-rwr\/","title":{"rendered":"Copo Umidificador 250ml &#8211; RWR"},"content":{"rendered":"<p>Os Umidificadores RWR foram concebidos e fabricados sob conceitos internacionais de qualidade e tecnologia. S\u00e3o utilizados em conex\u00e3o de qualquer v\u00e1lvula reguladora de cilindro ou flux\u00f4metro de rede canalizada. Os Umidificadores t\u00eam por fun\u00e7\u00e3o \u201cquebrar\u201d as part\u00edculas de \u00e1gua e umidecer o oxig\u00eanio inalado, para isso conta com um sistema de difusor por onde passa o fluxo determinado no flux\u00f4metro, que faz com que a \u00e1gua borbulhe e pequenas part\u00edculas desprendam-se misturando-se ao oxig\u00eanio e saindo do frasco. O Umidificador de Oxig\u00eanio \u00e9 necess\u00e1rio para evitar ressecamento da mucosa nasal (dentro do nariz), e \u00e9 indispens\u00e1vel para pacientes que utilizam uma vaz\u00e3o acima de 3 lpm de oxig\u00eanio. CARACTERISTICAS: -Composto de tampa e corpo de nylon -Frasco pl\u00e1stico de 250ml com indica\u00e7\u00e3o dos n\u00edveis m\u00e1ximo e m\u00ednimo e conex\u00e3o de entrada de oxig\u00eanio com rosca metal padr\u00e3o 9\/16 x 18 fios -Adapta-se a qualquer v\u00e1lvula reguladora de cilindro ou flux\u00f4metro de rede canalizada.<\/p>","protected":false},"excerpt":{"rendered":"<p>Os Umidificadores RWR foram concebidos e fabricados sob conceitos internacionais de qualidade e tecnologia.<\/p>","protected":false},"featured_media":2548,"comment_status":"open","ping_status":"closed","template":"","meta":{"_joinchat":[]},"product_brand":[],"product_cat":[29],"product_tag":[],"class_list":{"0":"post-2547","1":"product","2":"type-product","3":"status-publish","4":"has-post-thumbnail","6":"product_cat-materiais-de-consumo","8":"first","9":"instock","10":"shipping-taxable","11":"purchasable","12":"product-type-simple"},"_links":{"self":[{"href":"https:\/\/www.medideal.com.br\/en\/wp-json\/wp\/v2\/product\/2547","targetHints":{"allow":["GET"]}}],"collection":[{"href":"https:\/\/www.medideal.com.br\/en\/wp-json\/wp\/v2\/product"}],"about":[{"href":"https:\/\/www.medideal.com.br\/en\/wp-json\/wp\/v2\/types\/product"}],"replies":[{"embeddable":true,"href":"https:\/\/www.medideal.com.br\/en\/wp-json\/wp\/v2\/comments?post=2547"}],"wp:featuredmedia":[{"embeddable":true,"href":"https:\/\/www.medideal.com.br\/en\/wp-json\/wp\/v2\/media\/2548"}],"wp:attachment":[{"href":"https:\/\/www.medideal.com.br\/en\/wp-json\/wp\/v2\/media?parent=2547"}],"wp:term":[{"taxonomy":"product_brand","embeddable":true,"href":"https:\/\/www.medideal.com.br\/en\/wp-json\/wp\/v2\/product_brand?post=2547"},{"taxonomy":"product_cat","embeddable":true,"href":"https:\/\/www.medideal.com.br\/en\/wp-json\/wp\/v2\/product_cat?post=2547"},{"taxonomy":"product_tag","embeddable":true,"href":"https:\/\/www.medideal.com.br\/en\/wp-json\/wp\/v2\/product_tag?post=2547"}],"curies":[{"name":"wp","href":"https:\/\/api.w.org\/{rel}","templated":true}]}}