{"id":2545,"date":"2023-11-29T15:00:18","date_gmt":"2023-11-29T18:00:18","guid":{"rendered":"https:\/\/www.medideal.com.br\/?post_type=product&#038;p=2545"},"modified":"2024-01-17T13:05:25","modified_gmt":"2024-01-17T16:05:25","slug":"cortador-de-comprimidos-incoterm","status":"publish","type":"product","link":"https:\/\/www.medideal.com.br\/en\/cortador-de-comprimidos-incoterm\/","title":{"rendered":"Cortador De Comprimidos"},"content":{"rendered":"<p><strong>Embalagem:<\/strong>\u00a001 unidade<\/p>\n<p><strong>Descri\u00e7\u00e3o:<\/strong><br \/>\nCortador de comprimidos port\u00e1til com pr\u00e1tico sistema de abertura do compartimento, possui espa\u00e7o para corte da medica\u00e7\u00e3o e compartimento para armazenar a outra metade do medicamento.<\/p>\n<p>Pr\u00e1tico sistema de abertura do compartimento.<\/p>\n<p>Agora todo em pl\u00e1stico para melhor higieniza\u00e7\u00e3o.<\/p>","protected":false},"excerpt":{"rendered":"<p>Cortador de comprimidos port\u00e1til com pr\u00e1tico sistema de abertura do compartimento, possui espa\u00e7o para corte da medica\u00e7\u00e3o e compartimento para armazenar a outra metade do medicamento.<\/p>","protected":false},"featured_media":3494,"comment_status":"open","ping_status":"closed","template":"","meta":{"_joinchat":[]},"product_brand":[],"product_cat":[29],"product_tag":[],"class_list":{"0":"post-2545","1":"product","2":"type-product","3":"status-publish","4":"has-post-thumbnail","6":"product_cat-materiais-de-consumo","8":"first","9":"instock","10":"shipping-taxable","11":"purchasable","12":"product-type-simple"},"_links":{"self":[{"href":"https:\/\/www.medideal.com.br\/en\/wp-json\/wp\/v2\/product\/2545","targetHints":{"allow":["GET"]}}],"collection":[{"href":"https:\/\/www.medideal.com.br\/en\/wp-json\/wp\/v2\/product"}],"about":[{"href":"https:\/\/www.medideal.com.br\/en\/wp-json\/wp\/v2\/types\/product"}],"replies":[{"embeddable":true,"href":"https:\/\/www.medideal.com.br\/en\/wp-json\/wp\/v2\/comments?post=2545"}],"wp:featuredmedia":[{"embeddable":true,"href":"https:\/\/www.medideal.com.br\/en\/wp-json\/wp\/v2\/media\/3494"}],"wp:attachment":[{"href":"https:\/\/www.medideal.com.br\/en\/wp-json\/wp\/v2\/media?parent=2545"}],"wp:term":[{"taxonomy":"product_brand","embeddable":true,"href":"https:\/\/www.medideal.com.br\/en\/wp-json\/wp\/v2\/product_brand?post=2545"},{"taxonomy":"product_cat","embeddable":true,"href":"https:\/\/www.medideal.com.br\/en\/wp-json\/wp\/v2\/product_cat?post=2545"},{"taxonomy":"product_tag","embeddable":true,"href":"https:\/\/www.medideal.com.br\/en\/wp-json\/wp\/v2\/product_tag?post=2545"}],"curies":[{"name":"wp","href":"https:\/\/api.w.org\/{rel}","templated":true}]}}