{"id":2543,"date":"2023-11-29T14:56:02","date_gmt":"2023-11-29T17:56:02","guid":{"rendered":"https:\/\/www.medideal.com.br\/?post_type=product&#038;p=2543"},"modified":"2024-01-26T19:10:43","modified_gmt":"2024-01-26T22:10:43","slug":"soro-injetavel-esteril-500ml-jp","status":"publish","type":"product","link":"https:\/\/www.medideal.com.br\/en\/soro-injetavel-esteril-500ml-jp\/","title":{"rendered":"Soro Injet\u00e1vel Est\u00e9ril 500ml &#8211; JP"},"content":{"rendered":"<p><strong>Solu\u00e7\u00e3o Fisiol\u00f3gica a 0,9% em Sistema Fechado em Bolsas de PVC<\/strong><\/p>\n<p>Solu\u00e7\u00e3o injet\u00e1vel de cloreto de s\u00f3dio 0,9%<\/p>\n<p><strong>Indica\u00e7\u00f5es:<\/strong><br \/>\nA solu\u00e7\u00e3o injet\u00e1vel de cloreto de s\u00f3dio 0,9% \u00e9 utilizada para o restabelecimento de fluido e eletr\u00f3litos. Esta solu\u00e7\u00e3o tamb\u00e9m \u00e9 utilizada como repositora de \u00e1gua e eletr\u00f3litos em caso de alcalose metab\u00f3lica de grau moderado, em car\u00eancia de s\u00f3dio e como diluente para medicamentos. Nos estados de desidrata\u00e7\u00e3o, espolia\u00e7\u00e3o hidrosalina e em situa\u00e7\u00f5es que requeiram reposi\u00e7\u00e3o eletrol\u00edtica de s\u00f3dio e cloreto, tais como diarreia, choques, traumatismo, queimaduras, p\u00f3s-operat\u00f3rio, entre outras. Sais de s\u00f3dio s\u00e3o usados no tratamento da deple\u00e7\u00e3o do volume extracelular, desidrata\u00e7\u00e3o e deple\u00e7\u00e3o de s\u00f3dio, a qual pode ocorrer logo ap\u00f3s diurese excessiva, gastroenterites e restri\u00e7\u00e3o a sal.<\/p>\n<p>&nbsp;<\/p>\n<p><strong>Contra-indica\u00e7\u00f5es:<\/strong><br \/>\nA solu\u00e7\u00e3o de cloreto de s\u00f3dio 0,9% \u00e9 contra-indicada em casos de hipernatremia, reten\u00e7\u00e3o h\u00eddrica e hipercloremia; em pacientes com insufici\u00eancia renal grave e casos de acidose metab\u00f3lica. O uso em pacientes com conhecido hist\u00f3rico de hipersensibilidade ao produto deve ser evitado.<\/p>","protected":false},"excerpt":{"rendered":"<p>Solu\u00e7\u00e3o injet\u00e1vel de cloreto de s\u00f3dio 0,9%<\/p>","protected":false},"featured_media":2544,"comment_status":"open","ping_status":"closed","template":"","meta":{"_joinchat":[]},"product_brand":[],"product_cat":[29,118],"product_tag":[],"class_list":{"0":"post-2543","1":"product","2":"type-product","3":"status-publish","4":"has-post-thumbnail","6":"product_cat-materiais-de-consumo","7":"product_cat-ofertas","9":"first","10":"instock","11":"shipping-taxable","12":"purchasable","13":"product-type-simple"},"_links":{"self":[{"href":"https:\/\/www.medideal.com.br\/en\/wp-json\/wp\/v2\/product\/2543","targetHints":{"allow":["GET"]}}],"collection":[{"href":"https:\/\/www.medideal.com.br\/en\/wp-json\/wp\/v2\/product"}],"about":[{"href":"https:\/\/www.medideal.com.br\/en\/wp-json\/wp\/v2\/types\/product"}],"replies":[{"embeddable":true,"href":"https:\/\/www.medideal.com.br\/en\/wp-json\/wp\/v2\/comments?post=2543"}],"wp:featuredmedia":[{"embeddable":true,"href":"https:\/\/www.medideal.com.br\/en\/wp-json\/wp\/v2\/media\/2544"}],"wp:attachment":[{"href":"https:\/\/www.medideal.com.br\/en\/wp-json\/wp\/v2\/media?parent=2543"}],"wp:term":[{"taxonomy":"product_brand","embeddable":true,"href":"https:\/\/www.medideal.com.br\/en\/wp-json\/wp\/v2\/product_brand?post=2543"},{"taxonomy":"product_cat","embeddable":true,"href":"https:\/\/www.medideal.com.br\/en\/wp-json\/wp\/v2\/product_cat?post=2543"},{"taxonomy":"product_tag","embeddable":true,"href":"https:\/\/www.medideal.com.br\/en\/wp-json\/wp\/v2\/product_tag?post=2543"}],"curies":[{"name":"wp","href":"https:\/\/api.w.org\/{rel}","templated":true}]}}