{"id":2535,"date":"2023-11-29T14:47:04","date_gmt":"2023-11-29T17:47:04","guid":{"rendered":"https:\/\/www.medideal.com.br\/?post_type=product&#038;p=2535"},"modified":"2024-01-17T12:27:55","modified_gmt":"2024-01-17T15:27:55","slug":"soro-ringer-com-lactato-250ml-jp","status":"publish","type":"product","link":"https:\/\/www.medideal.com.br\/en\/soro-ringer-com-lactato-250ml-jp\/","title":{"rendered":"Soro Ringer Com Lactato 250ml &#8211; JP"},"content":{"rendered":"<p><strong>Soro Ringer com Lactato apresenta\u00e7\u00e3o:<\/strong><\/p>\n<p>&#8211; Solu\u00e7\u00e3o Injet\u00e1vel;<\/p>\n<p>&#8211; Princ\u00edpio ativo: Cloreto de S\u00f3dio + Cloreto de Pot\u00e1ssio + Cloreto de C\u00e1lcio + Lactato de S\u00f3dio.<\/p>\n<p><strong>Soro Ringer com Lactato para que serve:<\/strong><\/p>\n<p>Soro Ringer \u00e9 uma solu\u00e7\u00e3o isot\u00f4nica, est\u00e9ril e apirog\u00eanica indicada para restabelecer o equil\u00edbrio hidroeletrol\u00edtico em casos de perda de l\u00edquidos e \u00edons de cloreto, pot\u00e1ssio, c\u00e1lcio e s\u00f3dio.<\/p>\n<p>Soro Ringer com Lactato pode ser destinado ao tratamento da acidose metab\u00f3lica.<\/p>\n<p><strong>Soro Ringer com Lactato composi\u00e7\u00e3o:<\/strong><\/p>\n<p>Cloreto de S\u00f3dio + Cloreto de Pot\u00e1ssio + Cloreto de C\u00e1lcio + Lactato de S\u00f3dio.<\/p>","protected":false},"excerpt":{"rendered":"<p>Soro Ringer \u00e9 uma solu\u00e7\u00e3o isot\u00f4nica, est\u00e9ril e apirog\u00eanica indicada para restabelecer o equil\u00edbrio hidroeletrol\u00edtico em casos de perda de l\u00edquidos e \u00edons de cloreto, pot\u00e1ssio, c\u00e1lcio e s\u00f3dio.<\/p>","protected":false},"featured_media":2536,"comment_status":"open","ping_status":"closed","template":"","meta":{"_joinchat":[]},"product_brand":[],"product_cat":[29],"product_tag":[],"class_list":{"0":"post-2535","1":"product","2":"type-product","3":"status-publish","4":"has-post-thumbnail","6":"product_cat-materiais-de-consumo","8":"first","9":"instock","10":"shipping-taxable","11":"purchasable","12":"product-type-simple"},"_links":{"self":[{"href":"https:\/\/www.medideal.com.br\/en\/wp-json\/wp\/v2\/product\/2535","targetHints":{"allow":["GET"]}}],"collection":[{"href":"https:\/\/www.medideal.com.br\/en\/wp-json\/wp\/v2\/product"}],"about":[{"href":"https:\/\/www.medideal.com.br\/en\/wp-json\/wp\/v2\/types\/product"}],"replies":[{"embeddable":true,"href":"https:\/\/www.medideal.com.br\/en\/wp-json\/wp\/v2\/comments?post=2535"}],"wp:featuredmedia":[{"embeddable":true,"href":"https:\/\/www.medideal.com.br\/en\/wp-json\/wp\/v2\/media\/2536"}],"wp:attachment":[{"href":"https:\/\/www.medideal.com.br\/en\/wp-json\/wp\/v2\/media?parent=2535"}],"wp:term":[{"taxonomy":"product_brand","embeddable":true,"href":"https:\/\/www.medideal.com.br\/en\/wp-json\/wp\/v2\/product_brand?post=2535"},{"taxonomy":"product_cat","embeddable":true,"href":"https:\/\/www.medideal.com.br\/en\/wp-json\/wp\/v2\/product_cat?post=2535"},{"taxonomy":"product_tag","embeddable":true,"href":"https:\/\/www.medideal.com.br\/en\/wp-json\/wp\/v2\/product_tag?post=2535"}],"curies":[{"name":"wp","href":"https:\/\/api.w.org\/{rel}","templated":true}]}}