{"id":2532,"date":"2023-11-29T14:35:34","date_gmt":"2023-11-29T17:35:34","guid":{"rendered":"https:\/\/www.medideal.com.br\/?post_type=product&#038;p=2532"},"modified":"2024-01-17T12:24:40","modified_gmt":"2024-01-17T15:24:40","slug":"soro-fisiologico-500ml-adv-farma","status":"publish","type":"product","link":"https:\/\/www.medideal.com.br\/en\/soro-fisiologico-500ml-adv-farma\/","title":{"rendered":"Soro Fisiol\u00f3gico 500ml &#8211; ADV Farma"},"content":{"rendered":"<h2>O que \u00e9 e para que serve o Soro Fisiol\u00f3gico Cloreto de S\u00f3dio 0,9% ADV Farma?<\/h2>\n<p>O Soro Fisiol\u00f3gico ADV Farma cont\u00e9m 0,9% de Cloreto de S\u00f3dio, e n\u00e3o possui conservantes. A embalagem \u00e9 feita com bico dosador, para facilitar o uso.<\/p>\n<p>O soro \u00e9 indicado para limpeza de lentes de contato; limpeza de ferimentos e curativos; uso em inala\u00e7\u00f5es e assepsia de ferimentos.<\/p>\n<p>Ap\u00f3s aberto, deve ser conservado em local refrigerado.<\/p>\n<h3>Apresenta\u00e7\u00e3o:<\/h3>\n<p>Frasco com 500ml.<\/p>\n<h2>Indica\u00e7\u00e3o de Uso<\/h2>\n<ul>\n<li>Limpeza de lentes de contato.<\/li>\n<li>Limpeza dos olhos.<\/li>\n<li>Assepsia de ferimentos.<\/li>\n<li>Nebuliza\u00e7\u00e3o.<\/li>\n<li>Descongestionamento nasal.<\/li>\n<\/ul>\n<h2>Como usar o Soro Fisiol\u00f3gico Cloreto de S\u00f3dio 0,9% ADV Farma?<\/h2>\n<p>O Soro Fisiol\u00f3gico ADV Farma deve ser aplicado diretamente na pele em movimentos suaves. Essa e outras formas de aplica\u00e7\u00e3o devem ter a orienta\u00e7\u00e3o m\u00e9dica, com quantidade adequada e equipamento apropriado, de acordo com a finalidade do tratamento e local de aplica\u00e7\u00e3o.<\/p>\n<h3>Pode usar soro fisiol\u00f3gico depois de aberto?<\/h3>\n<p>Sim, em at\u00e9 15 dias. Descarte ap\u00f3s a validade e quando o soro n\u00e3o estiver com aspecto l\u00edmpido, incolor, transparente e inodoro.<\/p>\n<h3>Como conservar o soro depois de aberto?<\/h3>\n<p>O soro fisiol\u00f3gico ADV Farma deve ser armazenado na geladeira ap\u00f3s aberto a embalagem, e recomenda-se utiliz\u00e1-lo em at\u00e9 15 dias, no m\u00e1ximo. Descarte ap\u00f3s a validade e quando n\u00e3o apresentar aspecto l\u00edmpido, incolor, transparente ou inodoro.<\/p>\n<h2>Especifica\u00e7\u00f5es<\/h2>\n<ul>\n<li>Marca: ADV Farma.<\/li>\n<li>Tipo: Soro fisiol\u00f3gico.<\/li>\n<li>Composi\u00e7\u00e3o: Cloreto de s\u00f3dio a 0,9%.<\/li>\n<li>Quantidade: solu\u00e7\u00e3o com 500ml.<\/li>\n<\/ul>","protected":false},"excerpt":{"rendered":"<p>O Soro Fisiol\u00f3gico ADV Farma cont\u00e9m 0,9% de Cloreto de S\u00f3dio, e n\u00e3o possui conservantes. A embalagem \u00e9 feita com bico dosador, para facilitar o uso.<\/p>","protected":false},"featured_media":2533,"comment_status":"open","ping_status":"closed","template":"","meta":{"_joinchat":[]},"product_brand":[],"product_cat":[29],"product_tag":[],"class_list":{"0":"post-2532","1":"product","2":"type-product","3":"status-publish","4":"has-post-thumbnail","6":"product_cat-materiais-de-consumo","8":"first","9":"instock","10":"shipping-taxable","11":"purchasable","12":"product-type-simple"},"_links":{"self":[{"href":"https:\/\/www.medideal.com.br\/en\/wp-json\/wp\/v2\/product\/2532","targetHints":{"allow":["GET"]}}],"collection":[{"href":"https:\/\/www.medideal.com.br\/en\/wp-json\/wp\/v2\/product"}],"about":[{"href":"https:\/\/www.medideal.com.br\/en\/wp-json\/wp\/v2\/types\/product"}],"replies":[{"embeddable":true,"href":"https:\/\/www.medideal.com.br\/en\/wp-json\/wp\/v2\/comments?post=2532"}],"wp:featuredmedia":[{"embeddable":true,"href":"https:\/\/www.medideal.com.br\/en\/wp-json\/wp\/v2\/media\/2533"}],"wp:attachment":[{"href":"https:\/\/www.medideal.com.br\/en\/wp-json\/wp\/v2\/media?parent=2532"}],"wp:term":[{"taxonomy":"product_brand","embeddable":true,"href":"https:\/\/www.medideal.com.br\/en\/wp-json\/wp\/v2\/product_brand?post=2532"},{"taxonomy":"product_cat","embeddable":true,"href":"https:\/\/www.medideal.com.br\/en\/wp-json\/wp\/v2\/product_cat?post=2532"},{"taxonomy":"product_tag","embeddable":true,"href":"https:\/\/www.medideal.com.br\/en\/wp-json\/wp\/v2\/product_tag?post=2532"}],"curies":[{"name":"wp","href":"https:\/\/api.w.org\/{rel}","templated":true}]}}