{"id":2530,"date":"2023-11-29T13:07:42","date_gmt":"2023-11-29T16:07:42","guid":{"rendered":"https:\/\/www.medideal.com.br\/?post_type=product&#038;p=2530"},"modified":"2024-01-17T13:00:06","modified_gmt":"2024-01-17T16:00:06","slug":"equipo-macrogotas-descarpack-caixa-c-30-unidades","status":"publish","type":"product","link":"https:\/\/www.medideal.com.br\/en\/equipo-macrogotas-descarpack-caixa-c-30-unidades\/","title":{"rendered":"Equipo Macrogotas &#8211; Descarpack"},"content":{"rendered":"<div class=\"fusion-text\">\n<h2 class=\"fusion-responsive-typography-calculated\" data-fontsize=\"40\" data-lineheight=\"40px\">Equipo Macrogotas Descarpack<\/h2>\n<\/div>\n<div class=\"fusion-text\">\n<p>Desenvolvido para infus\u00e3o gravitacional de medicamentos e solu\u00e7\u00f5es pela via endovenosa.<\/p>\n<ul>\n<li>Fabricado em PVC<\/li>\n<li>Est\u00e9ril<\/li>\n<li>At\u00f3xico e apirog\u00eanico<\/li>\n<li>C\u00e2mara gotejadora macrogotas<\/li>\n<li>Regulador de fluxo<\/li>\n<li>Tubo com comprimento de 1,5 m<\/li>\n<li>Aprovado pelo INMETRO<\/li>\n<li>Descart\u00e1vel e de uso \u00fanico<\/li>\n<\/ul>\n<\/div>","protected":false},"excerpt":{"rendered":"<p>Desenvolvido para infus\u00e3o gravitacional de medicamentos e solu\u00e7\u00f5es pela via endovenosa.<\/p>","protected":false},"featured_media":2531,"comment_status":"open","ping_status":"closed","template":"","meta":{"_joinchat":[]},"product_brand":[],"product_cat":[29],"product_tag":[],"class_list":{"0":"post-2530","1":"product","2":"type-product","3":"status-publish","4":"has-post-thumbnail","6":"product_cat-materiais-de-consumo","8":"first","9":"instock","10":"shipping-taxable","11":"purchasable","12":"product-type-simple"},"_links":{"self":[{"href":"https:\/\/www.medideal.com.br\/en\/wp-json\/wp\/v2\/product\/2530","targetHints":{"allow":["GET"]}}],"collection":[{"href":"https:\/\/www.medideal.com.br\/en\/wp-json\/wp\/v2\/product"}],"about":[{"href":"https:\/\/www.medideal.com.br\/en\/wp-json\/wp\/v2\/types\/product"}],"replies":[{"embeddable":true,"href":"https:\/\/www.medideal.com.br\/en\/wp-json\/wp\/v2\/comments?post=2530"}],"wp:featuredmedia":[{"embeddable":true,"href":"https:\/\/www.medideal.com.br\/en\/wp-json\/wp\/v2\/media\/2531"}],"wp:attachment":[{"href":"https:\/\/www.medideal.com.br\/en\/wp-json\/wp\/v2\/media?parent=2530"}],"wp:term":[{"taxonomy":"product_brand","embeddable":true,"href":"https:\/\/www.medideal.com.br\/en\/wp-json\/wp\/v2\/product_brand?post=2530"},{"taxonomy":"product_cat","embeddable":true,"href":"https:\/\/www.medideal.com.br\/en\/wp-json\/wp\/v2\/product_cat?post=2530"},{"taxonomy":"product_tag","embeddable":true,"href":"https:\/\/www.medideal.com.br\/en\/wp-json\/wp\/v2\/product_tag?post=2530"}],"curies":[{"name":"wp","href":"https:\/\/api.w.org\/{rel}","templated":true}]}}