{"id":252,"date":"2023-09-08T15:09:49","date_gmt":"2023-09-08T18:09:49","guid":{"rendered":"https:\/\/www.medideal.com.br\/?post_type=product&#038;p=252"},"modified":"2024-01-10T11:28:37","modified_gmt":"2024-01-10T14:28:37","slug":"estetoscopio-littmann-cardiology-iv-6154-azul-marinho-3m","status":"publish","type":"product","link":"https:\/\/www.medideal.com.br\/en\/estetoscopio-littmann-cardiology-iv-6154-azul-marinho-3m\/","title":{"rendered":"Estetosc\u00f3pio Littmann Cardiology IV 6154 Azul Marinho 3M"},"content":{"rendered":"<p>Estetosc\u00f3pio Littmann\u00ae Cardiology IV 6154 Azul Marinho 3M\u2122<\/p>\n<p>O estetosc\u00f3pio 3M Littmann Cardiology IV foi projetado para isolar sons sutis para que possam ser detectadas mudan\u00e7as no estado do paciente. O 3M Littmann Cardiology IV \u00e9 refinado e resistente sendo ideal para ambientes de cuidados intensivos e desafiadores (com muitos ru\u00eddos externos) como pronto-socorro, UTIs e outros ambientes din\u00e2micos.<\/p>\n<p>O Estetosc\u00f3pio 3M Littmann Cardiology IV \u00e9 indicado para:<\/p>\n<p>O Estetosc\u00f3pio 3M Littmann Cardiology IV \u00e9 indicado para diagn\u00f3sticos adulto e pedi\u00e1trico em ambientes desafiadores, com alto ru\u00eddo externo, como UTIs e Pronto-socorro.<\/p>\n<p>Outras aplica\u00e7\u00f5es sugeridas:<br \/>\n\u2022 Ambulat\u00f3rios cl\u00ednicos;<br \/>\n\u2022 Avalia\u00e7\u00e3o f\u00edsica;<br \/>\n\u2022 Centros card\u00edacos;<br \/>\n\u2022 Consult\u00f3rios;<br \/>\n\u2022 Cuidados n\u00e3o cr\u00edticos;<br \/>\n\u2022 Diagn\u00f3stico preciso;<br \/>\n\u2022 Ginecologia e Obstetr\u00edcia;<br \/>\n\u2022 Locais din\u00e2micos (resgates);<br \/>\n\u2022 Sons dif\u00edceis como, estenose a\u00f3rtica, sopros de galope S3 e anomalias pulmonares fracas;<br \/>\n\u2022 UTI &#8211; Cuidados intensivos adulto e pedi\u00e1trico.<\/p>\n<h4>Mais especifica\u00e7\u00f5es<\/h4>\n<p>\u2022 Modelo: Cardiology IV;<br \/>\n\u2022 Cores: Tubo Azul Marinho, Haste, Auscultador e Conector em a\u00e7o inox;<br \/>\n\u2022 Auscultador: Duplo (Adulto\/Pedi\u00e1trico);<br \/>\n\u2022 Tipo de diafragma: Sintoniz\u00e1vel de pe\u00e7a \u00fanica;<br \/>\n\u2022 Performance: 9-10: excelente desempenho ac\u00fastico para diagn\u00f3sticos detalhados;<br \/>\n\u2022 Peso do auscultador (aproximado): 87 gramas;<br \/>\n\u2022 Comprimento: 69cm;<br \/>\n\u2022 Di\u00e2metro do diafragma adulto: 4,3cm;<br \/>\n\u2022 Di\u00e2metro do sino ou diafragma pequeno: 3,3cm;<br \/>\n\u2022 Material do diafragma: Ep\u00f3xi\/Fibra de vidro;<br \/>\n\u2022 Veda\u00e7\u00e3o das olivas: Suave.<\/p>\n<p>O que vem na embalagem do produto?<\/p>\n<p>\u2022 Estetosc\u00f3pio Littmann\u00ae Cardiology IV 3M\u2122 com par de Olivas macio;<br \/>\n\u2022 01 Par de Olivas r\u00edgidas ;<br \/>\n\u2022 01 Borracha Sino (aro anti arrepio);<br \/>\n\u2022 Manual de Instru\u00e7\u00f5es.<\/p>\n<p>GARANTIA DE 7 ANOS CONTRA DEFEITOS DE FABRICA\u00c7\u00c3O!<\/p>","protected":false},"excerpt":{"rendered":"<p>O estetosc\u00f3pio 3M Littmann Cardiology IV foi projetado para isolar sons sutis para que possam ser detectadas mudan\u00e7as no estado do paciente.<\/p>","protected":false},"featured_media":253,"comment_status":"open","ping_status":"closed","template":"","meta":{"_joinchat":[]},"product_brand":[],"product_cat":[15],"product_tag":[],"class_list":{"0":"post-252","1":"product","2":"type-product","3":"status-publish","4":"has-post-thumbnail","6":"product_cat-estetoscopio","8":"first","9":"outofstock","10":"sale","11":"shipping-taxable","12":"purchasable","13":"product-type-simple"},"_links":{"self":[{"href":"https:\/\/www.medideal.com.br\/en\/wp-json\/wp\/v2\/product\/252","targetHints":{"allow":["GET"]}}],"collection":[{"href":"https:\/\/www.medideal.com.br\/en\/wp-json\/wp\/v2\/product"}],"about":[{"href":"https:\/\/www.medideal.com.br\/en\/wp-json\/wp\/v2\/types\/product"}],"replies":[{"embeddable":true,"href":"https:\/\/www.medideal.com.br\/en\/wp-json\/wp\/v2\/comments?post=252"}],"wp:featuredmedia":[{"embeddable":true,"href":"https:\/\/www.medideal.com.br\/en\/wp-json\/wp\/v2\/media\/253"}],"wp:attachment":[{"href":"https:\/\/www.medideal.com.br\/en\/wp-json\/wp\/v2\/media?parent=252"}],"wp:term":[{"taxonomy":"product_brand","embeddable":true,"href":"https:\/\/www.medideal.com.br\/en\/wp-json\/wp\/v2\/product_brand?post=252"},{"taxonomy":"product_cat","embeddable":true,"href":"https:\/\/www.medideal.com.br\/en\/wp-json\/wp\/v2\/product_cat?post=252"},{"taxonomy":"product_tag","embeddable":true,"href":"https:\/\/www.medideal.com.br\/en\/wp-json\/wp\/v2\/product_tag?post=252"}],"curies":[{"name":"wp","href":"https:\/\/api.w.org\/{rel}","templated":true}]}}