{"id":2518,"date":"2023-11-29T12:55:51","date_gmt":"2023-11-29T15:55:51","guid":{"rendered":"https:\/\/www.medideal.com.br\/?post_type=product&#038;p=2518"},"modified":"2024-03-19T13:33:11","modified_gmt":"2024-03-19T16:33:11","slug":"sonda-uretral-medix-pacote-c-10-unidades","status":"publish","type":"product","link":"https:\/\/www.medideal.com.br\/en\/sonda-uretral-medix-pacote-c-10-unidades\/","title":{"rendered":"Sonda Uretral &#8211; Medix"},"content":{"rendered":"<p>Destinado a utiliza\u00e7\u00e3o no p\u00f3s cir\u00fargico para drenar urina.<\/p>\n<p>\u00c9 confeccionada em PVC (poli cloreto de vinil)<\/p>\n<p>Comprimento de 40 cm cada unidade<\/p>\n<p>&nbsp;<\/p>\n<p>ESPECIFICA\u00c7\u00d5ES T\u00c9CNICAS<\/p>\n<p>&#8211; Transparente<\/p>\n<p>&#8211; Flex\u00edvel<\/p>\n<p>&#8211; At\u00f3xico esterilizado por \u00f3xido de etileno<\/p>\n<p>&#8211; Embalado em P.G.C.<\/p>\n<p>&#8211; Descart\u00e1vel<\/p>\n<p>&#8211; Confeccionada em PVC (Cloreto de polivinila)<\/p>\n<ul>\n<li>Indica\u00e7\u00e3o de Uso:A sonda uretral \u00e9 utilizada para realizar a drenagem urin\u00e1ria em pacientes com dist\u00farbio urol\u00f3gico.\u00c9 uma sonda de al\u00edvio (perman\u00eancia curta), tem como finalidade: preparar o paciente para determinadas cirurgias;Evitar que o paciente urine de forma espont\u00e2nea; ap\u00f3s certas cirurgias; aliviar distens\u00e3o vesical pela reten\u00e7\u00e3o da urina; em casos excepcionais obter uma amostra est\u00e9ril de urina.Modo de Uso:Abrir a embalagem utilizando t\u00e9cnica ass\u00e9ptica durante o manuseio, introduzir a sonda conforme t\u00e9cnicas m\u00e9dicas na bexiga, atrav\u00e9s do orif\u00edcio externo da uretra e, esperar escoar a urina dentro da cuba rim e retirar a sonda conforme t\u00e9cnica.<\/li>\n<\/ul>","protected":false},"excerpt":{"rendered":"<p>Destinado a utiliza\u00e7\u00e3o no p\u00f3s cir\u00fargico para drenar urina.<\/p>","protected":false},"featured_media":2519,"comment_status":"closed","ping_status":"closed","template":"","meta":{"_joinchat":[]},"product_brand":[],"product_cat":[29,118],"product_tag":[],"class_list":{"0":"post-2518","1":"product","2":"type-product","3":"status-publish","4":"has-post-thumbnail","6":"product_cat-materiais-de-consumo","7":"product_cat-ofertas","9":"first","10":"instock","11":"shipping-taxable","12":"purchasable","13":"product-type-variable"},"_links":{"self":[{"href":"https:\/\/www.medideal.com.br\/en\/wp-json\/wp\/v2\/product\/2518","targetHints":{"allow":["GET"]}}],"collection":[{"href":"https:\/\/www.medideal.com.br\/en\/wp-json\/wp\/v2\/product"}],"about":[{"href":"https:\/\/www.medideal.com.br\/en\/wp-json\/wp\/v2\/types\/product"}],"replies":[{"embeddable":true,"href":"https:\/\/www.medideal.com.br\/en\/wp-json\/wp\/v2\/comments?post=2518"}],"wp:featuredmedia":[{"embeddable":true,"href":"https:\/\/www.medideal.com.br\/en\/wp-json\/wp\/v2\/media\/2519"}],"wp:attachment":[{"href":"https:\/\/www.medideal.com.br\/en\/wp-json\/wp\/v2\/media?parent=2518"}],"wp:term":[{"taxonomy":"product_brand","embeddable":true,"href":"https:\/\/www.medideal.com.br\/en\/wp-json\/wp\/v2\/product_brand?post=2518"},{"taxonomy":"product_cat","embeddable":true,"href":"https:\/\/www.medideal.com.br\/en\/wp-json\/wp\/v2\/product_cat?post=2518"},{"taxonomy":"product_tag","embeddable":true,"href":"https:\/\/www.medideal.com.br\/en\/wp-json\/wp\/v2\/product_tag?post=2518"}],"curies":[{"name":"wp","href":"https:\/\/api.w.org\/{rel}","templated":true}]}}