{"id":2501,"date":"2023-11-29T12:30:13","date_gmt":"2023-11-29T15:30:13","guid":{"rendered":"https:\/\/www.medideal.com.br\/?post_type=product&#038;p=2501"},"modified":"2024-01-17T12:58:08","modified_gmt":"2024-01-17T15:58:08","slug":"sonda-foley-2-vias-medix-caixa-c-10-unidades","status":"publish","type":"product","link":"https:\/\/www.medideal.com.br\/en\/sonda-foley-2-vias-medix-caixa-c-10-unidades\/","title":{"rendered":"Sonda Foley 2 Vias &#8211; Medix"},"content":{"rendered":"<p><strong>Apresenta\u00e7\u00e3o<\/strong><\/p>\n<p>A Sonda Foley de L\u00e1tex 2 Vias \u00e9 um dispositivo tubular est\u00e9ril, feito de l\u00e1tex natural, que controla a drenagem no canal da uretra, permitindo o esvaziamento suave da urina que est\u00e1 na bexiga.<\/p>\n<p>Dispensa calibra\u00e7\u00e3o ou manuten\u00e7\u00e3o, \u00e9 de uso \u00fanico e esterilizada por exposi\u00e7\u00e3o ao g\u00e1s \u00f3xido de etileno.<\/p>\n<p>Produto indicado para pacientes que necessitam de controle rigoroso da diurese ou para tratamentos de dist\u00farbios urin\u00e1rios.<\/p>\n<p><strong>Benef\u00edcios<\/strong><\/p>\n<ul>\n<li>Est\u00e9ril.<\/li>\n<\/ul>\n<p><strong>Modo de Uso<\/strong><\/p>\n<ol>\n<li>Remova a sonda de sua bolsa usando t\u00e9cnica ass\u00e9ptica;<\/li>\n<li>Inspecione visualmente a sonda para verificar qualquer dano mec\u00e2nico;<\/li>\n<li>Verifique se o bal\u00e3o est\u00e1 enchendo antes de usar;<\/li>\n<li>Certifique-se de que o bal\u00e3o \u00e9 esvaziado completamente antes de inserir a sonda no paciente;<\/li>\n<li>Lubrifique a sonda usando um lubrificante \u00e0 base de \u00e1gua ou gel, com ou sem anestesia local, conforme necess\u00e1rio. O lubrificante \u00e0 base de petr\u00f3leo n\u00e3o deve ser usado, pois danificar\u00e1 o produto e poder\u00e1 provocar o estouro do bal\u00e3o;<\/li>\n<li>Usando a t\u00e9cnica est\u00e9ril, insira a sonda completamente na uretra garantindo que o bal\u00e3o esteja al\u00e9m do pesco\u00e7o da bexiga;<\/li>\n<li>Use uma seringa Luer para inflar o bal\u00e3o;<\/li>\n<li>Para remo\u00e7\u00e3o, insira uma seringa Luer conforme apropriado para desinflar o bal\u00e3o antes da retirada. Aspire suavemente a seringa para remover o l\u00edquido do bal\u00e3o inflado e retire a sonda.<\/li>\n<\/ol>\n<p>A defini\u00e7\u00e3o do tamanho da sonda a ser utilizado pelo paciente, deve ser indicado pelo m\u00e9dico.<\/p>\n<p>Cont\u00e9m l\u00e1tex natural, pode causar alergia. Descart\u00e1vel e de uso \u00fanico. Proibido reprocessar. Destruir ap\u00f3s o uso.<\/p>\n<p><strong>Especifica\u00e7\u00f5es t\u00e9cnicas<\/strong><\/p>\n<ul>\n<li>Est\u00e9ril &#8211; \u00f3xido de etileno;<\/li>\n<li>Siliconada;<\/li>\n<li>Ponta arredondada;<\/li>\n<li>Descart\u00e1vel e de uso \u00fanico;<\/li>\n<li>Material: L\u00e1tex de borracha natural;<\/li>\n<li>Validade:\u00a05 anos ap\u00f3s a data de esteriliza\u00e7\u00e3o;<\/li>\n<li>Modelos: Infantil 6FR; Pedi\u00e1trica 8FR; Pedi\u00e1trica 10FR; Padr\u00e3o 12FR, 14FR, 16FR, 18FR, 20FR, 22FR, 24FR.<\/li>\n<li>Embalagem: Caixa com 10 unidades.<\/li>\n<li>Peso embalagem: 200g.<\/li>\n<li>ANVISA:\u00a080495510040\/8049551004.<\/li>\n<\/ul>","protected":false},"excerpt":{"rendered":"<p>A Sonda Foley de L\u00e1tex 2 Vias \u00e9 um dispositivo tubular est\u00e9ril, feito de l\u00e1tex natural, que controla a drenagem no canal da uretra, permitindo o esvaziamento suave da urina que est\u00e1 na bexiga.<\/p>","protected":false},"featured_media":2502,"comment_status":"open","ping_status":"closed","template":"","meta":{"_joinchat":[]},"product_brand":[],"product_cat":[29],"product_tag":[],"class_list":{"0":"post-2501","1":"product","2":"type-product","3":"status-publish","4":"has-post-thumbnail","6":"product_cat-materiais-de-consumo","8":"first","9":"instock","10":"shipping-taxable","11":"purchasable","12":"product-type-variable"},"_links":{"self":[{"href":"https:\/\/www.medideal.com.br\/en\/wp-json\/wp\/v2\/product\/2501","targetHints":{"allow":["GET"]}}],"collection":[{"href":"https:\/\/www.medideal.com.br\/en\/wp-json\/wp\/v2\/product"}],"about":[{"href":"https:\/\/www.medideal.com.br\/en\/wp-json\/wp\/v2\/types\/product"}],"replies":[{"embeddable":true,"href":"https:\/\/www.medideal.com.br\/en\/wp-json\/wp\/v2\/comments?post=2501"}],"wp:featuredmedia":[{"embeddable":true,"href":"https:\/\/www.medideal.com.br\/en\/wp-json\/wp\/v2\/media\/2502"}],"wp:attachment":[{"href":"https:\/\/www.medideal.com.br\/en\/wp-json\/wp\/v2\/media?parent=2501"}],"wp:term":[{"taxonomy":"product_brand","embeddable":true,"href":"https:\/\/www.medideal.com.br\/en\/wp-json\/wp\/v2\/product_brand?post=2501"},{"taxonomy":"product_cat","embeddable":true,"href":"https:\/\/www.medideal.com.br\/en\/wp-json\/wp\/v2\/product_cat?post=2501"},{"taxonomy":"product_tag","embeddable":true,"href":"https:\/\/www.medideal.com.br\/en\/wp-json\/wp\/v2\/product_tag?post=2501"}],"curies":[{"name":"wp","href":"https:\/\/api.w.org\/{rel}","templated":true}]}}