{"id":2486,"date":"2023-11-28T15:40:32","date_gmt":"2023-11-28T18:40:32","guid":{"rendered":"https:\/\/www.medideal.com.br\/?post_type=product&#038;p=2486"},"modified":"2024-01-16T16:48:34","modified_gmt":"2024-01-16T19:48:34","slug":"seringa-sem-agulha-bico-cateter-60ml-medix-caixa-c-25-unidades","status":"publish","type":"product","link":"https:\/\/www.medideal.com.br\/en\/seringa-sem-agulha-bico-cateter-60ml-medix-caixa-c-25-unidades\/","title":{"rendered":"Seringa Sem Agulha Bico Cateter 60ml Medix &#8211; Caixa C\/25 Unidades"},"content":{"rendered":"<p><strong>Apresenta\u00e7\u00e3o<\/strong><\/p>\n<p>A Seringa\u00a0Bico Cateter sem Agulha \u00e9 um dispositivo descart\u00e1vel, indicado para aspira\u00e7\u00e3o e inje\u00e7\u00e3o de grandes volumes l\u00edquidos, solu\u00e7\u00f5es e alimenta\u00e7\u00e3o enteral.<\/p>\n<p>Seu Bico Tipo Cateter facilita o encaixe de cateteres, sondas de alimenta\u00e7\u00e3o enteral, sonda foley, sonda nasog\u00e1strica, entre outros na aspira\u00e7\u00e3o ou de grande quantidade de l\u00edquidos e solu\u00e7\u00f5es.<\/p>\n<p><strong>Benef\u00edcios<\/strong><\/p>\n<ul>\n<li>Est\u00e9ril &#8211; ETO;<\/li>\n<li>At\u00f3xica e apirog\u00eanica.<\/li>\n<li>Lubrificada com silicone: reduz a press\u00e3o, permite movimento suave do \u00eambolo;<\/li>\n<li>Corpo transparente: permite a visualiza\u00e7\u00e3o n\u00edtida do flu\u00eddo aspirado;<\/li>\n<li>Anel de reten\u00e7\u00e3o: impede o desprendimento do \u00eambolo;<\/li>\n<li>\u00cambolo de borracha natural\u00a0(Cont\u00e9m l\u00e1tex).<\/li>\n<\/ul>\n<p><strong>Modo de Uso<\/strong><\/p>\n<ol>\n<li>Selecione o tipo de seringa a ser utilizada conforme sua gradua\u00e7\u00e3o.<\/li>\n<li>Abra a embalagem atrav\u00e9s da t\u00e9cnica ass\u00e9ptica (sempre atrav\u00e9s da p\u00e9tala);<\/li>\n<li>Utilize a seringa conforme t\u00e9cnica adequada para administra\u00e7\u00e3o de medicamentos ou coletas de fluidos org\u00e2nicos;<\/li>\n<li>Ap\u00f3s o uso, descarte em local adequado.<\/li>\n<\/ol>\n<p><strong>\u201cPRODUTO DE USO \u00daNICO\u201d, \u201cN\u00c3O DEVEM SER REUTILIZADAS\u201d, \u201cPROIBIDO REPROCESSAR\u201d, \u201cDESTRUIR AP\u00d3S O USO\u201d; \u201cEST\u00c9RIL\u201d<\/strong><\/p>\n<p><strong>Especifica\u00e7\u00f5es t\u00e9cnicas<\/strong><\/p>\n<ul>\n<li>Est\u00e9ril &#8211; ETO;<\/li>\n<li>At\u00f3xica e apirog\u00eanica;<\/li>\n<li>Lubrificante: \u00f3leo de silicone;<\/li>\n<li>Descart\u00e1vel e de uso \u00fanico;<\/li>\n<li>Cont\u00e9m L\u00e1tex;<\/li>\n<li>Escala volum\u00e9trica demarcada em mililitros;:<\/li>\n<li>Gradua\u00e7\u00e3o: Principal de 10 em 10 e a secund\u00e1ria de 2 em 2ml;<\/li>\n<li>Certifica\u00e7\u00e3o INMETRO;<\/li>\n<li>Tamanhos:\u00a060ml;<\/li>\n<li>Modelo: Bico\u00a0Cateter\u00a0&#8211; Sem agulha.<\/li>\n<li>Material: Polipropileno pol\u00edmero inerte (n\u00e3o reage com medicamentos).<\/li>\n<li>Validade:\u00a05 anos ap\u00f3s a data de esteriliza\u00e7\u00e3o.<\/li>\n<li>Embalagem: Caixa com\u00a025 unidades.<\/li>\n<li>Peso embalagem: 890g<\/li>\n<li>ANVISA:\u00a080495510141.<\/li>\n<\/ul>","protected":false},"excerpt":{"rendered":"<p>A Seringa\u00a0Bico Cateter sem Agulha \u00e9 um dispositivo descart\u00e1vel, indicado para aspira\u00e7\u00e3o e inje\u00e7\u00e3o de grandes volumes l\u00edquidos, solu\u00e7\u00f5es e alimenta\u00e7\u00e3o enteral.<\/p>","protected":false},"featured_media":2487,"comment_status":"open","ping_status":"closed","template":"","meta":{"_joinchat":[]},"product_brand":[],"product_cat":[29],"product_tag":[],"class_list":{"0":"post-2486","1":"product","2":"type-product","3":"status-publish","4":"has-post-thumbnail","6":"product_cat-materiais-de-consumo","8":"first","9":"instock","10":"shipping-taxable","11":"purchasable","12":"product-type-simple"},"_links":{"self":[{"href":"https:\/\/www.medideal.com.br\/en\/wp-json\/wp\/v2\/product\/2486","targetHints":{"allow":["GET"]}}],"collection":[{"href":"https:\/\/www.medideal.com.br\/en\/wp-json\/wp\/v2\/product"}],"about":[{"href":"https:\/\/www.medideal.com.br\/en\/wp-json\/wp\/v2\/types\/product"}],"replies":[{"embeddable":true,"href":"https:\/\/www.medideal.com.br\/en\/wp-json\/wp\/v2\/comments?post=2486"}],"wp:featuredmedia":[{"embeddable":true,"href":"https:\/\/www.medideal.com.br\/en\/wp-json\/wp\/v2\/media\/2487"}],"wp:attachment":[{"href":"https:\/\/www.medideal.com.br\/en\/wp-json\/wp\/v2\/media?parent=2486"}],"wp:term":[{"taxonomy":"product_brand","embeddable":true,"href":"https:\/\/www.medideal.com.br\/en\/wp-json\/wp\/v2\/product_brand?post=2486"},{"taxonomy":"product_cat","embeddable":true,"href":"https:\/\/www.medideal.com.br\/en\/wp-json\/wp\/v2\/product_cat?post=2486"},{"taxonomy":"product_tag","embeddable":true,"href":"https:\/\/www.medideal.com.br\/en\/wp-json\/wp\/v2\/product_tag?post=2486"}],"curies":[{"name":"wp","href":"https:\/\/api.w.org\/{rel}","templated":true}]}}