{"id":2480,"date":"2023-11-28T15:30:07","date_gmt":"2023-11-28T18:30:07","guid":{"rendered":"https:\/\/www.medideal.com.br\/?post_type=product&#038;p=2480"},"modified":"2024-01-16T16:45:47","modified_gmt":"2024-01-16T19:45:47","slug":"seringa-sem-agulha-slip-1ml-medix-caixa-c-100-unidades","status":"publish","type":"product","link":"https:\/\/www.medideal.com.br\/en\/seringa-sem-agulha-slip-1ml-medix-caixa-c-100-unidades\/","title":{"rendered":"Seringa Sem Agulha Slip 1ml Medix &#8211; Caixa C\/ 100 Unidades"},"content":{"rendered":"<p><strong>Apresenta\u00e7\u00e3o<\/strong><\/p>\n<p>Dispositivo de uso m\u00e9dico-hospitalar, para uso manual.<\/p>\n<p>Destinada \u00e0 infus\u00e3o de solu\u00e7\u00f5es (Insulina e Vacinas) via subcut\u00e2nea ou intrad\u00e9rmica, conforme t\u00e9cnicas de administra\u00e7\u00e3o orientadas pelos m\u00e9dicos.<\/p>\n<p><strong>Benef\u00edcios<\/strong><\/p>\n<ul>\n<li>Est\u00e9ril;<\/li>\n<li>F\u00e1cil utiliza\u00e7\u00e3o.<\/li>\n<\/ul>\n<p><strong>Modo de Uso<\/strong><\/p>\n<p>1 &#8211; Abra a embalagem com t\u00e9cnica ass\u00e9ptica;<br \/>\n2 &#8211; Retire o produto da embalagem prim\u00e1ria;<br \/>\n3 &#8211; Destrave o \u00eambolo da seringa no sentido do canh\u00e3o a fim de lubrificar a borracha de ajuste ou mobilizar o \u00eambolo;<br \/>\n4 &#8211; Retire a capa protetora da agulha conectada \u00e0 seringa (se tiver) e inicie o procedimento de<br \/>\npun\u00e7\u00e3o ou infus\u00e3o de solu\u00e7\u00e3o;<br \/>\n5 &#8211; Retraia o \u00eambolo e aspire lentamente o l\u00edquido para o interior da seringa, evitando bolhas;<br \/>\n6 &#8211; Siga as instru\u00e7\u00f5es de administra\u00e7\u00e3o orientadas pelo m\u00e9dico;<br \/>\n7 &#8211; Ap\u00f3s o uso, descartar o produto.<\/p>\n<p>Uso \u00fanico. N\u00e3o reutilizar.<\/p>\n<p><strong>Especifica\u00e7\u00f5es t\u00e9cnicas<\/strong><\/p>\n<ul>\n<li>Conex\u00e3o: luer slip SEM agulha &#8211; Tipo 3;<\/li>\n<li>Gradua\u00e7\u00e3o 2 em 2 UI;<\/li>\n<li>Cont\u00e9m l\u00e1tex;<\/li>\n<li>Material e composi\u00e7\u00e3o;<br \/>\nSeringa: Cilindro &#8211; polipropileno; \u00cambolo &#8211; borracha; Haste &#8211; polipropileno; Flange do cilindro &#8211; polipropileno; Capa protetora \u2013 polipropileno; Canh\u00e3o &#8211; polipropileno; Capa protetora &#8211; polipropileno;<\/li>\n<li>Validade:\u00a05 anos ap\u00f3s a data de esteriliza\u00e7\u00e3o;<\/li>\n<li>Embalagem: Caixa com 100 unidades;<\/li>\n<li>Dimens\u00f5es produto: 100UI; 1ml;<\/li>\n<li>Dimens\u00f5es embalagem: 61cm(c) x\u00a048cm(l) x 38cm(a);<\/li>\n<li>Peso embalagem: 100g;<\/li>\n<li>Registro Anvisa 80495519007.<\/li>\n<\/ul>","protected":false},"excerpt":{"rendered":"<p>Destinada \u00e0 infus\u00e3o de solu\u00e7\u00f5es (Insulina e Vacinas) via subcut\u00e2nea ou intrad\u00e9rmica, conforme t\u00e9cnicas de administra\u00e7\u00e3o orientadas pelos m\u00e9dicos.<\/p>","protected":false},"featured_media":2481,"comment_status":"open","ping_status":"closed","template":"","meta":{"_joinchat":[]},"product_brand":[],"product_cat":[29],"product_tag":[],"class_list":{"0":"post-2480","1":"product","2":"type-product","3":"status-publish","4":"has-post-thumbnail","6":"product_cat-materiais-de-consumo","8":"first","9":"instock","10":"shipping-taxable","11":"purchasable","12":"product-type-simple"},"_links":{"self":[{"href":"https:\/\/www.medideal.com.br\/en\/wp-json\/wp\/v2\/product\/2480","targetHints":{"allow":["GET"]}}],"collection":[{"href":"https:\/\/www.medideal.com.br\/en\/wp-json\/wp\/v2\/product"}],"about":[{"href":"https:\/\/www.medideal.com.br\/en\/wp-json\/wp\/v2\/types\/product"}],"replies":[{"embeddable":true,"href":"https:\/\/www.medideal.com.br\/en\/wp-json\/wp\/v2\/comments?post=2480"}],"wp:featuredmedia":[{"embeddable":true,"href":"https:\/\/www.medideal.com.br\/en\/wp-json\/wp\/v2\/media\/2481"}],"wp:attachment":[{"href":"https:\/\/www.medideal.com.br\/en\/wp-json\/wp\/v2\/media?parent=2480"}],"wp:term":[{"taxonomy":"product_brand","embeddable":true,"href":"https:\/\/www.medideal.com.br\/en\/wp-json\/wp\/v2\/product_brand?post=2480"},{"taxonomy":"product_cat","embeddable":true,"href":"https:\/\/www.medideal.com.br\/en\/wp-json\/wp\/v2\/product_cat?post=2480"},{"taxonomy":"product_tag","embeddable":true,"href":"https:\/\/www.medideal.com.br\/en\/wp-json\/wp\/v2\/product_tag?post=2480"}],"curies":[{"name":"wp","href":"https:\/\/api.w.org\/{rel}","templated":true}]}}