{"id":2471,"date":"2023-11-28T15:05:59","date_gmt":"2023-11-28T18:05:59","guid":{"rendered":"https:\/\/www.medideal.com.br\/?post_type=product&#038;p=2471"},"modified":"2024-01-16T16:41:33","modified_gmt":"2024-01-16T19:41:33","slug":"scalp-25g-medix-caixa-c-100-unidades","status":"publish","type":"product","link":"https:\/\/www.medideal.com.br\/en\/scalp-25g-medix-caixa-c-100-unidades\/","title":{"rendered":"Scalp 25G Medix &#8211; Caixa C\/ 100 Unidades"},"content":{"rendered":"<p><strong>Apresenta\u00e7\u00e3o<\/strong><\/p>\n<p>O Scalp para Infus\u00e3o Intravenosa \u00e9 um dispositivo perif\u00e9rico agulhado com asas de suporte em formato de borboleta, de uso \u00fanico, descart\u00e1vel, concebido para acessar o sistema vascular por curto per\u00edodo.<\/p>\n<p>Indicado para infus\u00f5es de curta dura\u00e7\u00e3o e procedimentos de coleta de sangue, bem como para introdu\u00e7\u00e3o de solu\u00e7\u00e3o ou coleta de flu\u00eddos.<\/p>\n<p><strong>Benef\u00edcios<\/strong><\/p>\n<ul>\n<li>Est\u00e9ril &#8211; \u00d3xido de Etileno;<\/li>\n<li>At\u00f3xico e apirog\u00eanico.<\/li>\n<\/ul>\n<p><strong>Modo de Uso<\/strong><\/p>\n<ol>\n<li>Verifique o tamanho adequado, conforme indica\u00e7\u00e3o na embalagem;<\/li>\n<li>Verifique a integridade e retire o produto da embalagem o mais pr\u00f3ximo poss\u00edvel do momento de seu uso;<\/li>\n<li>Execute o procedimento;<\/li>\n<li>Ap\u00f3s o uso, retire o Scalp, descartando-o imediatamente em local para materiais contaminados.<\/li>\n<\/ol>\n<p>Descart\u00e1vel e de uso \u00fanico. Proibido reprocessar. Destruir ap\u00f3s o uso.<\/p>\n<p><strong>Especifica\u00e7\u00f5es t\u00e9cnicas<\/strong><\/p>\n<ul>\n<li><strong>Imagens meramente ilustrativas;<\/strong><\/li>\n<li><strong>OBS: o modelo de Scalp enviado atualmente pode conter asas na ponta do tubo flex\u00edvel de grau transparente;<\/strong><\/li>\n<li>Est\u00e9ril por \u00d3xido de Etileno;<\/li>\n<li>Descart\u00e1vel e de uso \u00fanico;<\/li>\n<li>At\u00f3xico e apirog\u00eanico;<\/li>\n<li>Embalado em papel grau;<\/li>\n<li>Material e composi\u00e7\u00e3o: Agulha em a\u00e7o inoxid\u00e1vel; Cubo da agulha em PVC flex\u00edvel e transparente de grau m\u00e9dico; Punho da agulha em ABS; Protetor em Polietileno de grau m\u00e9dico; Tubo em PVC flex\u00edvel de grau e transparente.<\/li>\n<li>Validade:\u00a05 anos;<\/li>\n<li>Tamanhos: 19g (transparente); 21g (verde); 23g (azul); 25g (laranja); 27g (cinza).<\/li>\n<li>Embalagem: Caixa com 100 unidades.<\/li>\n<li>Dimens\u00f5es embalagem: 27cm(c) x\u00a041cm(l) x 57cm(a).<\/li>\n<li>Peso embalagem: 500g.<\/li>\n<li>Registro Anvisa: 80495510031 \/ 80495510074<\/li>\n<\/ul>","protected":false},"excerpt":{"rendered":"<p>Desenvolvido para a administra\u00e7\u00e3o de fluidos ou inje\u00e7\u00f5es intravenosas de pequeno volume, al\u00e9m de ser utilizado em coletas de sangue perif\u00e9rico.<\/p>","protected":false},"featured_media":2475,"comment_status":"open","ping_status":"closed","template":"","meta":{"_joinchat":[]},"product_brand":[],"product_cat":[29],"product_tag":[],"class_list":{"0":"post-2471","1":"product","2":"type-product","3":"status-publish","4":"has-post-thumbnail","6":"product_cat-materiais-de-consumo","8":"first","9":"instock","10":"shipping-taxable","11":"purchasable","12":"product-type-simple"},"_links":{"self":[{"href":"https:\/\/www.medideal.com.br\/en\/wp-json\/wp\/v2\/product\/2471","targetHints":{"allow":["GET"]}}],"collection":[{"href":"https:\/\/www.medideal.com.br\/en\/wp-json\/wp\/v2\/product"}],"about":[{"href":"https:\/\/www.medideal.com.br\/en\/wp-json\/wp\/v2\/types\/product"}],"replies":[{"embeddable":true,"href":"https:\/\/www.medideal.com.br\/en\/wp-json\/wp\/v2\/comments?post=2471"}],"wp:featuredmedia":[{"embeddable":true,"href":"https:\/\/www.medideal.com.br\/en\/wp-json\/wp\/v2\/media\/2475"}],"wp:attachment":[{"href":"https:\/\/www.medideal.com.br\/en\/wp-json\/wp\/v2\/media?parent=2471"}],"wp:term":[{"taxonomy":"product_brand","embeddable":true,"href":"https:\/\/www.medideal.com.br\/en\/wp-json\/wp\/v2\/product_brand?post=2471"},{"taxonomy":"product_cat","embeddable":true,"href":"https:\/\/www.medideal.com.br\/en\/wp-json\/wp\/v2\/product_cat?post=2471"},{"taxonomy":"product_tag","embeddable":true,"href":"https:\/\/www.medideal.com.br\/en\/wp-json\/wp\/v2\/product_tag?post=2471"}],"curies":[{"name":"wp","href":"https:\/\/api.w.org\/{rel}","templated":true}]}}