{"id":2458,"date":"2023-11-28T14:44:54","date_gmt":"2023-11-28T17:44:54","guid":{"rendered":"https:\/\/www.medideal.com.br\/?post_type=product&#038;p=2458"},"modified":"2024-01-16T16:16:14","modified_gmt":"2024-01-16T19:16:14","slug":"mascara-tripla-descartavel-rosa-medix-caixa-c-50-unidades","status":"publish","type":"product","link":"https:\/\/www.medideal.com.br\/en\/mascara-tripla-descartavel-rosa-medix-caixa-c-50-unidades\/","title":{"rendered":"M\u00e1scara Tripla Descart\u00e1vel Rosa Medix &#8211; Caixa C\/ 50 Unidades"},"content":{"rendered":"<div class=\"card__header\">\n<h2 class=\"card__title heading h3\"><span style=\"font-size: 16px\">Apresenta\u00e7\u00e3o<\/span><\/h2>\n<\/div>\n<div class=\"card__section\">\n<div class=\"rte text--pull\">\n<p>A M\u00e1scara Tripla Descart\u00e1vel Com Filtro (BFE \u226595%) \u00e9 uma m\u00e1scara para prote\u00e7\u00e3o individual. Possui camada em papel filtro branco fundido com efici\u00eancia de filtragem BFE: \u226595%.<\/p>\n<p>Barreira f\u00edsica contra flu\u00eddos, part\u00edculas, bact\u00e9rias, v\u00edrus, p\u00f3len, polui\u00e7\u00e3o atmosf\u00e9rica e sujeira, protege com qualidade, conforto e promove maior seguran\u00e7a para o dia a dia.<\/p>\n<h2>Benef\u00edcios<\/h2>\n<ul>\n<li>Anti poeira, anti bacteriana, anti v\u00edrus, anti p\u00f3len, anti polui\u00e7\u00e3o atmosf\u00e9rica, anti got\u00edculas, etc.;<\/li>\n<li>Reduz infec\u00e7\u00f5es por v\u00edrus;<\/li>\n<li>Possui clipe nasal ajust\u00e1vel;<\/li>\n<li>Barreira de prote\u00e7\u00e3o;<\/li>\n<li>Respir\u00e1vel e macia;<\/li>\n<li>Sem l\u00e1tex.<\/li>\n<\/ul>\n<h2>Modo de Uso:<\/h2>\n<ol>\n<li>Verifique a integridade da embalagem;<\/li>\n<li>Coloque o produto na regi\u00e3o da face, cobrindo boca e nariz, com o lado\u00a0da logomarca para fora;<\/li>\n<li>Fixe a m\u00e1scara utilizando os el\u00e1sticos e adapte\/ajuste o clipe nasal.<\/li>\n<\/ol>\n<p>N\u00e3o reutilizar ou esterilizar ap\u00f3s o uso. PROIBIDO REPROCESSAR.<\/p>\n<h2>Indica\u00e7\u00f5es de Uso:<\/h2>\n<p>Desenvolvida para o conforto e higiene das vias respirat\u00f3rias em procedimentos e atividades que requeiram barreiras filtrantes, de uso \u00fanico.<\/p>\n<p>Indicada para uso nos segmentos: sa\u00fade e bem-estar, personal care, dia a dia, pet care, food (restaurantes e cong\u00eaneres), beleza e est\u00e9tica (sal\u00e3o de beleza, barbearia e cong\u00eaneres), fitness (academia), supermercados (diversos setores), etc.<\/p>\n<h2>Especifica\u00e7\u00e3o T\u00e9cnica<\/h2>\n<ul>\n<li>Descart\u00e1vel;<\/li>\n<li>N\u00e3o est\u00e9ril;<\/li>\n<li>Uso \u00fanico.<\/li>\n<li>Tamanho \u00fanico<\/li>\n<li>Validade: 5 anos ap\u00f3s a data de fabrica\u00e7\u00e3o<\/li>\n<li>Estrutura, material e cor\n<ul>\n<li>1\u00aa camada: polipropileno n\u00e3o tecido cor branca &#8211; (camada externa)<\/li>\n<li>2\u00aa camada: papel filtro melt blown (BFE: \u226595%) &#8211; (camada do meio)<\/li>\n<li>3\u00aa camada: polipropileno n\u00e3o tecido cor branca &#8211; (camada interna)<\/li>\n<\/ul>\n<\/li>\n<li>Dimens\u00f5es do produto: 9,5cm(l) x 17,5cm(a)<\/li>\n<li>Embalagem:\u00a0caixa com 50 unidades<\/li>\n<li>Dimens\u00f5es da embalagem: 10cm(c) x 18cm(l) x 7cm(a)<\/li>\n<li>ANVISA 80495510076<\/li>\n<li>N\u00e3o possui CA<\/li>\n<\/ul>\n<\/div>\n<\/div>","protected":false},"excerpt":{"rendered":"<p>A M\u00e1scara Tripla Descart\u00e1vel Com Filtro (BFE \u226595%) \u00e9 uma m\u00e1scara para prote\u00e7\u00e3o individual. Possui camada em papel filtro branco fundido com efici\u00eancia de filtragem BFE: \u226595%.<\/p>","protected":false},"featured_media":2468,"comment_status":"open","ping_status":"closed","template":"","meta":{"_joinchat":[]},"product_brand":[],"product_cat":[29],"product_tag":[],"class_list":{"0":"post-2458","1":"product","2":"type-product","3":"status-publish","4":"has-post-thumbnail","6":"product_cat-materiais-de-consumo","8":"first","9":"instock","10":"shipping-taxable","11":"purchasable","12":"product-type-simple"},"_links":{"self":[{"href":"https:\/\/www.medideal.com.br\/en\/wp-json\/wp\/v2\/product\/2458","targetHints":{"allow":["GET"]}}],"collection":[{"href":"https:\/\/www.medideal.com.br\/en\/wp-json\/wp\/v2\/product"}],"about":[{"href":"https:\/\/www.medideal.com.br\/en\/wp-json\/wp\/v2\/types\/product"}],"replies":[{"embeddable":true,"href":"https:\/\/www.medideal.com.br\/en\/wp-json\/wp\/v2\/comments?post=2458"}],"wp:featuredmedia":[{"embeddable":true,"href":"https:\/\/www.medideal.com.br\/en\/wp-json\/wp\/v2\/media\/2468"}],"wp:attachment":[{"href":"https:\/\/www.medideal.com.br\/en\/wp-json\/wp\/v2\/media?parent=2458"}],"wp:term":[{"taxonomy":"product_brand","embeddable":true,"href":"https:\/\/www.medideal.com.br\/en\/wp-json\/wp\/v2\/product_brand?post=2458"},{"taxonomy":"product_cat","embeddable":true,"href":"https:\/\/www.medideal.com.br\/en\/wp-json\/wp\/v2\/product_cat?post=2458"},{"taxonomy":"product_tag","embeddable":true,"href":"https:\/\/www.medideal.com.br\/en\/wp-json\/wp\/v2\/product_tag?post=2458"}],"curies":[{"name":"wp","href":"https:\/\/api.w.org\/{rel}","templated":true}]}}