{"id":2449,"date":"2023-11-28T13:14:58","date_gmt":"2023-11-28T16:14:58","guid":{"rendered":"https:\/\/www.medideal.com.br\/?post_type=product&#038;p=2449"},"modified":"2024-01-16T16:14:01","modified_gmt":"2024-01-16T19:14:01","slug":"luva-vinil-sem-po-medix-caixa-c-100-unidades","status":"publish","type":"product","link":"https:\/\/www.medideal.com.br\/en\/luva-vinil-sem-po-medix-caixa-c-100-unidades\/","title":{"rendered":"Luva Vinil Sem P\u00f3 Medix &#8211; Caixa C\/ 100 Unidades"},"content":{"rendered":"<div class=\"card__header\">\n<h2 class=\"card__title heading h3\">Descri\u00e7\u00e3o<\/h2>\n<\/div>\n<div class=\"card__section\">\n<div class=\"rte text--pull\">\n<p><strong>Apresenta\u00e7\u00e3o<\/strong><\/p>\n<p>A Luva de Vinil\u00a0para procedimentos n\u00e3o cir\u00fargicos\u00a0sem p\u00f3 \u00e9 indicada para a prote\u00e7\u00e3o das m\u00e3os\u00a0em procedimentos n\u00e3o invasivos, quando n\u00e3o h\u00e1 contato com fluidos corp\u00f3reos passiveis de contamina\u00e7\u00e3o.<\/p>\n<p>Descart\u00e1vel e de uso \u00fanico. Proibido reprocessar.<\/p>\n<p><strong>Benef\u00edcios<\/strong><\/p>\n<ul>\n<li>Lisa;<\/li>\n<li>Ambidestra;<\/li>\n<li>Transparente;<\/li>\n<li>Sem p\u00f3 de amido de milho.<\/li>\n<\/ul>\n<p><strong>Modo de Uso<\/strong><\/p>\n<ol>\n<li>Siga o protocolo para a pr\u00e1tica de higiene das m\u00e3os em servi\u00e7os de sa\u00fade antes de cal\u00e7ar as luvas e ap\u00f3s o descarte das luvas.<\/li>\n<li>Verifique o tamanho adequado para suas m\u00e3os conforme indica\u00e7\u00e3o;<\/li>\n<li>Verifique a integridade da embalagem;<\/li>\n<li>Realize a higiene das m\u00e3os, assegure que as m\u00e3os estejam limpas e secas para o passo seguinte;<\/li>\n<li>Retire a luva da embalagem o mais pr\u00f3ximo poss\u00edvel do momento do uso;<\/li>\n<li>Calce a luva cuidadosamente, sem an\u00e9is, pulseiras, rel\u00f3gios ou outros acess\u00f3rios que possam perfurar o produto;<\/li>\n<li>Ap\u00f3s o uso, retire a luva e descarte-a imediatamente em local adequado;<\/li>\n<li>Realize a higiene das m\u00e3os;N\u00e3o reutilizar ou esterilizar ap\u00f3s o uso. PROIBIDO REPROCESSAR.<\/li>\n<\/ol>\n<p><strong>Especifica\u00e7\u00f5es t\u00e9cnicas<\/strong><\/p>\n<ul>\n<li>N\u00e3o est\u00e9ril;<\/li>\n<li>Ambidestra;<\/li>\n<li>Descart\u00e1vel;<\/li>\n<li>De uso \u00fanico;<\/li>\n<li>Sem p\u00f3 bioabsorv\u00edvel;<\/li>\n<li>Superf\u00edcie lisa;<\/li>\n<li>Espessura m\u00ednima: 0,08mm;<\/li>\n<li>Material: 100% vinil (Policloreto de Vinila).<\/li>\n<li>Cor: transparente.<\/li>\n<li>Tamanhos: P\/M\/G\/GG.<\/li>\n<li>Validade: 5 anos ap\u00f3s a data de fabrica\u00e7\u00e3o.<\/li>\n<li>Caixa contendo 100 unidades<\/li>\n<li>Dimens\u00f5es embalagem: 12,5cm(c) x 24,5cm(l) x 5cm(a)<\/li>\n<li>Peso embalagem: P(350g), M(350g), G(390g), GG(390g)<\/li>\n<li>ANVISA:\u00a080495510103<\/li>\n<\/ul>\n<\/div>\n<\/div>","protected":false},"excerpt":{"rendered":"<p>A Luva de Vinil\u00a0para procedimentos n\u00e3o cir\u00fargicos\u00a0sem p\u00f3 \u00e9 indicada para a prote\u00e7\u00e3o das m\u00e3os\u00a0em procedimentos n\u00e3o invasivos, quando n\u00e3o h\u00e1 contato com fluidos corp\u00f3reos passiveis de contamina\u00e7\u00e3o.<\/p>","protected":false},"featured_media":2450,"comment_status":"open","ping_status":"closed","template":"","meta":{"_joinchat":[]},"product_brand":[],"product_cat":[29],"product_tag":[],"class_list":{"0":"post-2449","1":"product","2":"type-product","3":"status-publish","4":"has-post-thumbnail","6":"product_cat-materiais-de-consumo","8":"first","9":"instock","10":"shipping-taxable","11":"purchasable","12":"product-type-variable"},"_links":{"self":[{"href":"https:\/\/www.medideal.com.br\/en\/wp-json\/wp\/v2\/product\/2449","targetHints":{"allow":["GET"]}}],"collection":[{"href":"https:\/\/www.medideal.com.br\/en\/wp-json\/wp\/v2\/product"}],"about":[{"href":"https:\/\/www.medideal.com.br\/en\/wp-json\/wp\/v2\/types\/product"}],"replies":[{"embeddable":true,"href":"https:\/\/www.medideal.com.br\/en\/wp-json\/wp\/v2\/comments?post=2449"}],"wp:featuredmedia":[{"embeddable":true,"href":"https:\/\/www.medideal.com.br\/en\/wp-json\/wp\/v2\/media\/2450"}],"wp:attachment":[{"href":"https:\/\/www.medideal.com.br\/en\/wp-json\/wp\/v2\/media?parent=2449"}],"wp:term":[{"taxonomy":"product_brand","embeddable":true,"href":"https:\/\/www.medideal.com.br\/en\/wp-json\/wp\/v2\/product_brand?post=2449"},{"taxonomy":"product_cat","embeddable":true,"href":"https:\/\/www.medideal.com.br\/en\/wp-json\/wp\/v2\/product_cat?post=2449"},{"taxonomy":"product_tag","embeddable":true,"href":"https:\/\/www.medideal.com.br\/en\/wp-json\/wp\/v2\/product_tag?post=2449"}],"curies":[{"name":"wp","href":"https:\/\/api.w.org\/{rel}","templated":true}]}}