{"id":2443,"date":"2023-11-28T13:10:21","date_gmt":"2023-11-28T16:10:21","guid":{"rendered":"https:\/\/www.medideal.com.br\/?post_type=product&#038;p=2443"},"modified":"2024-01-26T19:10:34","modified_gmt":"2024-01-26T22:10:34","slug":"luva-nitrilica-azul-medix-caixa-c-100-unidades","status":"publish","type":"product","link":"https:\/\/www.medideal.com.br\/en\/luva-nitrilica-azul-medix-caixa-c-100-unidades\/","title":{"rendered":"Luva Nitr\u00edlica Azul Medix &#8211; Caixa C\/ 100 Unidades"},"content":{"rendered":"<div class=\"card__header\">\n<h2 class=\"card__title heading h3\">Descri\u00e7\u00e3o<\/h2>\n<\/div>\n<div class=\"card__section\">\n<div class=\"rte text--pull\">\n<p><strong>Descri\u00e7\u00e3o<\/strong><\/p>\n<p><strong>Apresenta\u00e7\u00e3o<\/strong><\/p>\n<p>Produzida em nitrilo, a Luva Nitr\u00edlica Azul \u00e9 destinada \u00e0 seguran\u00e7a e prote\u00e7\u00e3o durante procedimentos n\u00e3o cir\u00fargicos.<br \/>\nAmbidestra e com punho de acabamento enrolado, \u00e9 de f\u00e1cil coloca\u00e7\u00e3o e retirada.<\/p>\n<p><strong>Benef\u00edcios<\/strong><\/p>\n<ul>\n<li>Possui punho com acabamento enrolado;<\/li>\n<li>Sem p\u00f3.<\/li>\n<\/ul>\n<p><strong>Modo de uso<\/strong><\/p>\n<ol>\n<li>Verifique o tamanho adequado para suas m\u00e3os conforme indica\u00e7\u00e3o*;<\/li>\n<li>Verifique a integridade da embalagem;<\/li>\n<li>Realize a higiene das m\u00e3os, assegure que as m\u00e3os estejam limpas e secas para o passo seguinte;<\/li>\n<li>Retire a luva da embalagem o mais pr\u00f3ximo poss\u00edvel do momento do uso;<\/li>\n<li>Calce a luva cuidadosamente, sem an\u00e9is, pulseiras, rel\u00f3gios ou outros acess\u00f3rios que possam perfurar o produto;<\/li>\n<li>Ap\u00f3s o uso, retire a luva e descarte-a imediatamente em local adequado;<\/li>\n<li>Realize a higiene das m\u00e3os;<\/li>\n<\/ol>\n<p>N\u00e3o reutilizar ou esterilizar ap\u00f3s o uso. PROIBIDO REPROCESSAR.<\/p>\n<p><strong>Especifica\u00e7\u00f5es t\u00e9cnicas<\/strong><\/p>\n<ul>\n<li>Possui punho com acabamento enrolado;<\/li>\n<li>Descart\u00e1vel e de uso \u00fanico;<\/li>\n<li>Ambidestra;<\/li>\n<li>N\u00e3o est\u00e9ril;<\/li>\n<li>Sem p\u00f3.<\/li>\n<li>Material: borracha sint\u00e9tica (nitrilo)<\/li>\n<li>Cor: azul<\/li>\n<li>Tamanhos: P \/ M \/ G<\/li>\n<li>Validade: 3 anos ap\u00f3s a data de fabrica\u00e7\u00e3o.<\/li>\n<li>Embalagem: caixa 100 unidades (50 pares)<\/li>\n<li>Dimens\u00f5es embalagem interna:\u00a012,5cm(c) x 24,5cm(l) x 4cm(a)<\/li>\n<li>Peso embalagem: PP(320g),\u00a0P(350g), M(350g), G(390g)<\/li>\n<li>ANVISA:\u00a080495510020<\/li>\n<\/ul>\n<\/div>\n<\/div>","protected":false},"excerpt":{"rendered":"<p>Produzida em nitrilo, a Luva Nitr\u00edlica Azul \u00e9 destinada \u00e0 seguran\u00e7a e prote\u00e7\u00e3o durante procedimentos n\u00e3o cir\u00fargicos.<\/p>","protected":false},"featured_media":2447,"comment_status":"open","ping_status":"closed","template":"","meta":{"_joinchat":[]},"product_brand":[],"product_cat":[29,118],"product_tag":[],"class_list":{"0":"post-2443","1":"product","2":"type-product","3":"status-publish","4":"has-post-thumbnail","6":"product_cat-materiais-de-consumo","7":"product_cat-ofertas","9":"first","10":"instock","11":"shipping-taxable","12":"purchasable","13":"product-type-variable"},"_links":{"self":[{"href":"https:\/\/www.medideal.com.br\/en\/wp-json\/wp\/v2\/product\/2443","targetHints":{"allow":["GET"]}}],"collection":[{"href":"https:\/\/www.medideal.com.br\/en\/wp-json\/wp\/v2\/product"}],"about":[{"href":"https:\/\/www.medideal.com.br\/en\/wp-json\/wp\/v2\/types\/product"}],"replies":[{"embeddable":true,"href":"https:\/\/www.medideal.com.br\/en\/wp-json\/wp\/v2\/comments?post=2443"}],"wp:featuredmedia":[{"embeddable":true,"href":"https:\/\/www.medideal.com.br\/en\/wp-json\/wp\/v2\/media\/2447"}],"wp:attachment":[{"href":"https:\/\/www.medideal.com.br\/en\/wp-json\/wp\/v2\/media?parent=2443"}],"wp:term":[{"taxonomy":"product_brand","embeddable":true,"href":"https:\/\/www.medideal.com.br\/en\/wp-json\/wp\/v2\/product_brand?post=2443"},{"taxonomy":"product_cat","embeddable":true,"href":"https:\/\/www.medideal.com.br\/en\/wp-json\/wp\/v2\/product_cat?post=2443"},{"taxonomy":"product_tag","embeddable":true,"href":"https:\/\/www.medideal.com.br\/en\/wp-json\/wp\/v2\/product_tag?post=2443"}],"curies":[{"name":"wp","href":"https:\/\/api.w.org\/{rel}","templated":true}]}}