{"id":2437,"date":"2023-11-28T13:04:11","date_gmt":"2023-11-28T16:04:11","guid":{"rendered":"https:\/\/www.medideal.com.br\/?post_type=product&#038;p=2437"},"modified":"2024-02-06T12:08:46","modified_gmt":"2024-02-06T15:08:46","slug":"luva-latex-com-po-medix-caixa-c-100-unidades","status":"publish","type":"product","link":"https:\/\/www.medideal.com.br\/en\/luva-latex-com-po-medix-caixa-c-100-unidades\/","title":{"rendered":"Luva L\u00e1tex Com P\u00f3 &#8211; Caixa C\/ 100 Unidades"},"content":{"rendered":"<div class=\"card__header\">\n<h2 class=\"card__title heading h3\">Descri\u00e7\u00e3o<\/h2>\n<\/div>\n<div class=\"card__section\">\n<div class=\"rte text--pull\">\n<h2>Apresenta\u00e7\u00e3o<\/h2>\n<p>A Luva de L\u00e1tex com p\u00f3 \u00e9 feita com l\u00e1tex de borracha 100% natural. Lisa, ambidestra, n\u00e3o esterilizada e de cor natural, cont\u00e9m p\u00f3 de amido de milho Grau U.S.P que \u00e9 bioabsorv\u00edvel e facilita os processos de coloca\u00e7\u00e3o e retirada.<\/p>\n<p>Indicada para procedimentos n\u00e3o cir\u00fargicos, proporciona uma barreira contra contamina\u00e7\u00e3o.<\/p>\n<p>Produto descart\u00e1vel e de uso \u00fanico.<\/p>\n<h2>Benef\u00edcios<\/h2>\n<ul>\n<li>Cont\u00e9m p\u00f3 bioabsorv\u00edvel (Grau U.S.P);<\/li>\n<li>Possui punho com acabamento enrolado facilitando a coloca\u00e7\u00e3o e retirada;<\/li>\n<li>Barreira contra contamina\u00e7\u00e3o.<\/li>\n<\/ul>\n<h2>Modo de Uso<\/h2>\n<ul>\n<li>Verifique o tamanho adequado para suas m\u00e3os conforme indica\u00e7\u00e3o;<\/li>\n<li>Verifique a integridade da embalagem;<\/li>\n<li>Realize a higiene das m\u00e3os, assegure que as m\u00e3os estejam limpas e secas para o passo seguinte;<\/li>\n<li>Retire a luva da embalagem o mais pr\u00f3ximo poss\u00edvel do momento do uso;<\/li>\n<li>Calce a luva cuidadosamente, sem an\u00e9is, pulseiras, rel\u00f3gios ou outros acess\u00f3rios que possam perfurar o produto;<\/li>\n<li>Ap\u00f3s o uso, retire a luva e descarte-a imediatamente em local adequado;<\/li>\n<li>Realize a higiene das m\u00e3os;<\/li>\n<li>N\u00e3o reutilizar ou esterilizar ap\u00f3s o uso.<\/li>\n<li>PROIBIDO REPROCESSAR.<\/li>\n<\/ul>\n<h2>Especifica\u00e7\u00f5es t\u00e9cnicas<\/h2>\n<ul>\n<li>Possui punho com acabamento enrolado;<\/li>\n<li>Descart\u00e1vel e de uso \u00fanico;<\/li>\n<li>Ambidestra;<\/li>\n<li>N\u00e3o est\u00e9ril;<\/li>\n<li>Com p\u00f3.<\/li>\n<li>Material: l\u00e1tex de borracha 100% natural.<\/li>\n<li>Cor: natural.<\/li>\n<li>Tamanhos: PP\/P\/M\/G<\/li>\n<li>Validade: 5 anos ap\u00f3s a data de fabrica\u00e7\u00e3o.<\/li>\n<li>Caixa contendo 100 unidades.<\/li>\n<li>Dimens\u00f5es embalagem:\u00a011cm(c) x 20cm(l) x 6,5cm(a).<\/li>\n<li>Peso embalagem:\u00a0\u00a0PP(320g), P(350g), M(350g), G(390g).<\/li>\n<li>ANVISA:\u00a080495510025<\/li>\n<\/ul>\n<\/div>\n<\/div>","protected":false},"excerpt":{"rendered":"<p>A Luva de L\u00e1tex com p\u00f3 \u00e9 feita com l\u00e1tex de borracha 100% natural. Lisa, ambidestra, n\u00e3o esterilizada e de cor natural, cont\u00e9m p\u00f3 de amido de milho Grau U.S.P que \u00e9 bioabsorv\u00edvel e facilita os processos de coloca\u00e7\u00e3o e retirada.<\/p>","protected":false},"featured_media":2438,"comment_status":"open","ping_status":"closed","template":"","meta":{"_joinchat":[]},"product_brand":[],"product_cat":[29],"product_tag":[],"class_list":{"0":"post-2437","1":"product","2":"type-product","3":"status-publish","4":"has-post-thumbnail","6":"product_cat-materiais-de-consumo","8":"first","9":"instock","10":"shipping-taxable","11":"purchasable","12":"product-type-variable"},"_links":{"self":[{"href":"https:\/\/www.medideal.com.br\/en\/wp-json\/wp\/v2\/product\/2437","targetHints":{"allow":["GET"]}}],"collection":[{"href":"https:\/\/www.medideal.com.br\/en\/wp-json\/wp\/v2\/product"}],"about":[{"href":"https:\/\/www.medideal.com.br\/en\/wp-json\/wp\/v2\/types\/product"}],"replies":[{"embeddable":true,"href":"https:\/\/www.medideal.com.br\/en\/wp-json\/wp\/v2\/comments?post=2437"}],"wp:featuredmedia":[{"embeddable":true,"href":"https:\/\/www.medideal.com.br\/en\/wp-json\/wp\/v2\/media\/2438"}],"wp:attachment":[{"href":"https:\/\/www.medideal.com.br\/en\/wp-json\/wp\/v2\/media?parent=2437"}],"wp:term":[{"taxonomy":"product_brand","embeddable":true,"href":"https:\/\/www.medideal.com.br\/en\/wp-json\/wp\/v2\/product_brand?post=2437"},{"taxonomy":"product_cat","embeddable":true,"href":"https:\/\/www.medideal.com.br\/en\/wp-json\/wp\/v2\/product_cat?post=2437"},{"taxonomy":"product_tag","embeddable":true,"href":"https:\/\/www.medideal.com.br\/en\/wp-json\/wp\/v2\/product_tag?post=2437"}],"curies":[{"name":"wp","href":"https:\/\/api.w.org\/{rel}","templated":true}]}}