{"id":2429,"date":"2023-11-28T12:58:22","date_gmt":"2023-11-28T15:58:22","guid":{"rendered":"https:\/\/www.medideal.com.br\/?post_type=product&#038;p=2429"},"modified":"2024-01-16T15:57:01","modified_gmt":"2024-01-16T18:57:01","slug":"luva-cirurgica-esteril-de-latex-com-po-medix-par","status":"publish","type":"product","link":"https:\/\/www.medideal.com.br\/en\/luva-cirurgica-esteril-de-latex-com-po-medix-par\/","title":{"rendered":"Luva Cir\u00fargica Est\u00e9ril de L\u00e1tex Com P\u00f3 Medix &#8211; Par"},"content":{"rendered":"<div class=\"card__header\">\n<h2 class=\"card__title heading h3\">Descri\u00e7\u00e3o<\/h2>\n<\/div>\n<div class=\"card__section\">\n<div class=\"rte text--pull\">\n<h2><b>Apresenta\u00e7\u00e3o<\/b><\/h2>\n<p>A Luva Cir\u00fargica Est\u00e9ril \u00e9 feita\u00a0com l\u00e1tex de borracha 100% natural*.<\/p>\n<p>Texturizada na palma da m\u00e3o, anat\u00f4mica, contendo p\u00f3 de amido de milho bioabsorv\u00edvel em seu interior e punho com acabamento enrolado no seu fim, \u00e9 de\u00a0f\u00e1cil coloca\u00e7\u00e3o e retirada.<\/p>\n<p>Esterilizada por GAMA, \u00e9 indicada para procedimentos cir\u00fargicos e proporciona uma barreira contra contamina\u00e7\u00e3o.<\/p>\n<p>Produto descart\u00e1vel e de uso \u00fanico. Proibido reprocessar e necess\u00e1rio descartar em local para materiais contaminados ap\u00f3s o uso.<\/p>\n<h2><b>Benef\u00edcios<\/b><\/h2>\n<ul>\n<li>Esterilizada por GAMA;<\/li>\n<li>Anat\u00f4mica;<\/li>\n<li>Com p\u00f3.<\/li>\n<\/ul>\n<h2><b>Modo de Uso<\/b><\/h2>\n<ol>\n<li>Verifique o tamanho adequado para suas m\u00e3os;<\/li>\n<li>Verifique a integridade da embalagem;<\/li>\n<li>Realize a higiene das m\u00e3os, assegure que as m\u00e3os estejam limpas e secas para o passo seguinte;<\/li>\n<li>Retire a luva da embalagem o mais pr\u00f3ximo poss\u00edvel do momento do uso;<\/li>\n<li>Calce a luva cuidadosamente, sem an\u00e9is, pulseiras, rel\u00f3gios ou outros acess\u00f3rios que possam perfurar o produto;<\/li>\n<li>Ap\u00f3s o uso, retire a luva e descarte-a imediatamente em local em local para materiais contaminados;<\/li>\n<li>Realize a higiene das m\u00e3os.<\/li>\n<\/ol>\n<p>*Cont\u00e9m l\u00e1tex natural. Pode causar alergia.<br \/>\nN\u00e3o reutilizar ou esterilizar ap\u00f3s o uso. PROIBIDO REPROCESSAR.<\/p>\n<h2><b>Indica\u00e7\u00f5es de Uso<\/b><\/h2>\n<p>Destinada aos procedimentos cir\u00fargicos e aos que oferecem risco de contamina\u00e7\u00e3o por pat\u00f3genos. Utilizada para a prote\u00e7\u00e3o contra agentes biol\u00f3gicos.<\/p>\n<h2><b>Especifica\u00e7\u00e3o T\u00e9cnica<\/b><\/h2>\n<ul>\n<li>Cont\u00e9m p\u00f3 de amido de milho bioabsorv\u00edvel em seu interior;<\/li>\n<li>Possui punho com acabamento enrolado;<\/li>\n<li>Embalada em papel grau cir\u00fargico;<\/li>\n<li>Texturizada na palma da m\u00e3o;<\/li>\n<li>Esterilizada por GAMA;<\/li>\n<li>De uso \u00fanico;<\/li>\n<li>Descart\u00e1vel;<\/li>\n<li>Anat\u00f4mica.<\/li>\n<li>Material: l\u00e1tex de borracha 100% natural.<\/li>\n<li>Cor: natural.<\/li>\n<li>Tamanhos: 6.5, 7.0, 7.5, 8.0, 8.5;<\/li>\n<li>Validade: v\u00e1lida por 3 anos caso a embalagem n\u00e3o seja danificada. Esteriliza\u00e7\u00e3o v\u00e1lida por tr\u00eas anos caso a embalagem n\u00e3o seja danificada.<\/li>\n<li>Embalagem:\u00a0envelope contendo um par de luvas esterilizadas.<\/li>\n<li>Dimens\u00f5es embalagem: 25cm(c) x 13,5cm(l) x 5mm(a).<\/li>\n<li>Peso embalagem: 6.5, 7.0, 7.5, 8.0 (30g) \/ 8.5 (40g).<\/li>\n<li>Possui selo Inmetro<\/li>\n<li>ANVISA: 80495510064<\/li>\n<\/ul>\n<\/div>\n<\/div>","protected":false},"excerpt":{"rendered":"<p>A Luva Cir\u00fargica Est\u00e9ril \u00e9 feita com l\u00e1tex de borracha 100% natural.<\/p>","protected":false},"featured_media":2430,"comment_status":"open","ping_status":"closed","template":"","meta":{"_joinchat":[]},"product_brand":[],"product_cat":[29],"product_tag":[],"class_list":{"0":"post-2429","1":"product","2":"type-product","3":"status-publish","4":"has-post-thumbnail","6":"product_cat-materiais-de-consumo","8":"first","9":"instock","10":"shipping-taxable","11":"purchasable","12":"product-type-variable"},"_links":{"self":[{"href":"https:\/\/www.medideal.com.br\/en\/wp-json\/wp\/v2\/product\/2429","targetHints":{"allow":["GET"]}}],"collection":[{"href":"https:\/\/www.medideal.com.br\/en\/wp-json\/wp\/v2\/product"}],"about":[{"href":"https:\/\/www.medideal.com.br\/en\/wp-json\/wp\/v2\/types\/product"}],"replies":[{"embeddable":true,"href":"https:\/\/www.medideal.com.br\/en\/wp-json\/wp\/v2\/comments?post=2429"}],"wp:featuredmedia":[{"embeddable":true,"href":"https:\/\/www.medideal.com.br\/en\/wp-json\/wp\/v2\/media\/2430"}],"wp:attachment":[{"href":"https:\/\/www.medideal.com.br\/en\/wp-json\/wp\/v2\/media?parent=2429"}],"wp:term":[{"taxonomy":"product_brand","embeddable":true,"href":"https:\/\/www.medideal.com.br\/en\/wp-json\/wp\/v2\/product_brand?post=2429"},{"taxonomy":"product_cat","embeddable":true,"href":"https:\/\/www.medideal.com.br\/en\/wp-json\/wp\/v2\/product_cat?post=2429"},{"taxonomy":"product_tag","embeddable":true,"href":"https:\/\/www.medideal.com.br\/en\/wp-json\/wp\/v2\/product_tag?post=2429"}],"curies":[{"name":"wp","href":"https:\/\/api.w.org\/{rel}","templated":true}]}}